{"id":1909,"date":"2025-07-16T11:55:27","date_gmt":"2025-07-16T10:55:27","guid":{"rendered":"https:\/\/testing.websbg.com\/?page_id=1909"},"modified":"2025-08-06T13:03:37","modified_gmt":"2025-08-06T12:03:37","slug":"transparenz","status":"publish","type":"page","link":"https:\/\/camelpark.es\/de\/transparenz\/","title":{"rendered":"Transparenz"},"content":{"rendered":"<div data-elementor-type=\"wp-page\" data-elementor-id=\"1909\" class=\"elementor elementor-1909\" data-elementor-post-type=\"page\">\n\t\t\t\t<div class=\"elementor-element elementor-element-723326f e-flex e-con-boxed e-con e-parent\" data-id=\"723326f\" data-element_type=\"container\" data-e-type=\"container\" data-settings=\"{&quot;background_background&quot;:&quot;classic&quot;}\">\n\t\t\t\t\t<div class=\"e-con-inner\">\n\t\t\t\t<div class=\"elementor-element elementor-element-ae36412 elementor-widget elementor-widget-heading\" data-id=\"ae36412\" data-element_type=\"widget\" data-e-type=\"widget\" data-widget_type=\"heading.default\">\n\t\t\t\t<div class=\"elementor-widget-container\">\n\t\t\t\t\t<h1 class=\"elementor-heading-title elementor-size-default\">Transparenz<\/h1>\t\t\t\t<\/div>\n\t\t\t\t<\/div>\n\t\t\t\t\t<\/div>\n\t\t\t\t<\/div>\n\t\t<div class=\"elementor-element elementor-element-645e8ca2 e-flex e-con-boxed e-con e-parent\" data-id=\"645e8ca2\" data-element_type=\"container\" data-e-type=\"container\">\n\t\t\t\t\t<div class=\"e-con-inner\">\n\t\t\t\t<div class=\"elementor-element elementor-element-536de7ed elementor-widget elementor-widget-text-editor\" data-id=\"536de7ed\" data-element_type=\"widget\" data-e-type=\"widget\" data-widget_type=\"text-editor.default\">\n\t\t\t\t<div class=\"elementor-widget-container\">\n\t\t\t\t\t\t\t\t\t\n<div class=\"vc_row wpb_row vc_row-fluid mpc-row\">\n<div class=\"wpb_column vc_column_container vc_col-sm-12 mpc-column\" data-column-id=\"mpc_column-9368778513e3e57\">\n<div class=\"vc_column-inner\">\n<div class=\"wpb_wrapper\">\n<div class=\"wpb_text_column wpb_content_element\">\n<div class=\"wpb_wrapper\">\n<h3 data-start=\"63\" data-end=\"95\">Institutionelle Informationen<\/h3>\n<p data-start=\"97\" data-end=\"205\"><strong data-start=\"97\" data-end=\"114\">Zuletzt aktualisiert:<\/strong> 30. November 2022<br data-start=\"132\" data-end=\"135\" \/>Aquikaguaya, S.L. ist ein privates Unternehmen, das auf den Kanarischen Inseln t\u00e4tig ist.<\/p>\n<h3 data-start=\"207\" data-end=\"233\">1. Allgemeine Informationen<\/h3>\n<p data-start=\"235\" data-end=\"619\">Ein 1988 gegr\u00fcndetes Familienunternehmen. Seine Geschichte begann auf Teneriffa, als ein Ehepaar seine jeweiligen Jobs in der Hauptstadt aufgab, um einen Kamelreitpark f\u00fcr Touristen und Einheimische zu er\u00f6ffnen.<br data-start=\"416\" data-end=\"419\" \/>Anfangs boten sie nur Kamelritte an, sp\u00e4ter erwarben sie ein eigenes Anwesen und schufen geeignete Einrichtungen, um den Kunden einen besseren Service zu bieten, darunter ein Restaurant und einen Souvenirladen.<\/p>\n<hr data-start=\"621\" data-end=\"624\" \/>\n<h3 data-start=\"626\" data-end=\"659\">2. Organisatorische Informationen<\/h3>\n<p data-start=\"661\" data-end=\"696\"><strong data-start=\"661\" data-end=\"678\">Zuletzt aktualisiert:<\/strong> 30. November 2022<\/p>\n<p data-start=\"698\" data-end=\"759\"><strong data-start=\"698\" data-end=\"726\">2.1 Organigramm<\/strong><br data-start=\"726\" data-end=\"729\" \/><strong data-start=\"729\" data-end=\"759\">2.2 Anwendbare Vorschriften<\/strong><\/p>\n<p data-start=\"761\" data-end=\"777\"><strong data-start=\"761\" data-end=\"777\">Transparenz<\/strong><\/p>\n<ul data-start=\"779\" data-end=\"995\">\n<li data-start=\"779\" data-end=\"896\">\n<p data-start=\"781\" data-end=\"896\"><strong data-start=\"781\" data-end=\"797\">Nationales Recht<\/strong>: Gesetz 19\/2013 vom 9. Dezember \u00fcber Transparenz, Zugang zu \u00f6ffentlichen Informationen und gute Regierungsf\u00fchrung.<\/p>\n<\/li>\n<li data-start=\"897\" data-end=\"995\">\n<p data-start=\"899\" data-end=\"995\"><strong data-start=\"899\" data-end=\"915\">Regionales Recht<\/strong>: Gesetz 12\/2014 vom 26. Dezember \u00fcber Transparenz und Zugang zu \u00f6ffentlichen Informationen.<\/p>\n<\/li>\n<\/ul>\n<p data-start=\"997\" data-end=\"1016\"><strong data-start=\"997\" data-end=\"1016\">Datenschutz<\/strong><\/p>\n<ul data-start=\"1018\" data-end=\"1122\">\n<li data-start=\"1018\" data-end=\"1122\">\n<p data-start=\"1020\" data-end=\"1122\">Organgesetz 3\/2018 vom 5. Dezember \u00fcber den Schutz personenbezogener Daten und die Gew\u00e4hrleistung der digitalen Rechte.<\/p>\n<\/li>\n<\/ul>\n<p data-start=\"1124\" data-end=\"1138\"><strong data-start=\"1124\" data-end=\"1138\">B\u00fcrgerliches Gesetzbuch<\/strong><\/p>\n<ul data-start=\"1140\" data-end=\"1207\">\n<li data-start=\"1140\" data-end=\"1207\">\n<p data-start=\"1142\" data-end=\"1207\">K\u00f6niglicher Erlass vom 24. Juli 1889 zur Ver\u00f6ffentlichung des spanischen Zivilgesetzbuches.<\/p>\n<\/li>\n<\/ul>\n<p data-start=\"1209\" data-end=\"1232\"><strong data-start=\"1209\" data-end=\"1232\">Handelsregister<\/strong><\/p>\n<ul data-start=\"1234\" data-end=\"1318\">\n<li data-start=\"1234\" data-end=\"1318\">\n<p data-start=\"1236\" data-end=\"1318\">K\u00f6niglicher Erlass 1784\/1996 vom 19. Juli zur Genehmigung der Handelsregisterordnung.<\/p>\n<\/li>\n<\/ul>\n<p data-start=\"1320\" data-end=\"1340\"><strong data-start=\"1320\" data-end=\"1340\">Arbeiterstatut<\/strong><\/p>\n<ul data-start=\"1342\" data-end=\"1447\">\n<li data-start=\"1342\" data-end=\"1447\">\n<p data-start=\"1344\" data-end=\"1447\">K\u00f6niglicher Gesetzeserlass 2\/2015 vom 23. Oktober zur Genehmigung des \u00fcberarbeiteten Textes des Arbeiterstatutsgesetzes.<\/p>\n<\/li>\n<\/ul>\n<p data-start=\"1449\" data-end=\"1494\"><strong data-start=\"1449\" data-end=\"1494\">2.3 Informationen \u00fcber die Aufgaben der Einrichtung<\/strong><\/p>\n<p data-start=\"1496\" data-end=\"1521\">Der Zweck des Unternehmens ist:<\/p>\n<ul data-start=\"1523\" data-end=\"1922\">\n<li data-start=\"1523\" data-end=\"1631\">\n<p data-start=\"1525\" data-end=\"1631\">Durchf\u00fchrung und Organisation von Exkursionen mit Tieren, einschlie\u00dflich Besuchen auf Bauernh\u00f6fen mit verschiedenen Tieren.<\/p>\n<\/li>\n<li data-start=\"1632\" data-end=\"1767\">\n<p data-start=\"1634\" data-end=\"1767\">Bau, Erwerb, Einrichtung und Betrieb von Fremdenverkehrseinrichtungen wie Bars, Restaurants und Souvenirl\u00e4den.<\/p>\n<\/li>\n<li data-start=\"1768\" data-end=\"1922\">\n<p data-start=\"1770\" data-end=\"1922\">Freizeitaktivit\u00e4ten aller Art im Zusammenhang mit und f\u00fcr den Tourismus, wie z. B. die Organisation von Ausfl\u00fcgen, Grillfesten, Picknicks, Musikveranstaltungen, Unterhaltung usw.<\/p>\n<\/li>\n<\/ul>\n<hr data-start=\"1924\" data-end=\"1927\" \/>\n<h3 data-start=\"1929\" data-end=\"1970\">3. Finanzielle und wirtschaftliche Informationen<\/h3>\n<p data-start=\"1972\" data-end=\"2007\"><strong data-start=\"1972\" data-end=\"1989\">Zuletzt aktualisiert:<\/strong> 30. November 2022<\/p>\n<p data-start=\"2009\" data-end=\"2152\">Der Jahresabschluss f\u00fcr das Gesch\u00e4ftsjahr 2018 wurde beim Handelsregister von Santa Cruz de Tenerife unter dem Aktenzeichen 2\/2019\/508921 hinterlegt.<\/p>\n<p data-start=\"2154\" data-end=\"2252\">Der Jahresabschluss f\u00fcr das Gesch\u00e4ftsjahr 2021 ist noch nicht beim Handelsregister hinterlegt worden.<\/p>\n<hr data-start=\"2254\" data-end=\"2257\" \/>\n<h3 data-start=\"2259\" data-end=\"2303\">4. Vertr\u00e4ge mit \u00f6ffentlichen Verwaltungen<\/h3>\n<p data-start=\"2305\" data-end=\"2340\"><strong data-start=\"2305\" data-end=\"2322\">Zuletzt aktualisiert:<\/strong> 30. November 2022<\/p>\n<p data-start=\"2342\" data-end=\"2442\">Aquikaguaya, S.L. hat im Jahr 2021 keine Vertr\u00e4ge mit \u00f6ffentlichen Verwaltungen abgeschlossen oder gek\u00fcndigt.<\/p>\n<hr data-start=\"2444\" data-end=\"2447\" \/>\n<h3 data-start=\"2449\" data-end=\"2494\">5. Vereinbarungen mit \u00f6ffentlichen Verwaltungen<\/h3>\n<p data-start=\"2496\" data-end=\"2531\"><strong data-start=\"2496\" data-end=\"2513\">Zuletzt aktualisiert:<\/strong> 30. November 2022<\/p>\n<p data-start=\"2533\" data-end=\"2621\">Aquikaguaya, S.L. hat im Jahr 2021 keine Vereinbarungen mit \u00f6ffentlichen Verwaltungen getroffen.<\/p>\n<hr data-start=\"2623\" data-end=\"2626\" \/>\n<h3 data-start=\"2628\" data-end=\"2677\">6. Beihilfen und Zusch\u00fcsse von \u00f6ffentlichen Verwaltungen<\/h3>\n<p data-start=\"2679\" data-end=\"3073\">Diese Informationen werden von den Organen und Einrichtungen der \u00f6ffentlichen Verwaltungen an die Nationale Subventionsdatenbank \u00fcbermittelt und stehen im Einklang mit den Bestimmungen des Organgesetzes 3\/2018 vom 5. Dezember \u00fcber den Schutz personenbezogener Daten und die Gew\u00e4hrleistung der digitalen Rechte.<br data-start=\"2950\" data-end=\"2953\" \/>Einspruchs-, Berichtigungs- und L\u00f6schungsrechte m\u00fcssen gegen\u00fcber der Stelle oder Einrichtung, die die jeweilige Subvention gew\u00e4hrt, geltend gemacht werden.<\/p>\n<hr data-start=\"3075\" data-end=\"3078\" \/>\n<h3 data-start=\"3080\" data-end=\"3171\">7. Jahresbericht \u00fcber den Grad der Umsetzung des kanarischen Transparenzgesetzes<\/h3>\n<p data-start=\"3173\" data-end=\"3208\"><strong data-start=\"3173\" data-end=\"3190\">Zuletzt aktualisiert:<\/strong> 30. November 2022<\/p>\n<p data-start=\"3210\" data-end=\"3466\"><strong data-start=\"3210\" data-end=\"3231\">Weitere Informationen:<\/strong> <a class=\"\" href=\"https:\/\/transparenciacanarias.org\/\" target=\"_new\" rel=\"noopener nofollow\" data-start=\"3232\" data-end=\"3304\">https:\/\/transparenciacanarias.org\/<\/a><br data-start=\"3304\" data-end=\"3307\" \/><strong data-start=\"3307\" data-end=\"3345\">Nationale und regionale Vorschriften:<\/strong> <a class=\"\" href=\"https:\/\/transparenciacanarias.org\/que-hacemos\/legislacion\/\" target=\"_new\" rel=\"noopener nofollow\" data-start=\"3346\" data-end=\"3466\">https:\/\/transparenciacanarias.org\/que-hacemos\/legislacion\/<\/a><\/p>\n<\/div>\n<\/div>\n<\/div>\n<\/div>\n<\/div>\n<\/div>\n<div class=\"vc_row wpb_row vc_row-fluid mpc-row\">\n<div class=\"wpb_column vc_column_container vc_col-sm-12 mpc-column\" data-column-id=\"mpc_column-5168778513e69e8\">\n<div class=\"vc_column-inner\">\n<div class=\"wpb_wrapper\">\n<div class=\"wpb_text_column wpb_content_element\">\n<div class=\"wpb_wrapper\">\u00a0<\/div>\n<\/div>\n<\/div>\n<\/div>\n<\/div>\n<\/div>\n\t\t\t\t\t\t\t\t<\/div>\n\t\t\t\t<\/div>\n\t\t\t\t\t<\/div>\n\t\t\t\t<\/div>\n\t\t\t\t<\/div>","protected":false},"excerpt":{"rendered":"<p>Transparency Institutional Information Last updated: November 30, 2022Aquikaguaya, S.L. is a private entity operating in the Canary Islands. 1. General Information A family-owned business founded in 1988. Its story began in Tenerife when a couple left their respective jobs in the capital to start a camel ride park for both tourists and locals.In the beginning, [&hellip;]<\/p>\n","protected":false},"author":18,"featured_media":0,"parent":0,"menu_order":0,"comment_status":"closed","ping_status":"closed","template":"","meta":{"_acf_changed":false,"footnotes":""},"class_list":["post-1909","page","type-page","status-publish","hentry"],"acf":[],"_links":{"self":[{"href":"https:\/\/camelpark.es\/de\/wp-json\/wp\/v2\/pages\/1909","targetHints":{"allow":["GET"]}}],"collection":[{"href":"https:\/\/camelpark.es\/de\/wp-json\/wp\/v2\/pages"}],"about":[{"href":"https:\/\/camelpark.es\/de\/wp-json\/wp\/v2\/types\/page"}],"author":[{"embeddable":true,"href":"https:\/\/camelpark.es\/de\/wp-json\/wp\/v2\/users\/18"}],"replies":[{"embeddable":true,"href":"https:\/\/camelpark.es\/de\/wp-json\/wp\/v2\/comments?post=1909"}],"version-history":[{"count":5,"href":"https:\/\/camelpark.es\/de\/wp-json\/wp\/v2\/pages\/1909\/revisions"}],"predecessor-version":[{"id":2060,"href":"https:\/\/camelpark.es\/de\/wp-json\/wp\/v2\/pages\/1909\/revisions\/2060"}],"wp:attachment":[{"href":"https:\/\/camelpark.es\/de\/wp-json\/wp\/v2\/media?parent=1909"}],"curies":[{"name":"wp","href":"https:\/\/api.w.org\/{rel}","templated":true}]}}