{"id":1919,"date":"2025-07-16T12:05:59","date_gmt":"2025-07-16T11:05:59","guid":{"rendered":"https:\/\/testing.websbg.com\/?page_id=1919"},"modified":"2025-08-06T13:31:20","modified_gmt":"2025-08-06T12:31:20","slug":"bedingungen-und-konditionen","status":"publish","type":"page","link":"https:\/\/camelpark.es\/de\/bedingungen-und-konditionen\/","title":{"rendered":"Bedingungen und Konditionen"},"content":{"rendered":"<div data-elementor-type=\"wp-page\" data-elementor-id=\"1919\" class=\"elementor elementor-1919\" data-elementor-post-type=\"page\">\n\t\t\t\t<div class=\"elementor-element elementor-element-723326f e-flex e-con-boxed e-con e-parent\" data-id=\"723326f\" data-element_type=\"container\" data-e-type=\"container\" data-settings=\"{&quot;background_background&quot;:&quot;classic&quot;}\">\n\t\t\t\t\t<div class=\"e-con-inner\">\n\t\t\t\t<div class=\"elementor-element elementor-element-ae36412 elementor-widget elementor-widget-heading\" data-id=\"ae36412\" data-element_type=\"widget\" data-e-type=\"widget\" data-widget_type=\"heading.default\">\n\t\t\t\t<div class=\"elementor-widget-container\">\n\t\t\t\t\t<h1 class=\"elementor-heading-title elementor-size-default\">Bedingungen und Konditionen<\/h1>\t\t\t\t<\/div>\n\t\t\t\t<\/div>\n\t\t\t\t\t<\/div>\n\t\t\t\t<\/div>\n\t\t<div class=\"elementor-element elementor-element-645e8ca2 e-flex e-con-boxed e-con e-parent\" data-id=\"645e8ca2\" data-element_type=\"container\" data-e-type=\"container\">\n\t\t\t\t\t<div class=\"e-con-inner\">\n\t\t\t\t<div class=\"elementor-element elementor-element-536de7ed elementor-widget elementor-widget-text-editor\" data-id=\"536de7ed\" data-element_type=\"widget\" data-e-type=\"widget\" data-widget_type=\"text-editor.default\">\n\t\t\t\t<div class=\"elementor-widget-container\">\n\t\t\t\t\t\t\t\t\t\n<h3>Allgemeine Informationen<\/h3>\n<p>Diese Website wird von Camel Park betrieben, mit dem Gesch\u00e4ftsnamen Camel Park. Auf der gesamten Website werden die Begriffe \"<b>wir<\/b>,\u201d \u201c<b>us<\/b>,\" und \"<b>unser<\/b>\" bezieht sich auf Camel Park. Camel Park bietet diese Website, einschlie\u00dflich aller Informationen, Tools und Dienstleistungen, die Ihnen, dem Nutzer, zur Verf\u00fcgung stehen, unter der Voraussetzung, dass Sie alle hier genannten Bedingungen, Konditionen, Richtlinien und Hinweise akzeptieren.<\/p>\n<p>Indem Sie unsere Website besuchen und\/oder etwas bei uns kaufen, beteiligen Sie sich an unserer \"<b>Dienst<\/b>\"und erkl\u00e4ren sich mit den folgenden Bestimmungen und Bedingungen einverstanden (<b>\"Nutzungsbedingungen\", \"Bedingungen\"<\/b>), einschlie\u00dflich der zus\u00e4tzlichen Bedingungen und Richtlinien, auf die hierin verwiesen wird und\/oder die \u00fcber einen Hyperlink verf\u00fcgbar sind. Diese Nutzungsbedingungen gelten f\u00fcr alle Nutzer der Website, einschlie\u00dflich, aber nicht beschr\u00e4nkt auf Nutzer, die Browser, Verk\u00e4ufer, Kunden, H\u00e4ndler und\/oder Mitwirkende von Inhalten sind.<\/p>\n<p>Bitte lesen Sie diese Nutzungsbedingungen sorgf\u00e4ltig durch, bevor Sie auf unsere Website zugreifen oder diese nutzen. Durch den Zugriff auf die Website oder die Nutzung eines Teils der Website erkl\u00e4ren Sie sich mit diesen Nutzungsbedingungen einverstanden. Wenn Sie nicht mit allen Bedingungen dieser Vereinbarung einverstanden sind, d\u00fcrfen Sie nicht auf die Website zugreifen oder irgendwelche Dienste nutzen. Wenn diese Nutzungsbedingungen als ein Angebot betrachtet werden, ist die Annahme ausdr\u00fccklich auf diese Nutzungsbedingungen beschr\u00e4nkt.<\/p>\n<p>Alle neuen Funktionen oder Tools, die dem aktuellen Shop hinzugef\u00fcgt werden, unterliegen ebenfalls den Nutzungsbedingungen. Sie k\u00f6nnen die aktuellste Version der Allgemeinen Gesch\u00e4ftsbedingungen jederzeit auf dieser Seite einsehen. Wir behalten uns das Recht vor, jeden Teil dieser Nutzungsbedingungen zu aktualisieren, zu \u00e4ndern oder zu ersetzen, indem wir Updates und\/oder \u00c4nderungen auf unserer Website ver\u00f6ffentlichen. Es liegt in Ihrer Verantwortung, diese Seite regelm\u00e4\u00dfig auf \u00c4nderungen zu \u00fcberpr\u00fcfen. Wenn Sie die Website nach der Ver\u00f6ffentlichung von \u00c4nderungen weiterhin nutzen oder darauf zugreifen, erkl\u00e4ren Sie sich mit diesen \u00c4nderungen einverstanden.<\/p>\n<hr \/>\n<p>\u00a0<\/p>\n<h3>Abschnitt 1 - Begriffe aus dem Kamelpark<\/h3>\n<p>Durch die Nutzung dieser Website versichern Sie, dass Sie in dem Land, in dem Sie Ihren Wohnsitz haben, mindestens vollj\u00e4hrig sind, oder dass Sie in dem Land, in dem Sie Ihren Wohnsitz haben, vollj\u00e4hrig sind und uns Ihr Einverst\u00e4ndnis gegeben haben, dass Ihre minderj\u00e4hrigen Angeh\u00f6rigen diese Website nutzen d\u00fcrfen.<\/p>\n<p>Sie d\u00fcrfen unsere Produkte nicht f\u00fcr illegale oder unbefugte Zwecke verwenden, noch d\u00fcrfen Sie bei der Nutzung des Dienstes gegen Gesetze in Ihrer Gerichtsbarkeit versto\u00dfen (einschlie\u00dflich, aber nicht beschr\u00e4nkt auf Urheberrechtsgesetze).<\/p>\n<p>Sie d\u00fcrfen keine W\u00fcrmer oder Viren oder sonstigen zerst\u00f6rerischen Code \u00fcbertragen.<\/p>\n<p>Ein Bruch oder eine Verletzung einer der Bedingungen f\u00fchrt zur sofortigen Beendigung Ihrer Dienste.<\/p>\n<hr \/>\n<p>\u00a0<\/p>\n<h3>Abschnitt 2 - Allgemeine Bedingungen<\/h3>\n<p>Sie nehmen zur Kenntnis, dass Ihre Inhalte (ohne Kreditkarteninformationen) unverschl\u00fcsselt \u00fcbertragen werden k\u00f6nnen und (a) \u00dcbertragungen \u00fcber verschiedene Netzwerke und (b) \u00c4nderungen zur Anpassung an die technischen Anforderungen von Verbindungsnetzwerken oder -ger\u00e4ten beinhalten k\u00f6nnen. Kreditkarteninformationen werden bei der \u00dcbertragung \u00fcber Netzwerke immer verschl\u00fcsselt.<\/p>\n<p>Sie erkl\u00e4ren sich damit einverstanden, keinen Teil des Dienstes, die Nutzung des Dienstes oder den Zugriff auf den Dienst oder einen Kontakt auf der Website, \u00fcber die der Dienst bereitgestellt wird, ohne unsere ausdr\u00fcckliche schriftliche Genehmigung zu reproduzieren, zu duplizieren, zu kopieren, zu verkaufen, weiterzuverkaufen oder zu verwerten.<\/p>\n<p>Die in dieser Vereinbarung verwendeten \u00dcberschriften dienen nur der \u00dcbersichtlichkeit und schr\u00e4nken diese Bedingungen weder ein noch haben sie anderweitige Auswirkungen.<\/p>\n<hr \/>\n<p>\u00a0<\/p>\n<h3>Abschnitt 3 - Produkte oder Dienstleistungen<\/h3>\n<p>Wir haben uns bem\u00fcht, die Farben und Bilder unserer Produkte, die im Laden erscheinen, so genau wie m\u00f6glich darzustellen. Wir k\u00f6nnen nicht garantieren, dass Ihr Computermonitor jede Farbe korrekt anzeigt.<\/p>\n<p>Alle Sonderangebote sind nicht mit anderen Aktionen kombinierbar. Sie sind g\u00fcltig, solange der Vorrat reicht, und sind auf eine Aktion pro Person begrenzt.<\/p>\n<p>Die Verwendung von Gutscheinen ist pers\u00f6nlich, mit nur einem Gutschein pro Benutzer. Ein Coupon pro Bestellung. Jeder Coupon kann spezifische Einschr\u00e4nkungen haben, die auf dem Banner mitgeteilt werden.<\/p>\n<p>Camel Park ist bestrebt, die besten Produkte anzubieten, die unseren Anspr\u00fcchen an die Modepflege gerecht werden, sowie die h\u00f6chsten Anforderungen an die Gesundheitssicherheit und die geltenden gesetzlichen Bestimmungen zu erf\u00fcllen. Sollte eines unserer Produkte nicht den h\u00f6chsten Standards entsprechen, werden wir das Produkt sofort von unserem Marktplatz entfernen.<\/p>\n<hr \/>\n<p>\u00a0<\/p>\n<h3>Abschnitt 4 - Richtigkeit der Abrechnungs- und Kontoinformationen<\/h3>\n<p>Sie k\u00f6nnen die entsprechende Rechnung in elektronischer Form oder in Papierform anfordern, indem Sie eine E-Mail an administrador@CamelPark.com senden.<\/p>\n<p>Wir k\u00f6nnen Sie benachrichtigen, indem wir Sie per E-Mail und\/oder \u00fcber die zum Zeitpunkt der Bestellung angegebene Rechnungsadresse\/Telefonnummer kontaktieren. Wir behalten uns das Recht vor, Bestellungen einzuschr\u00e4nken oder zu verbieten, die nach unserem alleinigen Urteil von H\u00e4ndlern, Wiederverk\u00e4ufern oder Distributoren aufgegeben zu werden scheinen.<\/p>\n<p>Sie erkl\u00e4ren sich damit einverstanden, aktuelle, vollst\u00e4ndige und genaue Kauf- und Kontoinformationen f\u00fcr alle in unserem Shop get\u00e4tigten K\u00e4ufe anzugeben. Sie stimmen zu, Ihr Konto und andere Informationen, einschlie\u00dflich Ihrer E-Mail-Adresse und Kreditkartennummern und Ablaufdaten, umgehend zu aktualisieren, damit wir Ihre Transaktionen abschlie\u00dfen und Sie bei Bedarf kontaktieren k\u00f6nnen.<\/p>\n<p>Weitere Einzelheiten entnehmen Sie bitte unserer R\u00fcckgabepolitik in Abschnitt 18 dieses Dokuments.<\/p>\n<hr \/>\n<p>\u00a0<\/p>\n<h3>Abschnitt 5 - Optionale Werkzeuge<\/h3>\n<p>Wir k\u00f6nnen Ihnen den Zugang zu Tools von Drittanbietern erm\u00f6glichen, die wir weder \u00fcberwachen noch kontrollieren oder beeinflussen k\u00f6nnen.<\/p>\n<p>Sie erkennen an und erkl\u00e4ren sich damit einverstanden, dass wir den Zugang zu solchen Tools \"wie besehen\" und \"wie verf\u00fcgbar\" ohne jegliche Garantien, Zusicherungen oder Bedingungen und ohne jegliche Billigung zur Verf\u00fcgung stellen. Wir \u00fcbernehmen keinerlei Haftung, die sich aus Ihrer Nutzung von optionalen Tools Dritter ergibt oder damit zusammenh\u00e4ngt.<\/p>\n<p>Die Nutzung optionaler Tools, die \u00fcber die Website angeboten werden, erfolgt auf eigene Gefahr und nach eigenem Ermessen, und Sie m\u00fcssen sicherstellen, dass Sie mit den Bedingungen, zu denen die Tools von den jeweiligen Drittanbietern bereitgestellt werden, vertraut sind und ihnen zustimmen.<\/p>\n<p>Wir k\u00f6nnen in Zukunft auch neue Dienste und\/oder Funktionen \u00fcber die Website anbieten (einschlie\u00dflich der Ver\u00f6ffentlichung neuer Tools und Ressourcen). Solche neuen Funktionen und\/oder Dienste unterliegen ebenfalls den vorliegenden Nutzungsbedingungen.<\/p>\n<hr \/>\n<p>\u00a0<\/p>\n<h3>Abschnitt 6 - Links zu Drittanbietern<\/h3>\n<p>Bestimmte Inhalte, Produkte und Dienstleistungen, die \u00fcber unseren Dienst verf\u00fcgbar sind, k\u00f6nnen Materialien von Dritten enthalten.<\/p>\n<p>Links von Dritten auf dieser Website k\u00f6nnen Sie zu Websites Dritter f\u00fchren, die nicht mit uns verbunden sind. Wir sind nicht f\u00fcr die Pr\u00fcfung oder Bewertung des Inhalts oder der Genauigkeit verantwortlich und \u00fcbernehmen keine Haftung oder Verantwortung f\u00fcr Materialien oder Websites von Dritten oder f\u00fcr andere Materialien, Produkte oder Dienstleistungen von Dritten.<\/p>\n<p>Wir haften nicht f\u00fcr Sch\u00e4den, die im Zusammenhang mit dem Kauf oder der Nutzung von Waren und Dienstleistungen entstehen, <span class=\"citation-504 citation-end-504\">Ressourcen, Inhalte oder andere Transaktionen, die in Verbindung mit Websites Dritter durchgef\u00fchrt werden. Bitte lesen Sie die Richtlinien und Praktiken des Dritten sorgf\u00e4ltig durch und vergewissern Sie sich, dass Sie sie verstehen, bevor Sie eine Transaktion durchf\u00fchren. Beschwerden, Anspr\u00fcche, Bedenken oder Fragen<\/span> zu Produkten von Drittanbietern sollten an den jeweiligen Anbieter gerichtet werden.<\/p>\n<div class=\"source-inline-chip-container ng-star-inserted\">\u00a0<\/div>\n<hr \/>\n<p>\u00a0<\/p>\n<h3>Abschnitt 7 - Benutzerkommentare, R\u00fcckmeldungen und andere Einsendungen<\/h3>\n<p>Wenn Sie auf unsere Aufforderung hin bestimmte Beitr\u00e4ge (z. B. Wettbewerbsbeitr\u00e4ge) oder ohne unsere Aufforderung kreative Ideen, Anregungen, Vorschl\u00e4ge, Pl\u00e4ne oder andere Materialien online, per E-Mail, per Post oder auf andere Weise (zusammenfassend als \"Kommentare\" bezeichnet) einsenden, erkl\u00e4ren Sie sich damit einverstanden, dass wir Kommentare, die Sie uns \u00fcbermitteln, jederzeit und ohne Einschr\u00e4nkung bearbeiten, kopieren, ver\u00f6ffentlichen, verbreiten, \u00fcbersetzen und auf andere Weise in einem beliebigen Medium verwenden d\u00fcrfen. Wir sind nicht verpflichtet, (1) Kommentare vertraulich zu behandeln, (2) eine Verg\u00fctung f\u00fcr Kommentare zu zahlen oder (3) auf Kommentare zu antworten.<\/p>\n<p>Wir sind berechtigt, aber nicht verpflichtet, Inhalte zu \u00fcberwachen, zu bearbeiten oder zu entfernen, die nach unserem alleinigen Ermessen rechtswidrig, anst\u00f6\u00dfig, bedrohlich, verleumderisch, diffamierend, pornografisch, obsz\u00f6n oder anderweitig anst\u00f6\u00dfig sind oder das geistige Eigentum einer Partei oder diese Nutzungsbedingungen verletzen.<\/p>\n<p>Sie erkl\u00e4ren sich damit einverstanden, dass Ihre Kommentare keine Rechte Dritter verletzen, einschlie\u00dflich Urheberrechte, Markenrechte, Datenschutzrechte, Pers\u00f6nlichkeitsrechte oder andere pers\u00f6nliche oder Eigentumsrechte. Sie erkl\u00e4ren sich ferner damit einverstanden, dass Ihre Kommentare kein verleumderisches oder anderweitig ungesetzliches, beleidigendes oder obsz\u00f6nes Material oder Computerviren oder sonstige Malware enthalten, die den Betrieb des Dienstes oder einer damit verbundenen Website in irgendeiner Weise beeintr\u00e4chtigen k\u00f6nnten. Es ist Ihnen nicht gestattet, eine falsche E-Mail-Adresse zu verwenden, sich als jemand anderes auszugeben oder uns oder Dritte in Bezug auf die Herkunft von Kommentaren in die Irre zu f\u00fchren. Sie tragen die alleinige Verantwortung f\u00fcr die von Ihnen abgegebenen Kommentare und deren Richtigkeit. Wir \u00fcbernehmen keine Verantwortung und keine Haftung f\u00fcr Kommentare, die von Ihnen oder Dritten ver\u00f6ffentlicht werden.<\/p>\n<hr \/>\n<p>\u00a0<\/p>\n<h3>Abschnitt 8 - Pers\u00f6nliche Informationen<\/h3>\n<p>Die \u00dcbermittlung pers\u00f6nlicher Daten \u00fcber die Website unterliegt unserer Datenschutzrichtlinie. Um unsere Datenschutzerkl\u00e4rung einzusehen.<\/p>\n<hr \/>\n<p>\u00a0<\/p>\n<h3>Abschnitt 9 - Irrt\u00fcmer, Ungenauigkeiten und Auslassungen<\/h3>\n<p>Eine aktualisierte Angabe oder ein Aktualisierungsdatum, das im Dienst oder auf einer zugeh\u00f6rigen Website verwendet wird, sollte nicht als Hinweis darauf verstanden werden, dass alle Informationen im Dienst oder auf einer zugeh\u00f6rigen Website ge\u00e4ndert oder aktualisiert wurden.<\/p>\n<hr \/>\n<p>\u00a0<\/p>\n<h3>Abschnitt 10 - Verbotene Nutzungen<\/h3>\n<p>Zus\u00e4tzlich zu anderen Verboten, die in den Nutzungsbedingungen dargelegt sind, ist es Ihnen untersagt, die Website oder ihren Inhalt zu nutzen: (a) f\u00fcr ungesetzliche Zwecke; (b) um andere zu ungesetzlichen Handlungen aufzufordern oder sich daran zu beteiligen; (c) um internationale, bundesstaatliche, provinzielle oder staatliche Vorschriften, Regeln, Gesetze oder \u00f6rtliche Verordnungen zu verletzen; (d) um unsere geistigen Eigentumsrechte oder die geistigen Eigentumsrechte anderer zu verletzen; (e) zu bel\u00e4stigen, zu missbrauchen, zu beleidigen, zu verletzen, zu diffamieren, zu verleumden, zu verunglimpfen, einzusch\u00fcchtern oder aufgrund von Geschlecht, sexueller Orientierung, Religion, ethnischer Zugeh\u00f6rigkeit, Ethnie, Alter, nationaler Herkunft oder Behinderung zu diskriminieren; (f) falsche oder irref\u00fchrende Informationen zu \u00fcbermitteln; (g) das Hochladen oder \u00dcbertragen von Viren oder jeder anderen Art von b\u00f6sartigem Code, der in irgendeiner Weise die Funktionalit\u00e4t oder den Betrieb des Dienstes oder einer damit verbundenen Website, anderer Websites oder des Internets beeintr\u00e4chtigt oder beeintr\u00e4chtigt werden kann; (h) das Sammeln oder Verfolgen der pers\u00f6nlichen Daten anderer; (i) zum Spammen, Phishing, Pharming, Spidern, Crawlen oder Scrapen; (j) f\u00fcr obsz\u00f6ne oder unmoralische Zwecke; oder (k) um die Sicherheitsfunktionen des Dienstes oder einer damit verbundenen Website, anderer Websites oder des Internets zu beeintr\u00e4chtigen oder zu umgehen. Wir behalten uns das Recht vor, Ihre Nutzung des Dienstes oder einer zugeh\u00f6rigen Website zu beenden, wenn Sie gegen eine der verbotenen Nutzungsarten versto\u00dfen.<\/p>\n<hr \/>\n<p>\u00a0<\/p>\n<h3>Abschnitt 11 - Gew\u00e4hrleistungsausschluss; Haftungsbeschr\u00e4nkung<\/h3>\n<p>Sie erkl\u00e4ren sich ausdr\u00fccklich damit einverstanden, dass die Nutzung des Dienstes bzw. die Unf\u00e4higkeit, den Dienst zu nutzen, auf Ihr alleiniges Risiko erfolgt. Der Dienst und alle Produkte und Dienstleistungen, die Ihnen \u00fcber den Dienst zur Verf\u00fcgung gestellt werden, werden (sofern nicht ausdr\u00fccklich von uns angegeben) \"wie besehen\" und \"wie verf\u00fcgbar\" f\u00fcr Ihre Nutzung bereitgestellt.<\/p>\n<p>In keinem Fall sind Camel Park, unsere Direktoren, leitenden Angestellten, Mitarbeiter, Partner, Vertreter, Auftragnehmer, Praktikanten, Lieferanten, Dienstleister oder Lizenzgeber haftbar f\u00fcr Verletzungen, Verluste, Anspr\u00fcche oder direkte, indirekte, zuf\u00e4llige, strafende, besondere oder Folgesch\u00e4den jeglicher Art, einschlie\u00dflich, aber nicht beschr\u00e4nkt auf entgangene Gewinne, entgangene Einnahmen, entgangene Einsparungen, Datenverluste, Ersatzkosten oder \u00e4hnliche Sch\u00e4den.<\/p>\n<p>Da in einigen Staaten oder Gerichtsbarkeiten der Ausschluss oder die Beschr\u00e4nkung der Haftung f\u00fcr Folgesch\u00e4den oder beil\u00e4ufig entstandene Sch\u00e4den nicht zul\u00e4ssig ist, ist unsere Haftung in diesen Staaten oder Gerichtsbarkeiten auf das gesetzlich zul\u00e4ssige H\u00f6chstma\u00df beschr\u00e4nkt.<\/p>\n<hr \/>\n<p>\u00a0<\/p>\n<h3>Abschnitt 12 - Entsch\u00e4digung<\/h3>\n<p>Du stimmst zu, Camel Park und unsere Muttergesellschaft, Tochtergesellschaften, Partner, leitende Angestellte, Direktoren, Vertreter, Auftragnehmer, Lizenzgeber, Dienstleister, Subunternehmer, Lieferanten, Praktikanten und Angestellte zu entsch\u00e4digen, zu verteidigen und schadlos zu halten von jeglichen Anspr\u00fcchen oder Forderungen, einschlie\u00dflich angemessener Anwaltskosten, die von Dritten erhoben werden und die sich aus der Verletzung dieser Nutzungsbedingungen oder der Dokumente, auf die sie verweisen, oder aus der Verletzung von Gesetzen oder Rechten Dritter durch dich ergeben.<\/p>\n<hr \/>\n<p>\u00a0<\/p>\n<h3>Abschnitt 13 - Trennbarkeit<\/h3>\n<p>F\u00fcr den Fall, dass eine Bestimmung dieser Nutzungsbedingungen als rechtswidrig, ung\u00fcltig oder nicht durchsetzbar eingestuft wird, ist diese Bestimmung dennoch im gr\u00f6\u00dftm\u00f6glichen Umfang durchsetzbar, den das geltende Recht zul\u00e4sst, und der nicht durchsetzbare Teil gilt als von diesen Nutzungsbedingungen abgetrennt, <span class=\"citation-503 citation-end-503\">Eine solche Feststellung ber\u00fchrt nicht die G\u00fcltigkeit und Durchsetzbarkeit der \u00fcbrigen Bestimmungen.<\/span><\/p>\n<div class=\"source-inline-chip-container ng-star-inserted\">\u00a0<\/div>\n<hr \/>\n<p>\u00a0<\/p>\n<h3><span class=\"citation-502 citation-end-502\">Abschnitt 14 - Beendigung<\/span><\/h3>\n<p><span class=\"citation-501 citation-end-501\">Die Verpflichtungen und Verbindlichkeiten der Parteien, die vor dem Beendigungsdatum entstanden sind, \u00fcberdauern das Beendigungsdatum.<\/span>Beendigung dieses Abkommens f\u00fcr alle Zwecke.<\/p>\n<div class=\"source-inline-chip-container ng-star-inserted\">\u00a0<\/div>\n<p>Diese Nutzungsbedingungen gelten, bis sie entweder von Ihnen oder von uns gek\u00fcndigt werden. Sie k\u00f6nnen diese Nutzungsbedingungen jederzeit k\u00fcndigen, indem Sie uns mitteilen, dass Sie unsere Dienste nicht mehr nutzen m\u00f6chten, oder wenn Sie aufh\u00f6ren, unsere Website zu nutzen.<\/p>\n<p>Wenn Sie nach unserem alleinigen Ermessen eine Bedingung oder Bestimmung dieser Nutzungsbedingungen nicht einhalten oder wir den Verdacht haben, dass Sie diese nicht einhalten, k\u00f6nnen wir diese Vereinbarung auch jederzeit ohne Vorank\u00fcndigung k\u00fcndigen, und Sie bleiben f\u00fcr alle bis einschlie\u00dflich des K\u00fcndigungsdatums f\u00e4lligen Betr\u00e4ge haftbar; und\/oder wir k\u00f6nnen Ihnen dementsprechend den Zugang zu unseren Diensten (oder einem Teil davon) verweigern.<\/p>\n<hr \/>\n<p>\u00a0<\/p>\n<h3>Abschnitt 15 - Gesamte Vereinbarung<\/h3>\n<p>Unser Vers\u00e4umnis, ein Recht oder eine Bestimmung dieser Nutzungsbedingungen auszu\u00fcben oder durchzusetzen, stellt keinen Verzicht auf ein solches Recht oder eine solche Bestimmung dar.<\/p>\n<p>Diese Nutzungsbedingungen und alle Richtlinien oder Betriebsregeln, die von uns auf dieser Website oder in Bezug auf den Dienst ver\u00f6ffentlicht werden, stellen die gesamte Vereinbarung und \u00dcbereinkunft zwischen Ihnen und uns dar und regeln Ihre Nutzung des Dienstes und ersetzen alle fr\u00fcheren oder gleichzeitigen Vereinbarungen, Mitteilungen und Vorschl\u00e4ge, ob m\u00fcndlich oder schriftlich, zwischen Ihnen und uns (einschlie\u00dflich, aber nicht beschr\u00e4nkt auf fr\u00fchere Versionen der Nutzungsbedingungen).<\/p>\n<p>Etwaige Unklarheiten bei der Auslegung dieser Nutzungsbedingungen sind nicht gegen die Partei auszulegen, die sie verfasst hat.<\/p>\n<hr \/>\n<p>\u00a0<\/p>\n<h3>Abschnitt 16 - Recht<\/h3>\n<p>F\u00fcr die Auslegung und Durchsetzung der vorliegenden Bedingungen unterwerfen sich die Parteien der Gerichtsbarkeit des Wohnsitzes des Verbrauchers.<\/p>\n<hr \/>\n<p>\u00a0<\/p>\n<h3>Abschnitt 17 - \u00c4nderungen der Servicebedingungen<\/h3>\n<p>Sie k\u00f6nnen die aktuellste Version der Nutzungsbedingungen jederzeit auf dieser Seite einsehen.<\/p>\n<p>Wir behalten uns das Recht vor, nach eigenem Ermessen jeden Teil dieser Nutzungsbedingungen zu aktualisieren, zu \u00e4ndern oder zu ersetzen, indem wir Aktualisierungen und \u00c4nderungen auf unserer Website ver\u00f6ffentlichen. Es liegt in Ihrer Verantwortung, unsere Website regelm\u00e4\u00dfig auf \u00c4nderungen zu \u00fcberpr\u00fcfen. Wenn Sie unsere Website oder den Dienst nach der Ver\u00f6ffentlichung von \u00c4nderungen dieser Nutzungsbedingungen weiterhin nutzen oder darauf zugreifen, erkl\u00e4ren Sie sich mit diesen \u00c4nderungen einverstanden.<\/p>\n<hr \/>\n<p>\u00a0<\/p>\n<h3>Abschnitt 18 - Umtausch- und Erstattungsbedingungen<\/h3>\n<p>\u00dcber den Camel Park gekaufte Tickets k\u00f6nnen nicht zur\u00fcckerstattet werden. Sobald der Kauf abgeschlossen ist, ist es nicht mehr m\u00f6glich, eine Erstattung zu beantragen. Je nach Verf\u00fcgbarkeit k\u00f6nnen Sie jedoch das Datum oder die Uhrzeit Ihrer Buchung bis zu 48 Stunden vor Ihrem Besuch \u00e4ndern, indem Sie uns \u00fcber die angegebene E-Mail-Adresse oder per Telefon kontaktieren.<\/p>\n<hr \/>\n<p>\u00a0<\/p>\n<h3>Abschnitt 19 - Versand und Zustellung von Tickets<\/h3>\n<p>Die \u00fcber Camel Park gekauften Tickets werden sofort an die vom Nutzer angegebene E-Mail-Adresse gesendet. Wir empfehlen, dass der Nutzer seine <b>SPAM<\/b> oder Junk-Mail-Ordner, wenn sie die Tickets nicht in ihrem Posteingang sehen.<\/p>\n<p>Falls Sie die E-Mail mit den Tickets nicht innerhalb weniger Minuten nach der Zahlung erhalten, k\u00f6nnen Sie uns telefonisch unter 922721121 oder per E-Mail unter administrador@camelpark.es kontaktieren, damit wir Ihren Fall bearbeiten und Ihnen die gekauften Tickets elektronisch zusenden k\u00f6nnen.<\/p>\n<hr \/>\n<p>\u00a0<\/p>\n<h3>Abschnitt 20 - Zahlungsarten, Geb\u00fchren und Rabatte<\/h3>\n<p>Der ANBIETER bietet die folgenden Zahlungsm\u00f6glichkeiten f\u00fcr eine Bestellung an:<\/p>\n<ul>\n<li>\n<p><b>Bezahlung \u00fcber PayPal:<\/b> Es werden keine Rabatte oder Geb\u00fchren erhoben.<\/p>\n<\/li>\n<li>\n<p><b>Kreditkarte:<\/b> Es werden keine Rabatte oder Geb\u00fchren erhoben.<\/p>\n<\/li>\n<\/ul>\n<hr \/>\n<p>\u00a0<\/p>\n<h3>Abschnitt 21 - Kontaktinformationen<\/h3>\n<p>Fragen zu den Nutzungsbedingungen richten Sie bitte an cameluspark@gmail.com.<\/p>\n\t\t\t\t\t\t\t\t<\/div>\n\t\t\t\t<\/div>\n\t\t\t\t\t<\/div>\n\t\t\t\t<\/div>\n\t\t\t\t<\/div>","protected":false},"excerpt":{"rendered":"<p>Terms and Conditions General Information This website is operated by Camel Park, with the business name Camel Park. Throughout the site, the terms &#8220;we,&#8221; &#8220;us,&#8221; and &#8220;our&#8221; refer to Camel Park. Camel Park offers this website, including all information, tools, and services available to you, the user, conditioned upon your acceptance of all terms, conditions, [&hellip;]<\/p>\n","protected":false},"author":18,"featured_media":0,"parent":0,"menu_order":0,"comment_status":"closed","ping_status":"closed","template":"","meta":{"_acf_changed":false,"footnotes":""},"class_list":["post-1919","page","type-page","status-publish","hentry"],"acf":[],"_links":{"self":[{"href":"https:\/\/camelpark.es\/de\/wp-json\/wp\/v2\/pages\/1919","targetHints":{"allow":["GET"]}}],"collection":[{"href":"https:\/\/camelpark.es\/de\/wp-json\/wp\/v2\/pages"}],"about":[{"href":"https:\/\/camelpark.es\/de\/wp-json\/wp\/v2\/types\/page"}],"author":[{"embeddable":true,"href":"https:\/\/camelpark.es\/de\/wp-json\/wp\/v2\/users\/18"}],"replies":[{"embeddable":true,"href":"https:\/\/camelpark.es\/de\/wp-json\/wp\/v2\/comments?post=1919"}],"version-history":[{"count":5,"href":"https:\/\/camelpark.es\/de\/wp-json\/wp\/v2\/pages\/1919\/revisions"}],"predecessor-version":[{"id":2071,"href":"https:\/\/camelpark.es\/de\/wp-json\/wp\/v2\/pages\/1919\/revisions\/2071"}],"wp:attachment":[{"href":"https:\/\/camelpark.es\/de\/wp-json\/wp\/v2\/media?parent=1919"}],"curies":[{"name":"wp","href":"https:\/\/api.w.org\/{rel}","templated":true}]}}