{"id":423,"date":"2024-09-02T19:33:05","date_gmt":"2024-09-02T18:33:05","guid":{"rendered":"https:\/\/base.thebluegrow.com\/?page_id=423"},"modified":"2025-08-06T12:49:01","modified_gmt":"2025-08-06T11:49:01","slug":"legal","status":"publish","type":"page","link":"https:\/\/camelpark.es\/de\/legal\/","title":{"rendered":"Rechtlicher Hinweis"},"content":{"rendered":"<div data-elementor-type=\"wp-page\" data-elementor-id=\"423\" class=\"elementor elementor-423\" data-elementor-post-type=\"page\">\n\t\t\t\t<div class=\"elementor-element elementor-element-9a7e071 e-flex e-con-boxed e-con e-parent\" data-id=\"9a7e071\" data-element_type=\"container\" data-e-type=\"container\" data-settings=\"{&quot;background_background&quot;:&quot;classic&quot;}\">\n\t\t\t\t\t<div class=\"e-con-inner\">\n\t\t\t\t<div class=\"elementor-element elementor-element-5c00762 elementor-widget elementor-widget-heading\" data-id=\"5c00762\" data-element_type=\"widget\" data-e-type=\"widget\" data-widget_type=\"heading.default\">\n\t\t\t\t<div class=\"elementor-widget-container\">\n\t\t\t\t\t<h1 class=\"elementor-heading-title elementor-size-default\">Rechtlicher Hinweis<\/h1>\t\t\t\t<\/div>\n\t\t\t\t<\/div>\n\t\t\t\t\t<\/div>\n\t\t\t\t<\/div>\n\t\t<div class=\"elementor-element elementor-element-1faf54c e-flex e-con-boxed e-con e-parent\" data-id=\"1faf54c\" data-element_type=\"container\" data-e-type=\"container\">\n\t\t\t\t\t<div class=\"e-con-inner\">\n\t\t\t\t<div class=\"elementor-element elementor-element-797fd921 elementor-widget elementor-widget-text-editor\" data-id=\"797fd921\" data-element_type=\"widget\" data-e-type=\"widget\" data-widget_type=\"text-editor.default\">\n\t\t\t\t<div class=\"elementor-widget-container\">\n\t\t\t\t\t\t\t\t\t\n<h3 data-start=\"161\" data-end=\"186\">1. Dom\u00e4neneigentum<\/h3>\n<p data-start=\"187\" data-end=\"480\">In \u00dcbereinstimmung mit Artikel 10 des Gesetzes 34\/2002 vom 11. Juli \u00fcber die Dienste der Informationsgesellschaft und den elektronischen Gesch\u00e4ftsverkehr (LSSI-CE) werden den Nutzern und den zust\u00e4ndigen Beh\u00f6rden die folgenden Informationen \u00fcber den Anbieter von Diensten der Informationsgesellschaft ausdr\u00fccklich, pr\u00e4zise und unmissverst\u00e4ndlich mitgeteilt:<\/p>\n<p data-start=\"482\" data-end=\"872\"><strong data-start=\"482\" data-end=\"491\">Name:<\/strong> Samantha Jayne Lopez Lynch<br data-start=\"518\" data-end=\"521\" \/><strong data-start=\"521\" data-end=\"531\">N.I.F:<\/strong> 43358910T<br data-start=\"541\" data-end=\"544\" \/><strong data-start=\"544\" data-end=\"556\">Unternehmen:<\/strong> Aquikaguaya S.L.<br data-start=\"573\" data-end=\"576\" \/><strong data-start=\"576\" data-end=\"584\">CIF:<\/strong> B76785633<br data-start=\"594\" data-end=\"597\" \/><strong data-start=\"597\" data-end=\"619\">T\u00e4tigkeit:<\/strong><br data-start=\"619\" data-end=\"622\" \/><strong data-start=\"622\" data-end=\"647\">Professionelle Adresse:<\/strong> Ctra. Gral. s\/n Los Cristianos-La Camella. Arona. Teneriffa, 38627 La Camella, Arona, Santa Cruz de Tenerife<br data-start=\"755\" data-end=\"758\" \/><strong data-start=\"758\" data-end=\"778\">Telefonnummer(n):<\/strong> 922721121<br data-start=\"788\" data-end=\"791\" \/><strong data-start=\"791\" data-end=\"809\">E-Mail Adresse:<\/strong> <a class=\"cursor-pointer\" rel=\"noopener\" data-start=\"810\" data-end=\"836\">cameluspark@gmail.com<\/a><br data-start=\"836\" data-end=\"839\" \/><strong data-start=\"839\" data-end=\"851\">Website:<\/strong> <a class=\"\" href=\"https:\/\/camelpark.es\/de\/\" target=\"_new\" rel=\"noopener\" data-start=\"852\" data-end=\"872\">https:\/\/camelpark.es<\/a><\/p>\n<hr data-start=\"874\" data-end=\"877\" \/>\n<h3 data-start=\"879\" data-end=\"908\">2. Bedingungen und Konditionen<\/h3>\n<p data-start=\"909\" data-end=\"1199\">Der Nutzer greift freiwillig auf diese Website zu. Der Zugang und das Browsen auf dieser Website setzt die Annahme und Kenntnis der hierin enthaltenen rechtlichen Hinweise, Bedingungen und Nutzungsbestimmungen voraus. Der blo\u00dfe Zugriff impliziert keine Gesch\u00e4ftsbeziehung zwischen CAMEL PARK und dem Nutzer.<\/p>\n<p data-start=\"1201\" data-end=\"1549\">Die rechtlichen Hinweise und\/oder die Bedingungen f\u00fcr die \u00fcber diese Website angebotenen Dienste k\u00f6nnen jederzeit ge\u00e4ndert werden, wenn CAMEL PARK dies f\u00fcr angemessen h\u00e4lt oder um zuk\u00fcnftigen rechtlichen oder technologischen \u00c4nderungen zu entsprechen. Diese \u00c4nderungen werden ordnungsgem\u00e4\u00df mitgeteilt und treten mit ihrer Ver\u00f6ffentlichung auf dieser Website in Kraft, sofern nicht anders angegeben.<\/p>\n<p data-start=\"1551\" data-end=\"1894\">CAMEL PARK beh\u00e4lt sich das Recht vor, den Zugang zu sperren oder zu l\u00f6schen, wenn die Website unter Verletzung geltender Gesetze oder g\u00e4ngiger Internet-Nutzungsstandards genutzt wird oder wenn die Domain im Zusammenhang mit illegalen Aktivit\u00e4ten genutzt wird, sowie nach Erhalt einer entsprechenden Mitteilung einer zust\u00e4ndigen Beh\u00f6rde oder in jedem anderen von der geltenden Gesetzgebung vorgesehenen Fall.<\/p>\n<hr data-start=\"1896\" data-end=\"1899\" \/>\n<h3 data-start=\"1901\" data-end=\"1917\">3. Inhalt<\/h3>\n<p data-start=\"1918\" data-end=\"2246\">CAMEL PARK ist bestrebt, Fehler in den auf der Website ver\u00f6ffentlichten Inhalten zu vermeiden. Alle Inhalte werden auf dem neuesten Stand gehalten, wobei sich CAMEL PARK das Recht vorbeh\u00e4lt, diese jederzeit zu \u00e4ndern. CAMEL PARK ist nicht verantwortlich f\u00fcr eventuelle Folgen, die sich aus Fehlern in den von Dritten bereitgestellten Inhalten ergeben, die auf dieser Website erscheinen k\u00f6nnen.<\/p>\n<hr data-start=\"2248\" data-end=\"2251\" \/>\n<h3 data-start=\"2253\" data-end=\"2285\">4. Begrenzung der Haftung<\/h3>\n<p data-start=\"2286\" data-end=\"2356\">CAMEL PARK kann nicht haftbar gemacht werden f\u00fcr, einschlie\u00dflich, aber nicht beschr\u00e4nkt auf:<\/p>\n<ul data-start=\"2358\" data-end=\"2801\">\n<li data-start=\"2358\" data-end=\"2465\">\n<p data-start=\"2360\" data-end=\"2465\">Die Qualit\u00e4t des Dienstes, die Zugriffsgeschwindigkeit, das ordnungsgem\u00e4\u00dfe Funktionieren, die Verf\u00fcgbarkeit oder die Kontinuit\u00e4t der Website.<\/p>\n<\/li>\n<li data-start=\"2466\" data-end=\"2539\">\n<p data-start=\"2468\" data-end=\"2539\">Jegliche Sch\u00e4den an den Ger\u00e4ten des Nutzers, die durch die Nutzung der Website entstehen.<\/p>\n<\/li>\n<li data-start=\"2540\" data-end=\"2643\">\n<p data-start=\"2542\" data-end=\"2643\">M\u00e4ngel oder Fehler jeglicher Art in den \u00fcbermittelten, verbreiteten, gespeicherten oder zur Verf\u00fcgung gestellten Inhalten.<\/p>\n<\/li>\n<li data-start=\"2644\" data-end=\"2801\">\n<p data-start=\"2646\" data-end=\"2801\">Sie \u00fcberwacht oder garantiert nicht die Abwesenheit von Viren oder anderen sch\u00e4dlichen Elementen in den Inhalten oder Dienstleistungen, die von Dritten \u00fcber die Website bereitgestellt werden.<\/p>\n<\/li>\n<\/ul>\n<p data-start=\"2803\" data-end=\"3128\">CAMEL PARK ist nicht verantwortlich f\u00fcr den Inhalt von Websites, auf die von der eigenen Seite aus verlinkt wird. CAMEL PARK ist nicht verantwortlich f\u00fcr den Inhalt der verlinkten Seiten und haftet nicht f\u00fcr Sch\u00e4den oder Verluste, die aus der Verbindung oder der Nutzung von Inhalten, Produkten oder Dienstleistungen auf verlinkten Seiten entstehen. CAMEL PARK kann nicht f\u00fcr die Verf\u00fcgbarkeit oder das ordnungsgem\u00e4\u00dfe Funktionieren von Links zu anderen Websites garantieren.<\/p>\n<hr data-start=\"3130\" data-end=\"3133\" \/>\n<h3 data-start=\"3135\" data-end=\"3180\">5. Geistiges und gewerbliches Eigentum<\/h3>\n<p data-start=\"3181\" data-end=\"3670\">Diese Website und ihr Inhalt sind durch die geltenden Gesetze zum Schutz des geistigen Eigentums gesch\u00fctzt. Es ist verboten, den Inhalt der Website zu \u00e4ndern, zu kopieren, zu vervielf\u00e4ltigen, herunterzuladen, zu \u00fcbertragen, zu verbreiten oder umzuwandeln, ohne die Genehmigung des Rechteinhabers oder die gesetzliche Erlaubnis einzuholen. Der Zugriff auf die Website verleiht den Nutzern in keiner Weise Eigentumsrechte an den angezeigten Inhalten. Die Nutzung dieser Website und ihrer Inhalte - ob angemessen oder unangemessen - liegt in der alleinigen Verantwortung des Nutzers.<\/p>\n<hr data-start=\"3672\" data-end=\"3675\" \/>\n<h3 data-start=\"3677\" data-end=\"3707\">6. Browsing und Sicherheit<\/h3>\n<p data-start=\"3708\" data-end=\"3927\">Diese Website verwendet ein von VeriSign unterst\u00fctztes SSL-Zertifikat (Secure Socket Layer), das auf der Website mit dem VeriSign Secured\u2122-Siegel gekennzeichnet ist, um die Sicherheit der Daten\u00fcbertragung zwischen Ihrem Browser und unserer Website zu gew\u00e4hrleisten.<\/p>\n<p data-start=\"3929\" data-end=\"4149\">Der sichere Server stellt eine Verbindung her, so dass die Informationen mit 128-Bit-Algorithmen verschl\u00fcsselt \u00fcbertragen werden und nur f\u00fcr das Ger\u00e4t des Kunden und den Server der Website verst\u00e4ndlich sind. Die Verwendung von SSL garantiert:<\/p>\n<ul data-start=\"4151\" data-end=\"4378\">\n<li data-start=\"4151\" data-end=\"4242\">\n<p data-start=\"4153\" data-end=\"4242\">dass der Kunde seine Daten an den Server der Website und nicht an einen anderen \u00fcbermittelt.<\/p>\n<\/li>\n<li data-start=\"4243\" data-end=\"4378\">\n<p data-start=\"4245\" data-end=\"4378\">Die zwischen dem Kunden und der Website \u00fcbertragenen Daten werden verschl\u00fcsselt, damit sie nicht von Dritten gelesen oder manipuliert werden k\u00f6nnen.<\/p>\n<\/li>\n<\/ul>\n<p data-start=\"4380\" data-end=\"4618\">Dar\u00fcber hinaus erkl\u00e4rt La Natural, dass sie keine sensiblen Daten \u00fcber die vom Kunden verwendete Zahlungsmethode abruft oder speichert. Nur die f\u00fcr die Zahlungsabwicklung zust\u00e4ndige Stelle hat zum Zweck der Verwaltung der Transaktionen Zugang zu diesen Daten.<\/p>\n<p data-start=\"4620\" data-end=\"4828\">Um sich zu vergewissern, dass Sie sich in einer sicheren Umgebung befinden, sollte der Kunde \u00fcberpr\u00fcfen, ob die Adresse der Website mit \"https:\/\/\" beginnt. Sie k\u00f6nnen eine sichere Website auch daran erkennen, dass in der Adressleiste ein Vorh\u00e4ngeschloss-Symbol zu sehen ist.<\/p>\n<p data-start=\"4830\" data-end=\"4944\">Schlie\u00dflich kann das Vorhandensein des SSL-Zertifikats \u00fcberpr\u00fcft werden, indem Sie die Eigenschaften der Website in Ihrem Browser \u00fcberpr\u00fcfen.<\/p>\n<hr data-start=\"4946\" data-end=\"4949\" \/>\n<h3 data-start=\"4951\" data-end=\"4974\">7. Geltendes Recht<\/h3>\n<p data-start=\"4975\" data-end=\"5103\">Die f\u00fcr diese Website geltenden Bestimmungen und Bedingungen sowie alle damit verbundenen Beziehungen sind gesch\u00fctzt und unterliegen dem spanischen Recht.<\/p>\n\t\t\t\t\t\t\t\t<\/div>\n\t\t\t\t<\/div>\n\t\t\t\t\t<\/div>\n\t\t\t\t<\/div>\n\t\t\t\t<\/div>","protected":false},"excerpt":{"rendered":"<p>Legal Notice 1. Domain Ownership In compliance with Article 10 of Law 34\/2002, of July 11, on Information Society Services and Electronic Commerce (LSSI-CE), the following information is expressly, precisely, and unequivocally provided to users and competent authorities regarding the provider of information society services: Name: Samantha Jayne Lopez LynchN.I.F: 43358910TCompany: Aquikaguaya S.L.CIF: B76785633Business Activity:Professional [&hellip;]<\/p>\n","protected":false},"author":18,"featured_media":0,"parent":0,"menu_order":0,"comment_status":"closed","ping_status":"closed","template":"","meta":{"_acf_changed":false,"footnotes":""},"class_list":["post-423","page","type-page","status-publish","hentry"],"acf":[],"_links":{"self":[{"href":"https:\/\/camelpark.es\/de\/wp-json\/wp\/v2\/pages\/423","targetHints":{"allow":["GET"]}}],"collection":[{"href":"https:\/\/camelpark.es\/de\/wp-json\/wp\/v2\/pages"}],"about":[{"href":"https:\/\/camelpark.es\/de\/wp-json\/wp\/v2\/types\/page"}],"author":[{"embeddable":true,"href":"https:\/\/camelpark.es\/de\/wp-json\/wp\/v2\/users\/18"}],"replies":[{"embeddable":true,"href":"https:\/\/camelpark.es\/de\/wp-json\/wp\/v2\/comments?post=423"}],"version-history":[{"count":5,"href":"https:\/\/camelpark.es\/de\/wp-json\/wp\/v2\/pages\/423\/revisions"}],"predecessor-version":[{"id":2041,"href":"https:\/\/camelpark.es\/de\/wp-json\/wp\/v2\/pages\/423\/revisions\/2041"}],"wp:attachment":[{"href":"https:\/\/camelpark.es\/de\/wp-json\/wp\/v2\/media?parent=423"}],"curies":[{"name":"wp","href":"https:\/\/api.w.org\/{rel}","templated":true}]}}