{"id":425,"date":"2024-09-02T19:33:22","date_gmt":"2024-09-02T18:33:22","guid":{"rendered":"https:\/\/base.thebluegrow.com\/?page_id=425"},"modified":"2025-09-09T18:08:35","modified_gmt":"2025-09-09T17:08:35","slug":"cookie-richtlinie","status":"publish","type":"page","link":"https:\/\/camelpark.es\/de\/cookie-richtlinie\/","title":{"rendered":"Cookie-Richtlinie"},"content":{"rendered":"<div data-elementor-type=\"wp-page\" data-elementor-id=\"425\" class=\"elementor elementor-425\" data-elementor-post-type=\"page\">\n\t\t\t\t<div class=\"elementor-element elementor-element-723326f e-flex e-con-boxed e-con e-parent\" data-id=\"723326f\" data-element_type=\"container\" data-e-type=\"container\" data-settings=\"{&quot;background_background&quot;:&quot;classic&quot;}\">\n\t\t\t\t\t<div class=\"e-con-inner\">\n\t\t\t\t<div class=\"elementor-element elementor-element-ae36412 elementor-widget elementor-widget-heading\" data-id=\"ae36412\" data-element_type=\"widget\" data-e-type=\"widget\" data-widget_type=\"heading.default\">\n\t\t\t\t<div class=\"elementor-widget-container\">\n\t\t\t\t\t<h1 class=\"elementor-heading-title elementor-size-default\">Cookie-Richtlinie<\/h1>\t\t\t\t<\/div>\n\t\t\t\t<\/div>\n\t\t\t\t\t<\/div>\n\t\t\t\t<\/div>\n\t\t<div class=\"elementor-element elementor-element-645e8ca2 e-flex e-con-boxed e-con e-parent\" data-id=\"645e8ca2\" data-element_type=\"container\" data-e-type=\"container\">\n\t\t\t\t\t<div class=\"e-con-inner\">\n\t\t\t\t<div class=\"elementor-element elementor-element-536de7ed elementor-widget elementor-widget-text-editor\" data-id=\"536de7ed\" data-element_type=\"widget\" data-e-type=\"widget\" data-widget_type=\"text-editor.default\">\n\t\t\t\t<div class=\"elementor-widget-container\">\n\t\t\t\t\t\t\t\t\t\n<pre class=\"cookie-policy-h1\"><span style=\"font-size: 16px;\">Datum des Inkrafttretens: September 09, 2025<br \/><\/span><span style=\"font-size: 16px;\">Zuletzt aktualisiert: September 09, 2025<\/span><\/pre>\n<p>\u00a0<\/p>\n<h2>Was sind Cookies?<\/h2>\n<div class=\"cookie-policy-p\">\n<p>In dieser Cookie-Richtlinie wird erl\u00e4utert, was Cookies sind, wie wir sie verwenden, welche Arten von Cookies wir verwenden (d. h. welche Informationen wir mit Hilfe von Cookies sammeln und wie diese Informationen verwendet werden) und wie Sie Ihre Cookie-Einstellungen verwalten k\u00f6nnen.<\/p>\n<p>Cookies sind kleine Textdateien, die dazu dienen, kleine Informationen zu speichern. Sie werden auf Ihrem Ger\u00e4t gespeichert, wenn eine Website in Ihrem Browser geladen wird. Diese Cookies tragen dazu bei, dass die Website ordnungsgem\u00e4\u00df funktioniert, erh\u00f6hen die Sicherheit, bieten eine bessere Nutzererfahrung und analysieren die Leistung, um zu ermitteln, was funktioniert und wo Verbesserungen erforderlich sind.<\/p>\n<\/div>\n<p>\u00a0<\/p>\n<h2>Wie verwenden wir Cookies?<\/h2>\n<div class=\"cookie-policy-p\">\n<p>Wie die meisten Online-Dienste verwendet auch unsere Website sowohl Erstanbieter- als auch Drittanbieter-Cookies f\u00fcr verschiedene Zwecke. Erstanbieter-Cookies sind in erster Linie f\u00fcr das ordnungsgem\u00e4\u00dfe Funktionieren der Website erforderlich und erfassen keine personenbezogenen Daten.<\/p>\n<p>Die Cookies von Drittanbietern, die auf unserer Website verwendet werden, helfen uns in erster Linie dabei, die Leistung der Website zu verstehen, zu verfolgen, wie Sie mit ihr interagieren, unsere Dienste sicher zu halten, relevante Werbung zu liefern und Ihre allgemeine Benutzererfahrung zu verbessern, w\u00e4hrend wir die Geschwindigkeit Ihrer zuk\u00fcnftigen Interaktionen mit unserer Website erh\u00f6hen.<\/p>\n<\/div>\n<p>\u00a0<\/p>\n<h2>Arten von Cookies, die wir verwenden<\/h2>\n<div class=\"cky-audit-table-element\">\n<div>\n<p class=\"text-xl font-semibold mb-2\">Erforderlich<\/p>\n<div class=\"cky-category-des\">\n<p>Notwendige Cookies sind erforderlich, um die grundlegenden Funktionen dieser Website zu erm\u00f6glichen, wie z. B. die sichere Anmeldung oder die Anpassung Ihrer Einwilligungspr\u00e4ferenzen. Diese Cookies speichern keine pers\u00f6nlich identifizierbaren Daten.<\/p>\n<\/div>\n<div class=\"cky-table-wrapper\">\n<table class=\"cky-cookie-audit-table\">\n<thead>\n<tr>\n<th>Keks<\/th>\n<th>Dauer<\/th>\n<th>Beschreibung<\/th>\n<\/tr>\n<\/thead>\n<tbody>\n<tr>\n<td>__cf_bm<\/td>\n<td>1 Stunde<\/td>\n<td>Dieses Cookie wird von Cloudflare gesetzt und dient der Unterst\u00fctzung des Cloudflare Bot Management.<\/td>\n<\/tr>\n<tr>\n<td>m<\/td>\n<td>1 Jahr 1 Monat 4 Tage<\/td>\n<td>Stripe setzt dieses Cookie zum Zweck der Betrugspr\u00e4vention. Es identifiziert das Ger\u00e4t, mit dem auf die Website zugegriffen wird, so dass die Website entsprechend formatiert werden kann.<\/td>\n<\/tr>\n<tr>\n<td>__stripe_mid<\/td>\n<td>1 Jahr<\/td>\n<td>Stripe setzt dieses Cookie, um einen eindeutigen Sitzungsbezeichner zu setzen, mit dem Benutzer \u00fcber mehrere Sitzungen hinweg erkannt werden k\u00f6nnen.<\/td>\n<\/tr>\n<tr>\n<td>__stripe_sid<\/td>\n<td>1 Stunde<\/td>\n<td>Stripe setzt dieses Cookie, um einen eindeutigen Sitzungsbezeichner f\u00fcr eine einzelne Sitzung zu setzen.<\/td>\n<\/tr>\n<tr>\n<td>wp_consent_preferences<\/td>\n<td>1 Monat<\/td>\n<td>WP Consent API setzt dieses Cookie, um die Einwilligungsentscheidungen der Nutzer f\u00fcr verschiedene Arten von Cookies auf der Website zu speichern. Dies gew\u00e4hrleistet ein ma\u00dfgeschneidertes Surferlebnis, indem die Pr\u00e4ferenzen der Nutzer bei jedem Besuch einheitlich angewendet werden.<\/td>\n<\/tr>\n<tr>\n<td>wp_Zustimmung_Statistik<\/td>\n<td>1 Monat<\/td>\n<td>WP Consent API setzt dieses Cookie, um anonyme Daten \u00fcber die Nutzung der Website zu sammeln und die Leistung der Website zu analysieren und zu verbessern.<\/td>\n<\/tr>\n<tr>\n<td>wp_Zustimmung_Statistik-anonym<\/td>\n<td>1 Monat<\/td>\n<td>WP Consent API setzt dieses Cookie, um zu verstehen, wie die Website genutzt wird, was verbesserte Benutzerinhalte und -dienste erm\u00f6glicht und die Privatsph\u00e4re respektiert.<\/td>\n<\/tr>\n<tr>\n<td>wp_Zustimmung_funktionell<\/td>\n<td>1 Monat<\/td>\n<td>WP Consent API setzt dieses Cookie, um sich die Benutzerpr\u00e4ferenzen f\u00fcr wichtige Website-Funktionen zu merken und so ein nahtloses und personalisiertes Erlebnis zu gew\u00e4hrleisten.<\/td>\n<\/tr>\n<tr>\n<td>wp_einwilligung_marketing<\/td>\n<td>1 Monat<\/td>\n<td>WP Consent API setzt dieses Cookie, um die Einwilligungsentscheidungen der Nutzer f\u00fcr Marketing-Cookies aufzuzeichnen. Dadurch wird sichergestellt, dass Nutzer nur auf ihre Interessen zugeschnittene Werbung erhalten.<\/td>\n<\/tr>\n<tr>\n<td>cookieyes-Zustimmung<\/td>\n<td>1 Jahr<\/td>\n<td>CookieYes setzt dieses Cookie, um sich an die Einwilligungspr\u00e4ferenzen der Benutzer zu erinnern, so dass ihre Pr\u00e4ferenzen bei sp\u00e4teren Besuchen dieser Website beachtet werden. Es werden keine pers\u00f6nlichen Informationen \u00fcber die Besucher der Website gesammelt oder gespeichert.<\/td>\n<\/tr>\n<tr>\n<td>rc::a<\/td>\n<td>L\u00e4uft nie ab<\/td>\n<td>Dieses Cookie wird vom Google-Recaptcha-Dienst gesetzt, um Bots zu identifizieren und die Website vor b\u00f6sartigen Spam-Angriffen zu sch\u00fctzen.<\/td>\n<\/tr>\n<tr>\n<td>rc::c<\/td>\n<td>Sitzung<\/td>\n<td>Dieses Cookie wird vom Google-Recaptcha-Dienst gesetzt, um Bots zu identifizieren und die Website vor b\u00f6sartigen Spam-Angriffen zu sch\u00fctzen.<\/td>\n<\/tr>\n<\/tbody>\n<\/table>\n<\/div>\n<\/div>\n<div>\n<p class=\"text-xl font-semibold mb-2\">Funktionell<\/p>\n<div class=\"cky-category-des\">\n<p>Funktionale Cookies helfen dabei, bestimmte Funktionen auszuf\u00fchren, wie das Teilen des Inhalts der Website auf Plattformen sozialer Medien, das Sammeln von Feedback und andere Funktionen Dritter.<\/p>\n<\/div>\n<div class=\"cky-table-wrapper\">\n<table class=\"cky-cookie-audit-table\">\n<thead>\n<tr>\n<th>Keks<\/th>\n<th>Dauer<\/th>\n<th>Beschreibung<\/th>\n<\/tr>\n<\/thead>\n<tbody>\n<tr>\n<td>ea11y-global-state<\/td>\n<td>L\u00e4uft nie ab<\/td>\n<td>Elementor setzt dieses Cookie, um die vom Benutzer ausgew\u00e4hlten dauerhaften Zug\u00e4nglichkeitseinstellungen zu speichern, wie z. B. die Sichtbarkeit von Bedienfeldern oder Anpassungen der Benutzeroberfl\u00e4che, damit diese Einstellungen beim erneuten Besuch der Website erhalten bleiben.<\/td>\n<\/tr>\n<tr>\n<td>ea11y-session-state<\/td>\n<td>Sitzung<\/td>\n<td>Elementor setzt dieses Cookie, um die Zug\u00e4nglichkeitseinstellungen f\u00fcr die Dauer der aktuellen Browsersitzung vor\u00fcbergehend zu speichern und so sicherzustellen, dass die ausgew\u00e4hlten Einstellungen konsistent bleiben, w\u00e4hrend der Benutzer auf der Website navigiert.<\/td>\n<\/tr>\n<\/tbody>\n<\/table>\n<\/div>\n<\/div>\n<div>\n<p class=\"text-xl font-semibold mb-2\">Analytik<\/p>\n<div class=\"cky-category-des\">\n<p>Analytische Cookies werden verwendet, um zu verstehen, wie Besucher mit der Website interagieren. Diese Cookies helfen dabei, Informationen \u00fcber Metriken wie die Anzahl der Besucher, Absprungrate, Verkehrsquelle usw. zu liefern.<\/p>\n<\/div>\n<div class=\"cky-table-wrapper\">\n<table class=\"cky-cookie-audit-table\">\n<thead>\n<tr>\n<th>Keks<\/th>\n<th>Dauer<\/th>\n<th>Beschreibung<\/th>\n<\/tr>\n<\/thead>\n<tbody>\n<tr>\n<td>_ga<\/td>\n<td>1 Jahr 1 Monat 4 Tage<\/td>\n<td>Google Analytics setzt dieses Cookie, um Besucher-, Sitzungs- und Kampagnendaten zu berechnen und die Nutzung der Website f\u00fcr den Analysebericht der Website zu verfolgen. Das Cookie speichert Informationen anonym und weist eine zuf\u00e4llig generierte Nummer zu, um einzelne Besucher zu erkennen.<\/td>\n<\/tr>\n<tr>\n<td>_ga_*<\/td>\n<td>1 Jahr 1 Monat 4 Tage<\/td>\n<td>Google Analytics setzt dieses Cookie, um Seitenaufrufe zu speichern und zu z\u00e4hlen.<\/td>\n<\/tr>\n<\/tbody>\n<\/table>\n<\/div>\n<\/div>\n<div>\n<p class=\"text-xl font-semibold mb-2\">Anzeige<\/p>\n<div class=\"cky-category-des\">\n<p>Werbe-Cookies werden verwendet, um Besuchern ma\u00dfgeschneiderte Werbung auf der Grundlage der zuvor besuchten Seiten zu zeigen und die Wirksamkeit der Werbekampagnen zu analysieren.<\/p>\n<\/div>\n<div class=\"cky-table-wrapper\">\n<table class=\"cky-cookie-audit-table\">\n<thead>\n<tr>\n<th>Keks<\/th>\n<th>Dauer<\/th>\n<th>Beschreibung<\/th>\n<\/tr>\n<\/thead>\n<tbody>\n<tr>\n<td>_gcl_au<\/td>\n<td>3 Monate<\/td>\n<td>Google Tag Manager setzt dieses Cookie, um die Werbeeffizienz von Websites zu testen, die seine Dienste nutzen.<\/td>\n<\/tr>\n<tr>\n<td>test_cookie<\/td>\n<td>15 Minuten<\/td>\n<td>doubleclick.net setzt dieses Cookie, um festzustellen, ob der Browser des Benutzers Cookies unterst\u00fctzt.<\/td>\n<\/tr>\n<\/tbody>\n<\/table>\n<\/div>\n<\/div>\n<\/div>\n<p>\u00a0<\/p>\n<h2>Cookie-Einstellungen verwalten<\/h2>\n<p><a class=\"cky-banner-element\">Pr\u00e4ferenzen f\u00fcr die Zustimmung<\/a><\/p>\n<div>\n<p>Sie k\u00f6nnen Ihre Cookie-Einstellungen jederzeit \u00e4ndern, indem Sie oben auf die Schaltfl\u00e4che \"Zustimmungseinstellungen\" klicken. Dadurch k\u00f6nnen Sie das Cookie-Einwilligungsbanner erneut aufrufen und Ihre Einstellungen aktualisieren oder Ihre Einwilligung sofort widerrufen.<\/p>\n<p>Dar\u00fcber hinaus bieten die verschiedenen Browser verschiedene Methoden zum Blockieren und L\u00f6schen von Cookies, die von Websites verwendet werden. Sie k\u00f6nnen Ihre Browsereinstellungen anpassen, um Cookies zu blockieren oder zu l\u00f6schen. Nachstehend finden Sie Links zu Support-Dokumenten \u00fcber die Verwaltung und L\u00f6schung von Cookies in den wichtigsten Webbrowsern.<\/p>\n<p>Chrom:\u00a0<a href=\"https:\/\/support.google.com\/accounts\/answer\/32050\" target=\"_blank\" rel=\"noopener noreferrer nofollow\">https:\/\/support.google.com\/accounts\/answer\/32050<\/a><\/p>\n<p>Safari:\u00a0<a href=\"https:\/\/support.apple.com\/en-in\/guide\/safari\/sfri11471\/mac\" target=\"_blank\" rel=\"noopener noreferrer nofollow\">https:\/\/support.apple.com\/en-in\/guide\/safari\/sfri11471\/mac<\/a><\/p>\n<p>Firefox:\u00a0<a href=\"https:\/\/support.mozilla.org\/en-US\/kb\/clear-cookies-and-site-data-firefox?redirectslug=delete-cookies-remove-info-websites-stored&amp;redirectlocale=en-US\" target=\"_blank\" rel=\"noopener noreferrer nofollow\">https:\/\/support.mozilla.org\/en-US\/kb\/clear-cookies-and-site-data-firefox?redirectslug=delete-cookies-remove-info-websites-stored&amp;redirectlocale=en-US<\/a><\/p>\n<p>Internet Explorer:\u00a0<a href=\"https:\/\/support.microsoft.com\/en-us\/topic\/how-to-delete-cookie-files-in-internet-explorer-bca9446f-d873-78de-77ba-d42645fa52fc\" target=\"_blank\" rel=\"noopener noreferrer nofollow\">https:\/\/support.microsoft.com\/en-us\/topic\/how-to-delete-cookie-files-in-internet-explorer-bca9446f-d873-78de-77ba-d42645fa52fc<\/a><\/p>\n<p>Wenn Sie einen anderen Webbrowser verwenden, lesen Sie bitte dessen offizielle Support-Dokumentation.<\/p>\n<\/div>\n\t\t\t\t\t\t\t\t<\/div>\n\t\t\t\t<\/div>\n\t\t\t\t\t<\/div>\n\t\t\t\t<\/div>\n\t\t\t\t<\/div>","protected":false},"excerpt":{"rendered":"<p>Cookie Policy Effective date: September 09, 2025Last updated: September 09, 2025 \u00a0 What are cookies? This Cookie Policy explains what cookies are, how we use them, the types of cookies we use (i.e., the information we collect using cookies and how that information is used), and how to manage your cookie settings. Cookies are small [&hellip;]<\/p>\n","protected":false},"author":18,"featured_media":0,"parent":0,"menu_order":0,"comment_status":"closed","ping_status":"closed","template":"","meta":{"_acf_changed":false,"footnotes":""},"class_list":["post-425","page","type-page","status-publish","hentry"],"acf":[],"_links":{"self":[{"href":"https:\/\/camelpark.es\/de\/wp-json\/wp\/v2\/pages\/425","targetHints":{"allow":["GET"]}}],"collection":[{"href":"https:\/\/camelpark.es\/de\/wp-json\/wp\/v2\/pages"}],"about":[{"href":"https:\/\/camelpark.es\/de\/wp-json\/wp\/v2\/types\/page"}],"author":[{"embeddable":true,"href":"https:\/\/camelpark.es\/de\/wp-json\/wp\/v2\/users\/18"}],"replies":[{"embeddable":true,"href":"https:\/\/camelpark.es\/de\/wp-json\/wp\/v2\/comments?post=425"}],"version-history":[{"count":5,"href":"https:\/\/camelpark.es\/de\/wp-json\/wp\/v2\/pages\/425\/revisions"}],"predecessor-version":[{"id":2180,"href":"https:\/\/camelpark.es\/de\/wp-json\/wp\/v2\/pages\/425\/revisions\/2180"}],"wp:attachment":[{"href":"https:\/\/camelpark.es\/de\/wp-json\/wp\/v2\/media?parent=425"}],"curies":[{"name":"wp","href":"https:\/\/api.w.org\/{rel}","templated":true}]}}