{"id":1909,"date":"2025-07-16T11:55:27","date_gmt":"2025-07-16T10:55:27","guid":{"rendered":"https:\/\/testing.websbg.com\/?page_id=1909"},"modified":"2025-08-06T13:03:37","modified_gmt":"2025-08-06T12:03:37","slug":"transparencia-2","status":"publish","type":"page","link":"https:\/\/camelpark.es\/es\/transparencia-2\/","title":{"rendered":"Transparencia"},"content":{"rendered":"<div data-elementor-type=\"wp-page\" data-elementor-id=\"1909\" class=\"elementor elementor-1909\" data-elementor-post-type=\"page\">\n\t\t\t\t<div class=\"elementor-element elementor-element-723326f e-flex e-con-boxed e-con e-parent\" data-id=\"723326f\" data-element_type=\"container\" data-e-type=\"container\" data-settings=\"{&quot;background_background&quot;:&quot;classic&quot;}\">\n\t\t\t\t\t<div class=\"e-con-inner\">\n\t\t\t\t<div class=\"elementor-element elementor-element-ae36412 elementor-widget elementor-widget-heading\" data-id=\"ae36412\" data-element_type=\"widget\" data-e-type=\"widget\" data-widget_type=\"heading.default\">\n\t\t\t\t<div class=\"elementor-widget-container\">\n\t\t\t\t\t<h1 class=\"elementor-heading-title elementor-size-default\">Transparencia<\/h1>\t\t\t\t<\/div>\n\t\t\t\t<\/div>\n\t\t\t\t\t<\/div>\n\t\t\t\t<\/div>\n\t\t<div class=\"elementor-element elementor-element-645e8ca2 e-flex e-con-boxed e-con e-parent\" data-id=\"645e8ca2\" data-element_type=\"container\" data-e-type=\"container\">\n\t\t\t\t\t<div class=\"e-con-inner\">\n\t\t\t\t<div class=\"elementor-element elementor-element-536de7ed elementor-widget elementor-widget-text-editor\" data-id=\"536de7ed\" data-element_type=\"widget\" data-e-type=\"widget\" data-widget_type=\"text-editor.default\">\n\t\t\t\t<div class=\"elementor-widget-container\">\n\t\t\t\t\t\t\t\t\t\n<div class=\"vc_row wpb_row vc_row-fluid mpc-row\">\n<div class=\"wpb_column vc_column_container vc_col-sm-12 mpc-column\" data-column-id=\"mpc_column-9368778513e3e57\">\n<div class=\"vc_column-inner\">\n<div class=\"wpb_wrapper\">\n<div class=\"wpb_text_column wpb_content_element\">\n<div class=\"wpb_wrapper\">\n<h3 data-start=\"63\" data-end=\"95\">Informaci\u00f3n institucional<\/h3>\n<p data-start=\"97\" data-end=\"205\"><strong data-start=\"97\" data-end=\"114\">\u00daltima actualizaci\u00f3n:<\/strong> 30 de noviembre de 2022<br data-start=\"132\" data-end=\"135\" \/>Aquikaguaya, S.L. es una entidad privada que opera en las Islas Canarias.<\/p>\n<h3 data-start=\"207\" data-end=\"233\">1. 1. Informaci\u00f3n general<\/h3>\n<p data-start=\"235\" data-end=\"619\">Una empresa familiar fundada en 1988. Su historia comenz\u00f3 en Tenerife, cuando un matrimonio dej\u00f3 sus respectivos trabajos en la capital para poner en marcha un parque de atracciones de camellos para turistas y locales.<br data-start=\"416\" data-end=\"419\" \/>Al principio, s\u00f3lo ofrec\u00edan paseos en camello, pero m\u00e1s tarde adquirieron su propia finca y crearon instalaciones adecuadas para ofrecer un mejor servicio al cliente, incluido un restaurante y una tienda de recuerdos.<\/p>\n<hr data-start=\"621\" data-end=\"624\" \/>\n<h3 data-start=\"626\" data-end=\"659\">2. Informaci\u00f3n organizativa<\/h3>\n<p data-start=\"661\" data-end=\"696\"><strong data-start=\"661\" data-end=\"678\">\u00daltima actualizaci\u00f3n:<\/strong> 30 de noviembre de 2022<\/p>\n<p data-start=\"698\" data-end=\"759\"><strong data-start=\"698\" data-end=\"726\">2.1 Organigrama<\/strong><br data-start=\"726\" data-end=\"729\" \/><strong data-start=\"729\" data-end=\"759\">2.2 Normativa aplicable<\/strong><\/p>\n<p data-start=\"761\" data-end=\"777\"><strong data-start=\"761\" data-end=\"777\">Transparencia<\/strong><\/p>\n<ul data-start=\"779\" data-end=\"995\">\n<li data-start=\"779\" data-end=\"896\">\n<p data-start=\"781\" data-end=\"896\"><strong data-start=\"781\" data-end=\"797\">Derecho nacional<\/strong>: Ley 19\/2013, de 9 de diciembre, de transparencia, acceso a la informaci\u00f3n p\u00fablica y buen gobierno.<\/p>\n<\/li>\n<li data-start=\"897\" data-end=\"995\">\n<p data-start=\"899\" data-end=\"995\"><strong data-start=\"899\" data-end=\"915\">Derecho regional<\/strong>: Ley 12\/2014, de 26 de diciembre, de transparencia y de acceso a la informaci\u00f3n p\u00fablica.<\/p>\n<\/li>\n<\/ul>\n<p data-start=\"997\" data-end=\"1016\"><strong data-start=\"997\" data-end=\"1016\">Protecci\u00f3n de datos<\/strong><\/p>\n<ul data-start=\"1018\" data-end=\"1122\">\n<li data-start=\"1018\" data-end=\"1122\">\n<p data-start=\"1020\" data-end=\"1122\">Ley Org\u00e1nica 3\/2018, de 5 de diciembre, de Protecci\u00f3n de Datos Personales y garant\u00eda de los derechos digitales.<\/p>\n<\/li>\n<\/ul>\n<p data-start=\"1124\" data-end=\"1138\"><strong data-start=\"1124\" data-end=\"1138\">C\u00f3digo Civil<\/strong><\/p>\n<ul data-start=\"1140\" data-end=\"1207\">\n<li data-start=\"1140\" data-end=\"1207\">\n<p data-start=\"1142\" data-end=\"1207\">Real Decreto de 24 de julio de 1889, por el que se publica el C\u00f3digo Civil espa\u00f1ol.<\/p>\n<\/li>\n<\/ul>\n<p data-start=\"1209\" data-end=\"1232\"><strong data-start=\"1209\" data-end=\"1232\">Registro Mercantil<\/strong><\/p>\n<ul data-start=\"1234\" data-end=\"1318\">\n<li data-start=\"1234\" data-end=\"1318\">\n<p data-start=\"1236\" data-end=\"1318\">Real Decreto 1784\/1996, de 19 de julio, por el que se aprueba el Reglamento del Registro Mercantil.<\/p>\n<\/li>\n<\/ul>\n<p data-start=\"1320\" data-end=\"1340\"><strong data-start=\"1320\" data-end=\"1340\">Estatuto de los Trabajadores<\/strong><\/p>\n<ul data-start=\"1342\" data-end=\"1447\">\n<li data-start=\"1342\" data-end=\"1447\">\n<p data-start=\"1344\" data-end=\"1447\">Real Decreto Legislativo 2\/2015, de 23 de octubre, por el que se aprueba el texto refundido de la Ley del Estatuto de los Trabajadores.<\/p>\n<\/li>\n<\/ul>\n<p data-start=\"1449\" data-end=\"1494\"><strong data-start=\"1449\" data-end=\"1494\">2.3 Informaci\u00f3n sobre las funciones de la entidad<\/strong><\/p>\n<p data-start=\"1496\" data-end=\"1521\">El objetivo de la empresa es:<\/p>\n<ul data-start=\"1523\" data-end=\"1922\">\n<li data-start=\"1523\" data-end=\"1631\">\n<p data-start=\"1525\" data-end=\"1631\">Realizaci\u00f3n y organizaci\u00f3n de excursiones relacionadas con animales, incluidas visitas a granjas con diversos animales.<\/p>\n<\/li>\n<li data-start=\"1632\" data-end=\"1767\">\n<p data-start=\"1634\" data-end=\"1767\">La construcci\u00f3n, adquisici\u00f3n, instalaci\u00f3n y explotaci\u00f3n de establecimientos tur\u00edsticos como bares, restaurantes y tiendas de recuerdos.<\/p>\n<\/li>\n<li data-start=\"1768\" data-end=\"1922\">\n<p data-start=\"1770\" data-end=\"1922\">Actividades de ocio de todo tipo relacionadas con y para el turismo, como organizaci\u00f3n de excursiones, barbacoas, picnics, actuaciones musicales, espect\u00e1culos, etc.<\/p>\n<\/li>\n<\/ul>\n<hr data-start=\"1924\" data-end=\"1927\" \/>\n<h3 data-start=\"1929\" data-end=\"1970\">3. Informaci\u00f3n financiera y econ\u00f3mica<\/h3>\n<p data-start=\"1972\" data-end=\"2007\"><strong data-start=\"1972\" data-end=\"1989\">\u00daltima actualizaci\u00f3n:<\/strong> 30 de noviembre de 2022<\/p>\n<p data-start=\"2009\" data-end=\"2152\">Las Cuentas Anuales del ejercicio 2018 fueron depositadas en el Registro Mercantil de Santa Cruz de Tenerife con el n\u00famero de expediente 2\/2019\/508921.<\/p>\n<p data-start=\"2154\" data-end=\"2252\">Las cuentas anuales del ejercicio 2021 a\u00fan no se han depositado en el Registro Mercantil.<\/p>\n<hr data-start=\"2254\" data-end=\"2257\" \/>\n<h3 data-start=\"2259\" data-end=\"2303\">4. Contratos con las Administraciones P\u00fablicas<\/h3>\n<p data-start=\"2305\" data-end=\"2340\"><strong data-start=\"2305\" data-end=\"2322\">\u00daltima actualizaci\u00f3n:<\/strong> 30 de noviembre de 2022<\/p>\n<p data-start=\"2342\" data-end=\"2442\">Aquikaguaya, S.L. no ha celebrado ni rescindido ning\u00fan contrato con las Administraciones P\u00fablicas en 2021.<\/p>\n<hr data-start=\"2444\" data-end=\"2447\" \/>\n<h3 data-start=\"2449\" data-end=\"2494\">5. Acuerdos con las Administraciones P\u00fablicas<\/h3>\n<p data-start=\"2496\" data-end=\"2531\"><strong data-start=\"2496\" data-end=\"2513\">\u00daltima actualizaci\u00f3n:<\/strong> 30 de noviembre de 2022<\/p>\n<p data-start=\"2533\" data-end=\"2621\">Aquikaguaya, S.L. no ha suscrito ning\u00fan convenio con Administraciones P\u00fablicas en 2021.<\/p>\n<hr data-start=\"2623\" data-end=\"2626\" \/>\n<h3 data-start=\"2628\" data-end=\"2677\">6. Ayudas y Subvenciones de las Administraciones P\u00fablicas<\/h3>\n<p data-start=\"2679\" data-end=\"3073\">Esta informaci\u00f3n es facilitada por los organismos y entidades de las Administraciones P\u00fablicas a la Base de Datos Nacional de Subvenciones y se ajusta a lo dispuesto en la Ley Org\u00e1nica 3\/2018, de 5 de diciembre, de Protecci\u00f3n de Datos de Car\u00e1cter Personal y garant\u00eda de los derechos digitales.<br data-start=\"2950\" data-end=\"2953\" \/>Los derechos de oposici\u00f3n, rectificaci\u00f3n y cancelaci\u00f3n deben ejercerse ante el organismo o entidad que conceda cada subvenci\u00f3n.<\/p>\n<hr data-start=\"3075\" data-end=\"3078\" \/>\n<h3 data-start=\"3080\" data-end=\"3171\">7. Informe anual sobre el grado de implantaci\u00f3n de la Ley de Transparencia de Canarias<\/h3>\n<p data-start=\"3173\" data-end=\"3208\"><strong data-start=\"3173\" data-end=\"3190\">\u00daltima actualizaci\u00f3n:<\/strong> 30 de noviembre de 2022<\/p>\n<p data-start=\"3210\" data-end=\"3466\"><strong data-start=\"3210\" data-end=\"3231\">M\u00e1s informaci\u00f3n:<\/strong> <a class=\"\" href=\"https:\/\/transparenciacanarias.org\/\" target=\"_new\" rel=\"noopener nofollow\" data-start=\"3232\" data-end=\"3304\">https:\/\/transparenciacanarias.org\/<\/a><br data-start=\"3304\" data-end=\"3307\" \/><strong data-start=\"3307\" data-end=\"3345\">Normativa nacional y regional:<\/strong> <a class=\"\" href=\"https:\/\/transparenciacanarias.org\/que-hacemos\/legislacion\/\" target=\"_new\" rel=\"noopener nofollow\" data-start=\"3346\" data-end=\"3466\">https:\/\/transparenciacanarias.org\/que-hacemos\/legislacion\/<\/a><\/p>\n<\/div>\n<\/div>\n<\/div>\n<\/div>\n<\/div>\n<\/div>\n<div class=\"vc_row wpb_row vc_row-fluid mpc-row\">\n<div class=\"wpb_column vc_column_container vc_col-sm-12 mpc-column\" data-column-id=\"mpc_column-5168778513e69e8\">\n<div class=\"vc_column-inner\">\n<div class=\"wpb_wrapper\">\n<div class=\"wpb_text_column wpb_content_element\">\n<div class=\"wpb_wrapper\">\u00a0<\/div>\n<\/div>\n<\/div>\n<\/div>\n<\/div>\n<\/div>\n\t\t\t\t\t\t\t\t<\/div>\n\t\t\t\t<\/div>\n\t\t\t\t\t<\/div>\n\t\t\t\t<\/div>\n\t\t\t\t<\/div>","protected":false},"excerpt":{"rendered":"<p>Transparency Institutional Information Last updated: November 30, 2022Aquikaguaya, S.L. is a private entity operating in the Canary Islands. 1. General Information A family-owned business founded in 1988. Its story began in Tenerife when a couple left their respective jobs in the capital to start a camel ride park for both tourists and locals.In the beginning, [&hellip;]<\/p>\n","protected":false},"author":18,"featured_media":0,"parent":0,"menu_order":0,"comment_status":"closed","ping_status":"closed","template":"","meta":{"_acf_changed":false,"footnotes":""},"class_list":["post-1909","page","type-page","status-publish","hentry"],"acf":[],"_links":{"self":[{"href":"https:\/\/camelpark.es\/es\/wp-json\/wp\/v2\/pages\/1909","targetHints":{"allow":["GET"]}}],"collection":[{"href":"https:\/\/camelpark.es\/es\/wp-json\/wp\/v2\/pages"}],"about":[{"href":"https:\/\/camelpark.es\/es\/wp-json\/wp\/v2\/types\/page"}],"author":[{"embeddable":true,"href":"https:\/\/camelpark.es\/es\/wp-json\/wp\/v2\/users\/18"}],"replies":[{"embeddable":true,"href":"https:\/\/camelpark.es\/es\/wp-json\/wp\/v2\/comments?post=1909"}],"version-history":[{"count":5,"href":"https:\/\/camelpark.es\/es\/wp-json\/wp\/v2\/pages\/1909\/revisions"}],"predecessor-version":[{"id":2060,"href":"https:\/\/camelpark.es\/es\/wp-json\/wp\/v2\/pages\/1909\/revisions\/2060"}],"wp:attachment":[{"href":"https:\/\/camelpark.es\/es\/wp-json\/wp\/v2\/media?parent=1909"}],"curies":[{"name":"wp","href":"https:\/\/api.w.org\/{rel}","templated":true}]}}