{"id":1919,"date":"2025-07-16T12:05:59","date_gmt":"2025-07-16T11:05:59","guid":{"rendered":"https:\/\/testing.websbg.com\/?page_id=1919"},"modified":"2025-08-06T13:31:20","modified_gmt":"2025-08-06T12:31:20","slug":"condiciones-generales","status":"publish","type":"page","link":"https:\/\/camelpark.es\/es\/condiciones-generales\/","title":{"rendered":"T\u00e9rminos y Condiciones"},"content":{"rendered":"<div data-elementor-type=\"wp-page\" data-elementor-id=\"1919\" class=\"elementor elementor-1919\" data-elementor-post-type=\"page\">\n\t\t\t\t<div class=\"elementor-element elementor-element-723326f e-flex e-con-boxed e-con e-parent\" data-id=\"723326f\" data-element_type=\"container\" data-e-type=\"container\" data-settings=\"{&quot;background_background&quot;:&quot;classic&quot;}\">\n\t\t\t\t\t<div class=\"e-con-inner\">\n\t\t\t\t<div class=\"elementor-element elementor-element-ae36412 elementor-widget elementor-widget-heading\" data-id=\"ae36412\" data-element_type=\"widget\" data-e-type=\"widget\" data-widget_type=\"heading.default\">\n\t\t\t\t<div class=\"elementor-widget-container\">\n\t\t\t\t\t<h1 class=\"elementor-heading-title elementor-size-default\">T\u00e9rminos y Condiciones<\/h1>\t\t\t\t<\/div>\n\t\t\t\t<\/div>\n\t\t\t\t\t<\/div>\n\t\t\t\t<\/div>\n\t\t<div class=\"elementor-element elementor-element-645e8ca2 e-flex e-con-boxed e-con e-parent\" data-id=\"645e8ca2\" data-element_type=\"container\" data-e-type=\"container\">\n\t\t\t\t\t<div class=\"e-con-inner\">\n\t\t\t\t<div class=\"elementor-element elementor-element-536de7ed elementor-widget elementor-widget-text-editor\" data-id=\"536de7ed\" data-element_type=\"widget\" data-e-type=\"widget\" data-widget_type=\"text-editor.default\">\n\t\t\t\t<div class=\"elementor-widget-container\">\n\t\t\t\t\t\t\t\t\t\n<h3>Informaci\u00f3n general<\/h3>\n<p>Este sitio web est\u00e1 gestionado por Camel Park, con el nombre comercial de Camel Park. En todo el sitio, los t\u00e9rminos \"<b>nosotros<\/b>,\u201d \u201c<b>us<\/b>y \"<b>nuestra<\/b>\"se refiere a Camel Park. Camel Park ofrece este sitio web, incluyendo toda la informaci\u00f3n, herramientas y servicios disponibles para usted, el usuario, condicionado a la aceptaci\u00f3n de todos los t\u00e9rminos, condiciones, pol\u00edticas y avisos aqu\u00ed establecidos.<\/p>\n<p>Al visitar nuestro sitio web y\/o comprarnos algo, usted se compromete con nuestra \"<b>Servicio<\/b>\"y acepta someterse a los siguientes t\u00e9rminos y condiciones (<b>\"Condiciones del servicio\", \"Condiciones\"<\/b>), incluidas las condiciones y pol\u00edticas adicionales a las que se hace referencia en el presente documento y\/o disponibles mediante hiperv\u00ednculo. Estas Condiciones del servicio se aplican a todos los usuarios del sitio, incluidos, entre otros, los usuarios que son navegadores, vendedores, clientes, comerciantes y\/o colaboradores de contenidos.<\/p>\n<p>Lea atentamente estas Condiciones de servicio antes de acceder o utilizar nuestro sitio web. Al acceder o utilizar cualquier parte del sitio, usted acepta quedar vinculado por estas Condiciones de servicio. Si no acepta todos los t\u00e9rminos y condiciones de este acuerdo, no podr\u00e1 acceder al sitio web ni utilizar ninguno de los servicios. Si estas Condiciones del servicio se consideran una oferta, su aceptaci\u00f3n se limita expresamente a estas Condiciones del servicio.<\/p>\n<p>Cualquier nueva funci\u00f3n o herramienta que se a\u00f1ada a la tienda actual tambi\u00e9n estar\u00e1 sujeta a las Condiciones del servicio. Puede consultar la versi\u00f3n m\u00e1s actualizada de las Condiciones del servicio en cualquier momento en esta p\u00e1gina. Nos reservamos el derecho a actualizar, cambiar o sustituir cualquier parte de estas Condiciones del servicio mediante la publicaci\u00f3n de actualizaciones y\/o cambios en nuestro sitio web. Es su responsabilidad revisar esta p\u00e1gina peri\u00f3dicamente para comprobar si se han producido cambios. El uso continuado o el acceso al sitio web tras la publicaci\u00f3n de cualquier cambio constituye la aceptaci\u00f3n de dichos cambios.<\/p>\n<hr \/>\n<p>\u00a0<\/p>\n<h3>Secci\u00f3n 1 - T\u00e9rminos de Camel Park<\/h3>\n<p>Al utilizar este sitio, usted declara que es mayor de edad en su estado o provincia de residencia, o que es mayor de edad en su estado o provincia de residencia y nos ha dado su consentimiento para permitir que cualquiera de sus dependientes menores de edad utilice este sitio.<\/p>\n<p>Usted no puede utilizar nuestros productos para ning\u00fan prop\u00f3sito ilegal o no autorizado, ni puede, en el uso del Servicio, violar ninguna ley en su jurisdicci\u00f3n (incluyendo pero no limitado a las leyes de derechos de autor).<\/p>\n<p>No debe transmitir gusanos ni virus ni ning\u00fan c\u00f3digo de naturaleza destructiva.<\/p>\n<p>El incumplimiento o violaci\u00f3n de cualquiera de las Condiciones dar\u00e1 lugar a la rescisi\u00f3n inmediata de sus Servicios.<\/p>\n<hr \/>\n<p>\u00a0<\/p>\n<h3>Secci\u00f3n 2 - Condiciones generales<\/h3>\n<p>Usted entiende que su contenido (sin incluir la informaci\u00f3n de la tarjeta de cr\u00e9dito) puede transferirse sin cifrar e implicar (a) transmisiones a trav\u00e9s de varias redes; y (b) cambios para ajustarse y adaptarse a los requisitos t\u00e9cnicos de las redes o dispositivos de conexi\u00f3n. La informaci\u00f3n de las tarjetas de cr\u00e9dito siempre se encripta durante la transferencia a trav\u00e9s de las redes.<\/p>\n<p>Usted se compromete a no reproducir, duplicar, copiar, vender, revender o explotar ninguna parte del Servicio, el uso del Servicio, o el acceso al Servicio o cualquier contacto en el sitio web a trav\u00e9s del cual se presta el servicio, sin el permiso expreso y por escrito de nosotros.<\/p>\n<p>Los encabezamientos utilizados en este acuerdo se incluyen \u00fanicamente por comodidad y no limitar\u00e1n ni afectar\u00e1n de otro modo a estas Condiciones.<\/p>\n<hr \/>\n<p>\u00a0<\/p>\n<h3>Secci\u00f3n 3 - Productos o servicios<\/h3>\n<p>Hemos hecho todo lo posible para mostrar con la mayor precisi\u00f3n posible los colores y las im\u00e1genes de nuestros productos que aparecen en la tienda. No podemos garantizar que la visualizaci\u00f3n de cualquier color en el monitor de su ordenador sea exacta.<\/p>\n<p>Todas las promociones no son acumulables con otras promociones. Son v\u00e1lidas hasta agotar existencias y est\u00e1n limitadas a una por persona.<\/p>\n<p>El uso de los cupones es personal, con un solo cup\u00f3n por usuario. Un cup\u00f3n por pedido. Cada cup\u00f3n puede tener restricciones espec\u00edficas que se comunicar\u00e1n en el banner.<\/p>\n<p>Camel Park se compromete a suministrar los mejores productos que cumplan nuestras normas de higiene de la moda, as\u00ed como a cumplir los requisitos m\u00e1s exigentes en materia de seguridad sanitaria y normativa aplicable. En el caso de que alguno de nuestros productos no cumpla con los m\u00e1s altos est\u00e1ndares, retiraremos inmediatamente el producto de nuestro mercado.<\/p>\n<hr \/>\n<p>\u00a0<\/p>\n<h3>Secci\u00f3n 4 - Exactitud de la informaci\u00f3n sobre facturaci\u00f3n y cuentas<\/h3>\n<p>Puede solicitar la factura correspondiente en formato electr\u00f3nico o en papel enviando un correo electr\u00f3nico a administrador@CamelPark.com.<\/p>\n<p>Podremos notific\u00e1rselo poni\u00e9ndonos en contacto con usted a trav\u00e9s del correo electr\u00f3nico y\/o la direcci\u00f3n de facturaci\u00f3n\/n\u00famero de tel\u00e9fono facilitados en el momento de realizar el pedido. Nos reservamos el derecho a limitar o prohibir pedidos que, a nuestro juicio, parezcan realizados por comerciantes, revendedores o distribuidores.<\/p>\n<p>Usted se compromete a proporcionar informaci\u00f3n de compra y de cuenta actual, completa y precisa para todas las compras realizadas en nuestra tienda. Usted se compromete a actualizar puntualmente su cuenta y otra informaci\u00f3n, incluyendo su direcci\u00f3n de correo electr\u00f3nico y n\u00fameros de tarjetas de cr\u00e9dito y fechas de caducidad, para que podamos completar sus transacciones y en contacto con usted cuando sea necesario.<\/p>\n<p>Para m\u00e1s detalles, consulte nuestra Pol\u00edtica de devoluciones en la secci\u00f3n 18 de este documento.<\/p>\n<hr \/>\n<p>\u00a0<\/p>\n<h3>Secci\u00f3n 5 - Herramientas opcionales<\/h3>\n<p>Es posible que le proporcionemos acceso a herramientas de terceros sobre las que no ejercemos ning\u00fan control.<\/p>\n<p>Usted reconoce y acepta que proporcionamos acceso a dichas herramientas \"tal cual\" y \"seg\u00fan disponibilidad\", sin garant\u00edas, declaraciones ni condiciones de ning\u00fan tipo y sin ning\u00fan tipo de respaldo. No tendremos responsabilidad alguna derivada o relacionada con su uso de herramientas opcionales de terceros.<\/p>\n<p>Cualquier uso que usted haga de las herramientas opcionales que se ofrecen a trav\u00e9s del sitio corre enteramente por su cuenta y riesgo, y debe asegurarse de que conoce y aprueba las condiciones en las que las herramientas son proporcionadas por el proveedor o proveedores externos correspondientes.<\/p>\n<p>En el futuro, tambi\u00e9n podremos ofrecer nuevos servicios y\/o funciones a trav\u00e9s del sitio web (incluido el lanzamiento de nuevas herramientas y recursos). Estas nuevas funciones y\/o servicios tambi\u00e9n estar\u00e1n sujetos a las presentes Condiciones de servicio.<\/p>\n<hr \/>\n<p>\u00a0<\/p>\n<h3>Secci\u00f3n 6 - Enlaces de terceros<\/h3>\n<p>Determinados contenidos, productos y servicios disponibles a trav\u00e9s de nuestro Servicio pueden incluir materiales de terceros.<\/p>\n<p>Los enlaces de terceros en este sitio pueden dirigirle a sitios web de terceros que no est\u00e1n afiliados a nosotros. No somos responsables de examinar o evaluar el contenido o la exactitud y no garantizamos y no tendremos ninguna obligaci\u00f3n o responsabilidad por cualquier material de terceros o sitios web, o por cualquier otro material, productos o servicios de terceros.<\/p>\n<p>No nos hacemos responsables de ning\u00fan da\u00f1o o perjuicio relacionado con la compra o el uso de bienes o servicios, <span class=\"citation-504 citation-end-504\">recursos, contenidos o cualquier otra transacci\u00f3n realizada en relaci\u00f3n con sitios web de terceros. Revise detenidamente las pol\u00edticas y pr\u00e1cticas de terceros y aseg\u00farese de que las comprende antes de realizar cualquier transacci\u00f3n. Quejas, reclamaciones, dudas o preguntas<\/span> relativas a productos de terceros deben dirigirse a \u00e9stos.<\/p>\n<div class=\"source-inline-chip-container ng-star-inserted\">\u00a0<\/div>\n<hr \/>\n<p>\u00a0<\/p>\n<h3>Secci\u00f3n 7 - Comentarios, opiniones y otros env\u00edos de los usuarios<\/h3>\n<p>Si, a petici\u00f3n nuestra, usted env\u00eda determinados env\u00edos espec\u00edficos (por ejemplo, participaciones en concursos) o sin que nosotros se lo pidamos env\u00eda ideas creativas, sugerencias, propuestas, planes u otros materiales, ya sea en l\u00ednea, por correo electr\u00f3nico, por correo postal o de otro modo (colectivamente, \"comentarios\"), usted acepta que podamos, en cualquier momento y sin restricciones, editar, copiar, publicar, distribuir, traducir y utilizar de otro modo en cualquier medio cualquier comentario que usted nos env\u00ede. No estamos ni estaremos obligados (1) a mantener la confidencialidad de ning\u00fan comentario; (2) a pagar una compensaci\u00f3n por ning\u00fan comentario; ni (3) a responder a ning\u00fan comentario.<\/p>\n<p>Podemos, pero no tenemos ninguna obligaci\u00f3n de, controlar, editar o eliminar el contenido que determinemos, a nuestra entera discreci\u00f3n, que es ilegal, ofensivo, amenazante, calumnioso, difamatorio, pornogr\u00e1fico, obsceno, o de otra manera objetable o que viole la propiedad intelectual de cualquier parte o estas Condiciones del servicio.<\/p>\n<p>Usted acepta que sus comentarios no violar\u00e1n ning\u00fan derecho de terceros, incluidos los derechos de autor, marca registrada, privacidad, personalidad u otro derecho personal o de propiedad. Asimismo, acepta que sus comentarios no contendr\u00e1n material difamatorio o ilegal, abusivo u obsceno, ni virus inform\u00e1ticos u otros programas maliciosos que puedan afectar de alg\u00fan modo al funcionamiento del Servicio o de cualquier sitio web relacionado. No podr\u00e1 utilizar una direcci\u00f3n de correo electr\u00f3nico falsa, hacerse pasar por otra persona que no sea usted, ni inducirnos a error a nosotros o a terceros sobre el origen de los comentarios. Usted es el \u00fanico responsable de los comentarios que realice y de su exactitud. No asumimos responsabilidad alguna por los comentarios que usted o terceros publiquen.<\/p>\n<hr \/>\n<p>\u00a0<\/p>\n<h3>Secci\u00f3n 8 - Informaci\u00f3n personal<\/h3>\n<p>El env\u00edo de informaci\u00f3n personal a trav\u00e9s del sitio se rige por nuestra Pol\u00edtica de privacidad. Para ver nuestro Aviso de Privacidad.<\/p>\n<hr \/>\n<p>\u00a0<\/p>\n<h3>Secci\u00f3n 9 - Errores, imprecisiones y omisiones<\/h3>\n<p>Cualquier especificaci\u00f3n actualizada o fecha de actualizaci\u00f3n aplicada en el Servicio o en cualquier sitio web relacionado no debe tomarse como indicaci\u00f3n de que toda la informaci\u00f3n del Servicio o de cualquier sitio web relacionado ha sido modificada o actualizada.<\/p>\n<hr \/>\n<p>\u00a0<\/p>\n<h3>Secci\u00f3n 10 - Usos prohibidos<\/h3>\n<p>Adem\u00e1s de otras prohibiciones establecidas en las Condiciones del servicio, se le proh\u00edbe utilizar el sitio o su contenido (a) para cualquier fin il\u00edcito; (b) para solicitar a otros que realicen o participen en cualquier acto il\u00edcito; (c) para infringir cualquier reglamento, norma, ley u ordenanza local internacional, federal, provincial o estatal; (d) para infringir o violar nuestros derechos de propiedad intelectual o los derechos de propiedad intelectual de otros; (e) acosar, abusar, insultar, da\u00f1ar, difamar, calumniar, menospreciar, intimidar o discriminar por motivos de g\u00e9nero, orientaci\u00f3n sexual, religi\u00f3n, etnia, raza, edad, nacionalidad o discapacidad; (f) enviar informaci\u00f3n falsa o enga\u00f1osa; (g) cargar o transmitir virus o cualquier otro tipo de c\u00f3digo malicioso que afecte o pueda afectar de alg\u00fan modo a la funcionalidad o al funcionamiento del Servicio o de cualquier sitio web relacionado, de otros sitios web o de Internet; (h) recopilar o rastrear la informaci\u00f3n personal de otros; (i) para spam, phishing, pharm, pretext, spider, crawl, o scrape; (j) para cualquier prop\u00f3sito obsceno o inmoral; o (k) para interferir o eludir las funciones de seguridad del Servicio o de cualquier sitio web relacionado, otros sitios web o Internet. Nos reservamos el derecho a poner fin a su uso del Servicio o de cualquier sitio web relacionado por infringir cualquiera de los usos prohibidos.<\/p>\n<hr \/>\n<p>\u00a0<\/p>\n<h3>Secci\u00f3n 11 - Exclusi\u00f3n de garant\u00edas; limitaci\u00f3n de responsabilidad<\/h3>\n<p>Usted acepta expresamente que el uso que haga del servicio, o la imposibilidad de utilizarlo, ser\u00e1 por su cuenta y riesgo. El servicio y todos los productos y servicios que se le ofrecen a trav\u00e9s del servicio se proporcionan (salvo que nosotros lo indiquemos expresamente) \"tal cual\" y \"seg\u00fan disponibilidad\" para su uso.<\/p>\n<p>En ning\u00fan caso Camel Park, nuestros directores, funcionarios, empleados, afiliados, agentes, contratistas, pasantes, proveedores, prestadores de servicios o licenciantes ser\u00e1n responsables por cualquier lesi\u00f3n, p\u00e9rdida, reclamo o cualquier da\u00f1o directo, indirecto, incidental, punitivo, especial o consecuente de cualquier tipo, incluyendo, sin limitaci\u00f3n, p\u00e9rdida de beneficios, p\u00e9rdida de ingresos, p\u00e9rdida de ahorros, p\u00e9rdida de datos, costos de reemplazo o cualquier da\u00f1o similar.<\/p>\n<p>Debido a que algunos estados o jurisdicciones no permiten la exclusi\u00f3n o la limitaci\u00f3n de responsabilidad por da\u00f1os consecuenciales o incidentales, en dichos estados o jurisdicciones, nuestra responsabilidad se limitar\u00e1 al m\u00e1ximo permitido por la ley.<\/p>\n<hr \/>\n<p>\u00a0<\/p>\n<h3>Secci\u00f3n 12 - Indemnizaci\u00f3n<\/h3>\n<p>Usted acepta indemnizar, defender y mantener indemne a Camel Park y a nuestra empresa matriz, subsidiarias, filiales, socios, directivos, directores, agentes, contratistas, licenciantes, proveedores de servicios, subcontratistas, proveedores, becarios y empleados, frente a cualquier reclamaci\u00f3n o demanda, incluidos los honorarios razonables de abogados, interpuesta por cualquier tercero debido al incumplimiento por su parte de estas Condiciones del servicio o de los documentos que incorpora como referencia, o a la infracci\u00f3n por su parte de cualquier ley o derecho de un tercero.<\/p>\n<hr \/>\n<p>\u00a0<\/p>\n<h3>Secci\u00f3n 13 - Divisibilidad<\/h3>\n<p>En caso de que se determine que alguna disposici\u00f3n de estas Condiciones del servicio es ilegal, nula o inaplicable, dicha disposici\u00f3n ser\u00e1, no obstante, aplicable en la m\u00e1xima medida permitida por la legislaci\u00f3n aplicable, y la parte inaplicable se considerar\u00e1 separada de estas Condiciones del servicio, <span class=\"citation-503 citation-end-503\">dicha determinaci\u00f3n no afectar\u00e1 a la validez y aplicabilidad de las restantes disposiciones.<\/span><\/p>\n<div class=\"source-inline-chip-container ng-star-inserted\">\u00a0<\/div>\n<hr \/>\n<p>\u00a0<\/p>\n<h3><span class=\"citation-502 citation-end-502\">Secci\u00f3n 14 - Rescisi\u00f3n<\/span><\/h3>\n<p><span class=\"citation-501 citation-end-501\">Las obligaciones y responsabilidades de las partes contra\u00eddas con anterioridad a la fecha de rescisi\u00f3n seguir\u00e1n vigentes despu\u00e9s de la fecha de rescisi\u00f3n.<\/span>erminaci\u00f3n del presente acuerdo a todos los efectos.<\/p>\n<div class=\"source-inline-chip-container ng-star-inserted\">\u00a0<\/div>\n<p>Estas Condiciones del servicio son efectivas a menos y hasta que usted o nosotros las rescindamos. Puede rescindir estas Condiciones del servicio en cualquier momento notific\u00e1ndonos que ya no desea utilizar nuestros Servicios, o cuando deje de utilizar nuestro sitio.<\/p>\n<p>Si a nuestro juicio usted incumple, o sospechamos que ha incumplido, cualquier t\u00e9rmino o disposici\u00f3n de estas Condiciones de servicio, tambi\u00e9n podremos rescindir este acuerdo en cualquier momento y sin previo aviso, y usted seguir\u00e1 siendo responsable de todos los importes adeudados hasta la fecha de rescisi\u00f3n inclusive; y\/o, en consecuencia, podremos denegarle el acceso a nuestros Servicios (o a cualquier parte de los mismos).<\/p>\n<hr \/>\n<p>\u00a0<\/p>\n<h3>Secci\u00f3n 15 - Acuerdo completo<\/h3>\n<p>El hecho de que no ejerzamos o hagamos valer cualquier derecho o disposici\u00f3n de estas Condiciones del servicio no constituir\u00e1 una renuncia a dicho derecho o disposici\u00f3n.<\/p>\n<p>Las presentes Condiciones del servicio y cualesquiera pol\u00edticas o normas de funcionamiento publicadas por nosotros en este sitio o con respecto al Servicio constituyen la totalidad del acuerdo y entendimiento entre usted y nosotros y rigen el uso que usted haga del Servicio, sustituyendo a cualesquiera acuerdos, comunicaciones y propuestas anteriores o contempor\u00e1neos, ya sean orales o escritos, entre usted y nosotros (incluidas, a t\u00edtulo meramente enunciativo y no limitativo, cualesquiera versiones anteriores de las Condiciones del servicio).<\/p>\n<p>Cualquier ambig\u00fcedad en la interpretaci\u00f3n de estas Condiciones del servicio no se interpretar\u00e1 en contra de la parte redactora.<\/p>\n<hr \/>\n<p>\u00a0<\/p>\n<h3>Secci\u00f3n 16 - Derecho<\/h3>\n<p>Para la interpretaci\u00f3n y aplicaci\u00f3n de las presentes condiciones, las partes se someten a la jurisdicci\u00f3n del domicilio del consumidor.<\/p>\n<hr \/>\n<p>\u00a0<\/p>\n<h3>Secci\u00f3n 17 - Modificaciones de las Condiciones de servicio<\/h3>\n<p>Puede consultar la versi\u00f3n m\u00e1s actualizada de las Condiciones del servicio en cualquier momento en esta p\u00e1gina.<\/p>\n<p>Nos reservamos el derecho, a nuestra entera discreci\u00f3n, de actualizar, cambiar o sustituir cualquier parte de estas Condiciones del servicio mediante la publicaci\u00f3n de actualizaciones y cambios en nuestro sitio web. Es su responsabilidad comprobar peri\u00f3dicamente si se han producido cambios en nuestro sitio web. El uso continuado o el acceso a nuestro sitio web o al Servicio tras la publicaci\u00f3n de cualquier cambio en estas Condiciones del servicio constituye la aceptaci\u00f3n de dichos cambios.<\/p>\n<hr \/>\n<p>\u00a0<\/p>\n<h3>Secci\u00f3n 18 - Pol\u00edtica de cambios y devoluciones<\/h3>\n<p>Las entradas adquiridas a trav\u00e9s de Camel Park no son reembolsables. Una vez realizada la compra, no ser\u00e1 posible solicitar su devoluci\u00f3n. Sin embargo, sujeto a disponibilidad, podr\u00e1 cambiar la fecha u hora de su reserva hasta 48 horas antes de su visita poni\u00e9ndose en contacto con nosotros en la direcci\u00f3n de correo electr\u00f3nico especificada o por tel\u00e9fono.<\/p>\n<hr \/>\n<p>\u00a0<\/p>\n<h3>Secci\u00f3n 19 - Env\u00edo y entrega de billetes<\/h3>\n<p>Las entradas adquiridas a trav\u00e9s de Camel Park se enviar\u00e1n inmediatamente a la direcci\u00f3n de correo electr\u00f3nico especificada por el usuario. Recomendamos al usuario que compruebe su <b>SPAM<\/b> o la carpeta de correo no deseado si no ven las entradas en su bandeja de entrada.<\/p>\n<p>En caso de que no reciba el correo electr\u00f3nico con las entradas unos minutos despu\u00e9s de realizar el pago, puede ponerse en contacto con nosotros por tel\u00e9fono en 922721121, o por correo electr\u00f3nico en administrador@camelpark.es, para que nos ocupemos de su caso y le enviemos electr\u00f3nicamente las entradas adquiridas.<\/p>\n<hr \/>\n<p>\u00a0<\/p>\n<h3>Secci\u00f3n 20 - Formas de pago, gastos y descuentos<\/h3>\n<p>El PROVEEDOR ofrece los siguientes m\u00e9todos para realizar el pago de un pedido:<\/p>\n<ul>\n<li>\n<p><b>Pago mediante PayPal:<\/b> No se aplicar\u00e1n descuentos ni gastos.<\/p>\n<\/li>\n<li>\n<p><b>Tarjeta de cr\u00e9dito:<\/b> No se aplicar\u00e1n descuentos ni gastos.<\/p>\n<\/li>\n<\/ul>\n<hr \/>\n<p>\u00a0<\/p>\n<h3>Secci\u00f3n 21 - Informaci\u00f3n de contacto<\/h3>\n<p>Las preguntas sobre las Condiciones del servicio deben enviarse a cameluspark@gmail.com.<\/p>\n\t\t\t\t\t\t\t\t<\/div>\n\t\t\t\t<\/div>\n\t\t\t\t\t<\/div>\n\t\t\t\t<\/div>\n\t\t\t\t<\/div>","protected":false},"excerpt":{"rendered":"<p>Terms and Conditions General Information This website is operated by Camel Park, with the business name Camel Park. Throughout the site, the terms &#8220;we,&#8221; &#8220;us,&#8221; and &#8220;our&#8221; refer to Camel Park. Camel Park offers this website, including all information, tools, and services available to you, the user, conditioned upon your acceptance of all terms, conditions, [&hellip;]<\/p>\n","protected":false},"author":18,"featured_media":0,"parent":0,"menu_order":0,"comment_status":"closed","ping_status":"closed","template":"","meta":{"_acf_changed":false,"footnotes":""},"class_list":["post-1919","page","type-page","status-publish","hentry"],"acf":[],"_links":{"self":[{"href":"https:\/\/camelpark.es\/es\/wp-json\/wp\/v2\/pages\/1919","targetHints":{"allow":["GET"]}}],"collection":[{"href":"https:\/\/camelpark.es\/es\/wp-json\/wp\/v2\/pages"}],"about":[{"href":"https:\/\/camelpark.es\/es\/wp-json\/wp\/v2\/types\/page"}],"author":[{"embeddable":true,"href":"https:\/\/camelpark.es\/es\/wp-json\/wp\/v2\/users\/18"}],"replies":[{"embeddable":true,"href":"https:\/\/camelpark.es\/es\/wp-json\/wp\/v2\/comments?post=1919"}],"version-history":[{"count":5,"href":"https:\/\/camelpark.es\/es\/wp-json\/wp\/v2\/pages\/1919\/revisions"}],"predecessor-version":[{"id":2071,"href":"https:\/\/camelpark.es\/es\/wp-json\/wp\/v2\/pages\/1919\/revisions\/2071"}],"wp:attachment":[{"href":"https:\/\/camelpark.es\/es\/wp-json\/wp\/v2\/media?parent=1919"}],"curies":[{"name":"wp","href":"https:\/\/api.w.org\/{rel}","templated":true}]}}