{"id":421,"date":"2024-09-02T19:32:48","date_gmt":"2024-09-02T18:32:48","guid":{"rendered":"https:\/\/base.thebluegrow.com\/?page_id=421"},"modified":"2025-08-06T18:40:13","modified_gmt":"2025-08-06T17:40:13","slug":"politica-de-privacidad","status":"publish","type":"page","link":"https:\/\/camelpark.es\/es\/politica-de-privacidad\/","title":{"rendered":"Pol\u00edtica de privacidad"},"content":{"rendered":"<div data-elementor-type=\"wp-page\" data-elementor-id=\"421\" class=\"elementor elementor-421\" data-elementor-post-type=\"page\">\n\t\t\t\t<div class=\"elementor-element elementor-element-5c93b32 e-flex e-con-boxed e-con e-parent\" data-id=\"5c93b32\" data-element_type=\"container\" data-e-type=\"container\" data-settings=\"{&quot;background_background&quot;:&quot;classic&quot;}\">\n\t\t\t\t\t<div class=\"e-con-inner\">\n\t\t\t\t<div class=\"elementor-element elementor-element-d8fc2d0 elementor-widget elementor-widget-heading\" data-id=\"d8fc2d0\" data-element_type=\"widget\" data-e-type=\"widget\" data-widget_type=\"heading.default\">\n\t\t\t\t<div class=\"elementor-widget-container\">\n\t\t\t\t\t<h1 class=\"elementor-heading-title elementor-size-default\">Pol\u00edtica de privacidad<\/h1>\t\t\t\t<\/div>\n\t\t\t\t<\/div>\n\t\t\t\t\t<\/div>\n\t\t\t\t<\/div>\n\t\t<div class=\"elementor-element elementor-element-7d5cd03 e-flex e-con-boxed e-con e-parent\" data-id=\"7d5cd03\" data-element_type=\"container\" data-e-type=\"container\">\n\t\t\t\t\t<div class=\"e-con-inner\">\n\t\t\t\t<div class=\"elementor-element elementor-element-ce565ac elementor-widget elementor-widget-text-editor\" data-id=\"ce565ac\" data-element_type=\"widget\" data-e-type=\"widget\" data-widget_type=\"text-editor.default\">\n\t\t\t\t<div class=\"elementor-widget-container\">\n\t\t\t\t\t\t\t\t\t<p>La presente pol\u00edtica de privacidad se aplica cuando usted utiliza los servicios de CAMEL, nuestros sitios web y cuando se pone en contacto con nosotros a trav\u00e9s de los medios que ponemos a su disposici\u00f3n (tel\u00e9fono, chat, correo electr\u00f3nico y redes sociales). A trav\u00e9s de esta pol\u00edtica, y en l\u00ednea con nuestro compromiso de transparencia, le informamos sobre los datos que recopilamos y c\u00f3mo los utilizamos.<\/p><p>CAMEL PARK trata los datos de forma l\u00edcita, leal y transparente. S\u00f3lo tratamos los datos adecuados, pertinentes y limitados a lo necesario para los fines espec\u00edficos, expl\u00edcitos y leg\u00edtimos para los que se recogen, y no los tratamos para fines incompatibles con aquellos.<\/p><p>Esta Pol\u00edtica est\u00e1 permanentemente accesible a trav\u00e9s del enlace \"Privacidad\" de la p\u00e1gina web y puede ser actualizada en cualquier momento, ya sea como consecuencia de un cambio normativo o de una modificaci\u00f3n en la configuraci\u00f3n de los servicios o en el tipo de negocio desarrollado. Las modificaciones que impliquen cambios en la prestaci\u00f3n del servicio contratado o requieran el consentimiento de los interesados ser\u00e1n comunicadas con un plazo de preaviso de quince d\u00edas para que los interesados puedan oponerse al tratamiento de sus datos en los t\u00e9rminos descritos en la modificaci\u00f3n, o para que los clientes puedan adoptar las medidas que estimen oportunas en relaci\u00f3n con la modificaci\u00f3n comunicada. Si, transcurrido el plazo previsto, el usuario vuelve a acceder a sus servicios o no comunica su oposici\u00f3n, se entender\u00e1n aceptadas las nuevas condiciones.<\/p><hr \/><p>\u00a0<\/p><h3><b>\u00bfQui\u00e9n es el responsable del tratamiento?<\/b><\/h3><p>\u00a0<\/p><ul><li><p><b>Nombre:<\/b> Samantha Jayne L\u00f3pez Lynch<\/p><\/li><li><p><b>N.I.F:<\/b> 43358910T<\/p><\/li><li><p><b>Empresa:<\/b> Aquikaguaya S.L.<\/p><\/li><li><p><b>CIF:<\/b> B76785633<\/p><\/li><li><p><b>Direcci\u00f3n postal:<\/b> Ctra. Gral. s\/n Los Cristianos-La Camella. Arona . Tenerife, 38627 La Camella, Arona, Santa Cruz de Tenerife<\/p><\/li><li><p><b>Tel\u00e9fono(s):<\/b> 922 72 11 21<\/p><\/li><li><p><b>Correo electr\u00f3nico:<\/b> cameluspark@gmail.com<\/p><\/li><li><p><b>P\u00e1gina web:<\/b> <a class=\"ng-star-inserted\" href=\"https:\/\/camelpark.es\/es\/\" target=\"_blank\" rel=\"noopener\">https:\/\/camelpark.es<\/a><\/p><\/li><\/ul><hr \/><p>\u00a0<\/p><h3><b>\u00bfCon qu\u00e9 fin tratamos los datos?<\/b><\/h3><p>\u00a0<\/p><p>Para acceder y\/o navegar por el sitio web de CAMEL PARK no es necesario aportar ning\u00fan dato. El car\u00e1cter obligatorio de la respuesta a las preguntas o datos solicitados a trav\u00e9s del sitio web se indica mediante un asterisco (*) junto a la pregunta o campo del formulario. Si no se facilitan los datos requeridos, no ser\u00e1 posible prestar el servicio o funcionalidad solicitada.<\/p><p>CAMEL PARK no trata datos de menores de edad en ning\u00fan caso, como registro como usuario y contrataci\u00f3n de servicios a trav\u00e9s del sitio web <a class=\"ng-star-inserted\" href=\"https:\/\/camelpark.es\/es\/\" target=\"_blank\" rel=\"noopener\">https:\/\/camelpark.es<\/a> s\u00f3lo se permite a mayores de edad con plena capacidad jur\u00eddica para actuar.<\/p><p>En CAMEL PARK tratamos la informaci\u00f3n registrada de acuerdo con las siguientes finalidades:<\/p><ul><li><p><b>Clientes:<\/b> Los datos facilitados en el momento del registro del usuario, recabados a trav\u00e9s de cualquiera de los medios o canales de contacto identificados en el sitio web (incluidos chats o llamadas telef\u00f3nicas), y recogidos a trav\u00e9s de los servicios de CAMEL PARK, se utilizan para gestionar la cuenta del usuario y los servicios contratados, tanto a nivel t\u00e9cnico como contable, fiscal, <span class=\"citation-771 citation-end-771\">y administrativa, y\/o para notificarles incidencias o cualquier informaci\u00f3n de inter\u00e9s sobre sus servicios. A estos efectos, y en cumplimiento de la normativa fiscal y de protecci\u00f3n de datos, los datos de facturaci\u00f3n facilitados por los usuarios <\/span>se verifica consultando el servicio de calidad de datos de la administraci\u00f3n tributaria, y se rectifican los datos inexactos. La base jur\u00eddica del tratamiento es la prestaci\u00f3n del servicio o la ejecuci\u00f3n del contrato.<\/p><div class=\"source-inline-chip-container ng-star-inserted\">\u00a0<\/div><\/li><li><p><b>Promociones:<\/b> CAMEL PARK utiliza los datos de contacto facilitados por los usuarios para remitirles, por medios electr\u00f3nicos o de otro tipo, informaci\u00f3n sobre las mejoras que se vayan implementando en los servicios contratados, as\u00ed como para mantenerles informados sobre noticias que puedan ser de su inter\u00e9s (ofertas y promociones), es decir, con fines de marketing directo. CAMEL PARK se opone frontalmente al spamming: es el usuario quien decide -y autoriza- si desea o no recibir este tipo de comunicaciones, registr\u00e1ndose como usuario en <a class=\"ng-star-inserted\" href=\"https:\/\/camelpark.es\/es\/\" target=\"_blank\" rel=\"noopener\">https:\/\/camelpark.es<\/a> y, por tanto, aceptando esta Pol\u00edtica, o solicitando este tipo de informaci\u00f3n a trav\u00e9s de cualquiera de los medios de contacto facilitados en el sitio web. La base jur\u00eddica del tratamiento es el consentimiento.<\/p><\/li><li><p><b>Datos de tr\u00e1fico y localizaci\u00f3n:<\/b> CAMEL PARK conserva los datos generados en el marco de la prestaci\u00f3n de servicios de comunicaciones electr\u00f3nicas, poni\u00e9ndolos a disposici\u00f3n de las autoridades competentes, de conformidad con la Ley 25\/2007, de 18 de octubre. Estos datos no se utilizan con fines de promoci\u00f3n comercial. La base legal para el tratamiento es el cumplimiento de una obligaci\u00f3n legal.<\/p><\/li><li><p><b>Candidatos:<\/b> Los datos facilitados por los interesados en trabajar en CAMEL PARK se utilizan en los procesos de selecci\u00f3n de personal que llevamos a cabo. La base jur\u00eddica del tratamiento es el consentimiento.<\/p><\/li><li><p><b>Abuso:<\/b> Los datos facilitados al comunicar una denuncia se utilizan para analizar el caso, dar la respuesta correspondiente y acreditar el cumplimiento de las obligaciones asociadas a su gesti\u00f3n, as\u00ed como para la defensa en posibles reclamaciones. La base legal para el tratamiento es el consentimiento.<\/p><\/li><li><p><b>Contacto:<\/b> Los datos recibidos a trav\u00e9s de cualquiera de los medios y\/o canales de contacto indicados en la web se utilizan para contactar y\/o gestionar la solicitud o incidencia comunicada. Las llamadas podr\u00e1n ser grabadas para mejorar la calidad de los servicios y por motivos de seguridad para verificar las instrucciones recibidas o la informaci\u00f3n facilitada. La base legal para el tratamiento es la prestaci\u00f3n del servicio o la ejecuci\u00f3n del contrato, as\u00ed como el inter\u00e9s leg\u00edtimo de CAMEL PARK.<\/p><\/li><li><p><b>Publicaci\u00f3n automatizada en redes sociales:<\/b> Los usuarios que utilicen el servicio automatizado de publicaci\u00f3n en redes sociales deber\u00e1n facilitar sus credenciales de acceso (nombre de usuario\/direcci\u00f3n de correo electr\u00f3nico y contrase\u00f1a) a dichas redes. Estas credenciales se utilizan con el \u00fanico fin de publicar los contenidos facilitados por los usuarios en su nombre. Estos contenidos deben cumplir tanto la legislaci\u00f3n vigente como las condiciones de uso de las propias redes sociales. La base jur\u00eddica del tratamiento es la prestaci\u00f3n de un servicio.<\/p><\/li><li><p><b>Actividades de promoci\u00f3n en las redes sociales:<\/b> Los datos de los participantes en acciones promocionales a trav\u00e9s de redes sociales son tratados con la \u00fanica finalidad de llevar a cabo la correspondiente actividad promocional, sorteo o concurso, as\u00ed como la entrega del correspondiente premio, en su caso. La base jur\u00eddica del tratamiento es el consentimiento.<\/p><\/li><li><p><b>Seguridad:<\/b> Los registros de auditor\u00eda de los sistemas de informaci\u00f3n y las redes de CAMEL PARK se conservan para mantener la seguridad de las redes, la infraestructura t\u00e9cnica y los servicios, y para detectar o prevenir el uso abusivo o fraudulento de los servicios. La base jur\u00eddica del tratamiento es el inter\u00e9s leg\u00edtimo de CAMEL PARK.<\/p><\/li><li><p><b><i>Gesti\u00f3n de etiquetas y an\u00e1lisis:<\/i><\/b> <i>Utilizamos Google Tag Manager para gestionar las etiquetas y secuencias de comandos de nuestro sitio web. Esta herramienta nos permite controlar el despliegue de diversos servicios y tecnolog\u00edas de seguimiento para comprender mejor el comportamiento de los usuarios y mejorar el rendimiento de nuestro sitio web. Google Tag Manager en s\u00ed no recopila datos personales. La base jur\u00eddica para el tratamiento de datos a trav\u00e9s de las etiquetas que gestionamos se basa en nuestro inter\u00e9s leg\u00edtimo en mejorar nuestros servicios y, en su caso, en su consentimiento.<\/i><\/p><\/li><\/ul><hr \/><p>\u00a0<\/p><h3><b>Cookies<\/b><\/h3><p>\u00a0<\/p><p>Si deja un comentario en nuestro sitio, puede elegir guardar su nombre, direcci\u00f3n de correo electr\u00f3nico y sitio web en cookies. Esto es para su comodidad, para que no tenga que rellenar sus datos de nuevo cuando deje otro comentario. Estas cookies durar\u00e1n un a\u00f1o.<\/p><p>Si tiene una cuenta e inicia sesi\u00f3n en este sitio, instalaremos una cookie temporal para determinar si su navegador acepta cookies. Esta cookie no contiene datos personales y se elimina al cerrar el navegador.<\/p><p>Cuando inicie sesi\u00f3n, tambi\u00e9n instalaremos varias cookies para guardar su informaci\u00f3n de inicio de sesi\u00f3n y sus opciones de visualizaci\u00f3n en pantalla. Las cookies de inicio de sesi\u00f3n duran dos d\u00edas, y las de opciones de pantalla, un a\u00f1o. Si selecciona \"Recordarme\", sus datos de acceso permanecer\u00e1n durante dos semanas. Si cierra la sesi\u00f3n de su cuenta, se eliminar\u00e1n las cookies de inicio de sesi\u00f3n.<\/p><p>Si edita o publica un art\u00edculo, se guardar\u00e1 una cookie adicional en su navegador. Esta cookie no incluye datos personales y simplemente indica el ID del art\u00edculo que acaba de editar. Caduca al cabo de 1 d\u00eda.<\/p><p>CAMEL PARK utiliza cookies an\u00f3nimas que no proporcionan referencias que permitan deducir datos personales de los visitantes. Las \u00fanicas cookies no an\u00f3nimas, es decir, que permiten la identificaci\u00f3n del usuario, son aquellas que el usuario activa voluntariamente al acceder al \"\u00c1rea de Clientes\" del sitio web. Estas cookies almacenan el nombre de usuario en su dispositivo terminal, as\u00ed como un hash del nombre de usuario y contrase\u00f1a, durante quince d\u00edas, con el \u00fanico fin de facilitar el acceso a \u00e1reas restringidas sin necesidad de introducir manualmente las credenciales de acceso cada vez. Para conocer nuestra pol\u00edtica de instalaci\u00f3n y gesti\u00f3n de dispositivos de almacenamiento y recuperaci\u00f3n de datos en equipos terminales, consulte nuestro <b>Pol\u00edtica de cookies<\/b>.<\/p><p>CAMEL PARK \u00fanicamente tratar\u00e1 los datos personales facilitados por los usuarios de acuerdo con las finalidades descritas en esta Pol\u00edtica y en las Condiciones Generales de Contrataci\u00f3n de los servicios contratados por los usuarios.<\/p><p>El usuario queda informado del tratamiento de sus datos en los t\u00e9rminos anteriormente indicados mediante la aceptaci\u00f3n de la presente Pol\u00edtica de Privacidad al registrarse como usuario de CAMEL PARK, o al contratar un servicio concreto que requiera dicho tratamiento de acuerdo con las correspondientes Condiciones Generales de Contrataci\u00f3n.<\/p><p>Los usuarios deber\u00e1n abstenerse de facilitar datos personales de otros interesados salvo que dispongan de la correspondiente autorizaci\u00f3n, seg\u00fan la cual dichos interesados han sido previa y debidamente informados del contenido de la presente Pol\u00edtica de Privacidad y, en concreto, que consienten que sus datos sean facilitados a CAMEL PARK para su tratamiento conforme a las finalidades correspondientes.<\/p><hr \/><p>\u00a0<\/p><h3><b>Contenido incrustado de otros sitios web<\/b><\/h3><p>\u00a0<\/p><p>Los art\u00edculos de este sitio pueden incluir contenido incrustado (por ejemplo, v\u00eddeos, im\u00e1genes, art\u00edculos, etc.). El contenido incrustado de otros sitios web se comporta exactamente igual que si el visitante hubiera visitado el otro sitio web.<\/p><p>Estos sitios web pueden recopilar datos sobre usted, utilizar cookies, incrustar seguimiento adicional de terceros y supervisar su interacci\u00f3n con ese contenido incrustado, incluido el seguimiento de su interacci\u00f3n con el contenido incrustado si tiene una cuenta y ha iniciado sesi\u00f3n en ese sitio web.<\/p><hr \/><p>\u00a0<\/p><h3><b>\u00bfCu\u00e1nto tiempo conservamos los datos?<\/b><\/h3><p>\u00a0<\/p><p>En cumplimiento del principio de limitaci\u00f3n de conservaci\u00f3n, los datos recogidos ser\u00e1n tratados \u00fanica y exclusivamente durante el tiempo necesario y para los fines para los que fueron recogidos en cada momento.<\/p><p>Si deja un comentario, el comentario y sus metadatos se conservan indefinidamente. De este modo, podemos reconocer y aprobar autom\u00e1ticamente cualquier comentario posterior en lugar de retenerlo. <span class=\"citation-770 citation-end-770\">en una cola de moderaci\u00f3n.<\/span><\/p><div class=\"source-inline-chip-container ng-star-inserted\">\u00a0<\/div><p><span class=\"citation-769 citation-end-769\">En el caso de los usuarios que se registran en nuestro sitio web (si los hay), tambi\u00e9n almacenamos la informaci\u00f3n personal que nos facilitan en su perfil de usuario. Todos los usuarios pueden ver, editar o eliminar su informaci\u00f3n personal en cualquier momento (<\/span>excepto que no pueden cambiar su nombre de usuario). Los administradores del sitio web tambi\u00e9n pueden ver y editar esa informaci\u00f3n.<\/p><div class=\"source-inline-chip-container ng-star-inserted\">\u00a0<\/div><p>CAMEL PARK ha establecido distintos plazos de conservaci\u00f3n en funci\u00f3n del tipo de datos y de la finalidad aplicable a su tratamiento. Los plazos aplicables, salvo que se especifique un plazo distinto en las Condiciones Generales de Contrataci\u00f3n del servicio correspondiente, ser\u00e1n:<\/p><ul><li><p><b>Clientes:<\/b> Los datos se conservar\u00e1n mientras dure la relaci\u00f3n contractual, m\u00e1s un periodo adicional m\u00e1ximo de 10 a\u00f1os tras la finalizaci\u00f3n del contrato, en aplicaci\u00f3n de la legislaci\u00f3n civil, mercantil y fiscal.<\/p><\/li><li><p><b>Promociones:<\/b> Los datos se tratar\u00e1n mientras dure la relaci\u00f3n contractual, siempre que el interesado no solicite la oposici\u00f3n o retire su consentimiento.<\/p><\/li><li><p><b>Datos de tr\u00e1fico y localizaci\u00f3n:<\/b> Los datos se conservar\u00e1n durante un periodo de 12 meses.<\/p><\/li><li><p><b>Contacto:<\/b> Los datos se conservar\u00e1n durante 24 meses, salvo que deban mantenerse bloqueados para la formulaci\u00f3n, el ejercicio o la defensa de reclamaciones.<\/p><\/li><li><p><b>Publicaci\u00f3n automatizada en redes sociales:<\/b> Los datos se procesar\u00e1n mientras el usuario no desactive la funcionalidad.<\/p><\/li><li><p><b>Actividades de promoci\u00f3n en las redes sociales:<\/b> Los datos se conservar\u00e1n durante 12 meses, salvo que deban mantenerse bloqueados para la formulaci\u00f3n, el ejercicio o la defensa de reclamaciones.<\/p><\/li><li><p><b>Seguridad:<\/b> Los datos se conservar\u00e1n durante 5 a\u00f1os, salvo que deban mantenerse bloqueados para la formulaci\u00f3n, el ejercicio o la defensa de reclamaciones.<\/p><\/li><\/ul><hr \/><p>\u00a0<\/p><h3><b>\u00bfA qui\u00e9n se comunicar\u00e1n los datos?<\/b><\/h3><p>\u00a0<\/p><p>CAMEL PARK no comunica datos personales a terceros, salvo que una ley disponga lo contrario o sea necesario para la prestaci\u00f3n del servicio contratado.<\/p><p>CAMEL PARK podr\u00e1 comunicar los datos de car\u00e1cter personal a las autoridades competentes: fiscales y aduaneras, judiciales, fuerzas y cuerpos de seguridad del estado, y cualquier otro destinatario que pudiera corresponderle seg\u00fan la normativa vigente.<\/p><p>En cuanto a las comunicaciones necesarias para la prestaci\u00f3n del servicio contratado, se comunicar\u00e1n los datos imprescindibles para gestionar la solicitud del usuario y prestar los servicios contratados. Los t\u00e9rminos en que se comunican dichos datos y la identidad o categor\u00eda de los destinatarios se indicar\u00e1n en las correspondientes Condiciones Generales de Contrataci\u00f3n. En todo caso, en funci\u00f3n de la modalidad de pago seleccionada, ser\u00e1 necesario comunicar los datos pertinentes a entidades financieras y bancarias para proceder al cobro de los servicios.<\/p><hr \/><p>\u00a0<\/p><h3><b>Comentarios<\/b><\/h3><p>\u00a0<\/p><p>Cuando los visitantes dejan comentarios en el sitio web, recopilamos los datos que aparecen en el formulario de comentarios, as\u00ed como la direcci\u00f3n IP del visitante y la cadena de agentes de usuario del navegador para ayudar a detectar el spam.<\/p><p>Una cadena an\u00f3nima creada a partir de su direcci\u00f3n de correo electr\u00f3nico (tambi\u00e9n llamada hash) puede ser proporcionada al servicio Gravatar para saber si usted la est\u00e1 utilizando. La pol\u00edtica de privacidad del servicio Gravatar est\u00e1 disponible aqu\u00ed: <a class=\"ng-star-inserted\" href=\"https:\/\/automattic.com\/privacy\/\" target=\"_blank\" rel=\"noopener nofollow\">https:\/\/automattic.com\/privacy\/<\/a>. Tras la aprobaci\u00f3n de tu comentario, tu foto de perfil ser\u00e1 visible para el p\u00fablico en el contexto de tu comentario.<\/p><hr \/><p>\u00a0<\/p><h3><b>Medios de comunicaci\u00f3n<\/b><\/h3><p>\u00a0<\/p><p>Si subes im\u00e1genes al sitio web, debes evitar subir im\u00e1genes con datos de localizaci\u00f3n incrustados (EXIF GPS). Los visitantes del sitio web pueden descargar y extraer cualquier dato de localizaci\u00f3n de las im\u00e1genes del sitio web.<\/p><p>En caso de que un usuario deje un comentario o interact\u00fae socialmente con el <a class=\"ng-star-inserted\" href=\"https:\/\/camelpark.es\/es\/\" target=\"_blank\" rel=\"noopener\">https:\/\/camelpark.es<\/a> web o en las redes sociales en las que est\u00e1 presente, deben ser conscientes de que sus datos se <span class=\"citation-768 citation-end-768\">ser publicados en el entorno en el que act\u00faan, es decir, estar\u00e1n autorizando expresamente la comunicaci\u00f3n de sus datos -asociados a la acci\u00f3n que realizan- al resto de usuarios que accedan al sitio web o red social.<\/span><\/p><div class=\"source-inline-chip-container ng-star-inserted\">\u00a0<\/div><p><span class=\"citation-767 citation-end-767\">En<\/span> Los datos que procesamos s\u00f3lo se almacenan en nuestras instalaciones o en las de nuestros proveedores de servicios.<\/p><div class=\"source-inline-chip-container ng-star-inserted\">\u00a0<\/div><hr \/><p>\u00a0<\/p><h3><b>Contenido incrustado de otros sitios web<\/b><\/h3><p>\u00a0<\/p><p>Los art\u00edculos de este sitio pueden incluir contenido incrustado (por ejemplo, v\u00eddeos, im\u00e1genes, art\u00edculos, etc.). El contenido incrustado de otros sitios web se comporta exactamente igual que si el visitante hubiera visitado el otro sitio web.<\/p><p>Estos sitios web pueden recopilar datos sobre usted, utilizar cookies, incrustar seguimiento adicional de terceros y supervisar su interacci\u00f3n con ese contenido incrustado, incluido el seguimiento de su interacci\u00f3n con el contenido incrustado si tiene una cuenta y ha iniciado sesi\u00f3n en ese sitio web.<\/p><hr \/><p>\u00a0<\/p><h3><b>\u00bfCu\u00e1les son sus derechos en relaci\u00f3n con sus datos?<\/b><\/h3><p>\u00a0<\/p><ul><li><p>Tiene derecho a obtener confirmaci\u00f3n sobre si estamos tratando datos personales que le conciernan, a acceder a sus datos personales y a solicitar la rectificaci\u00f3n de los datos inexactos o que se completen los incompletos.<\/p><\/li><li><p>Tambi\u00e9n tiene derecho a solicitar la supresi\u00f3n de sus datos cuando, entre otros motivos, los datos ya no sean necesarios para los fines que fueron recogidos. CAMEL PARK proceder\u00e1 a su supresi\u00f3n sin dilaci\u00f3n, salvo que sea necesario conservarlos en <span class=\"citation-766 citation-end-766\">el cumplimiento de una obligaci\u00f3n legal, o para la formulaci\u00f3n, el ejercicio o la defensa de reclamaciones.<\/span><\/p><div class=\"source-inline-chip-container ng-star-inserted\">\u00a0<\/div><\/li><li><p><span class=\"citation-765 citation-end-765\">En determinadas circunstancias, puede solicitar la limitaci\u00f3n del tratamiento de sus datos, en cuyo caso procuraremos<\/span>eed con su bloqueo y s\u00f3lo podr\u00e1 ser tratada para la formulaci\u00f3n, ejercicio o defensa de reclamaciones.<\/p><div class=\"source-inline-chip-container ng-star-inserted\">\u00a0<\/div><\/li><li><p>Usted tiene derecho, en determinadas circunstancias, a recibir el <span class=\"citation-764 citation-end-764\">los datos que nos haya facilitado en un formato estructurado, de uso com\u00fan y lectura mec\u00e1nica.<\/span><\/p><div class=\"source-inline-chip-container ng-star-inserted\">\u00a0<\/div><\/li><li><p><span class=\"citation-763 citation-end-763\">En determinadas circunstancias y por motivos basados en su situaci\u00f3n particular, puede oponerse al tratamiento de sus datos<\/span>a. CAMEL PARK dejar\u00e1 de tratarla, salvo por motivos leg\u00edtimos imperiosos, o la formulaci\u00f3n, ejercicio o defensa de reclamaciones.<\/p><div class=\"source-inline-chip-container ng-star-inserted\">\u00a0<\/div><\/li><li><p>Puede oponerse a recibir comunicaciones comerciales sobre nuestros productos y servicios en cualquier momento notific\u00e1ndonoslo por correo electr\u00f3nico a camelpark@hotmail.com.<\/p><\/li><\/ul><p>Todos estos derechos podr\u00e1n ser ejercitados en cualquier momento enviando una solicitud por correo postal a CAMEL PARK a la siguiente direcci\u00f3n: Ctra. Gral. s\/n Los Cristianos-La Camella. Arona . Tenerife, 38627 La Camella, Arona, Santa Cruz de Tenerife, o enviando un correo electr\u00f3nico a camelpark@hotmail.com. En todo caso, la solicitud deber\u00e1 ir acompa\u00f1ada de copia del documento oficial que acredite la identidad del interesado.<\/p><p>En el caso de que le hayamos solicitado su consentimiento para el tratamiento de los datos, podr\u00e1 revocarlo en cualquier momento comunic\u00e1ndolo a CAMEL PARK en los t\u00e9rminos descritos en el p\u00e1rrafo anterior. Esta revocaci\u00f3n no tendr\u00e1 en ning\u00fan caso efectos retroactivos.<\/p><p>Si considera que el ejercicio de sus derechos no le satisface, puede presentar una reclamaci\u00f3n ante la Agencia Espa\u00f1ola de Protecci\u00f3n de Datos, autoridad de control competente en materia de protecci\u00f3n de datos, cuyos datos de contacto son: calle Jorge Juan, 6 - 28001 Madrid.<\/p><p>Los usuarios del sitio web y de los servicios de CAMEL PARK son responsables de la veracidad, vigencia y exactitud de los datos que proporcionan a CAMEL PARK, consider\u00e1ndose los datos facilitados por \u00e9stos como veraces, actuales y exactos. Los usuarios podr\u00e1n modificar sus datos, as\u00ed como sus preferencias en cuanto al tratamiento de los datos facilitados, a trav\u00e9s de las opciones de configuraci\u00f3n disponibles en el \"\u00c1rea de Cliente\". CAMEL PARK adoptar\u00e1 las medidas necesarias para suprimir y rectificar sin dilaci\u00f3n los datos que resulten inexactos en relaci\u00f3n con las finalidades para las que son tratados en cuanto tenga conocimiento de su inexactitud.<\/p>\t\t\t\t\t\t\t\t<\/div>\n\t\t\t\t<\/div>\n\t\t\t\t\t<\/div>\n\t\t\t\t<\/div>\n\t\t\t\t<\/div>","protected":false},"excerpt":{"rendered":"<p>Privacy Policy This Privacy Policy applies when you use the services of CAMEL, our websites, and when you contact us using the methods we provide (telephone, chat, email, and social media). Through this policy, and in line with our commitment to transparency, we inform you about the data we collect and how we use it. [&hellip;]<\/p>\n","protected":false},"author":18,"featured_media":0,"parent":0,"menu_order":0,"comment_status":"closed","ping_status":"closed","template":"","meta":{"_acf_changed":false,"footnotes":""},"class_list":["post-421","page","type-page","status-publish","hentry"],"acf":[],"_links":{"self":[{"href":"https:\/\/camelpark.es\/es\/wp-json\/wp\/v2\/pages\/421","targetHints":{"allow":["GET"]}}],"collection":[{"href":"https:\/\/camelpark.es\/es\/wp-json\/wp\/v2\/pages"}],"about":[{"href":"https:\/\/camelpark.es\/es\/wp-json\/wp\/v2\/types\/page"}],"author":[{"embeddable":true,"href":"https:\/\/camelpark.es\/es\/wp-json\/wp\/v2\/users\/18"}],"replies":[{"embeddable":true,"href":"https:\/\/camelpark.es\/es\/wp-json\/wp\/v2\/comments?post=421"}],"version-history":[{"count":5,"href":"https:\/\/camelpark.es\/es\/wp-json\/wp\/v2\/pages\/421\/revisions"}],"predecessor-version":[{"id":2114,"href":"https:\/\/camelpark.es\/es\/wp-json\/wp\/v2\/pages\/421\/revisions\/2114"}],"wp:attachment":[{"href":"https:\/\/camelpark.es\/es\/wp-json\/wp\/v2\/media?parent=421"}],"curies":[{"name":"wp","href":"https:\/\/api.w.org\/{rel}","templated":true}]}}