{"id":423,"date":"2024-09-02T19:33:05","date_gmt":"2024-09-02T18:33:05","guid":{"rendered":"https:\/\/base.thebluegrow.com\/?page_id=423"},"modified":"2025-08-06T12:49:01","modified_gmt":"2025-08-06T11:49:01","slug":"legal","status":"publish","type":"page","link":"https:\/\/camelpark.es\/es\/legal\/","title":{"rendered":"Aviso legal"},"content":{"rendered":"<div data-elementor-type=\"wp-page\" data-elementor-id=\"423\" class=\"elementor elementor-423\" data-elementor-post-type=\"page\">\n\t\t\t\t<div class=\"elementor-element elementor-element-9a7e071 e-flex e-con-boxed e-con e-parent\" data-id=\"9a7e071\" data-element_type=\"container\" data-e-type=\"container\" data-settings=\"{&quot;background_background&quot;:&quot;classic&quot;}\">\n\t\t\t\t\t<div class=\"e-con-inner\">\n\t\t\t\t<div class=\"elementor-element elementor-element-5c00762 elementor-widget elementor-widget-heading\" data-id=\"5c00762\" data-element_type=\"widget\" data-e-type=\"widget\" data-widget_type=\"heading.default\">\n\t\t\t\t<div class=\"elementor-widget-container\">\n\t\t\t\t\t<h1 class=\"elementor-heading-title elementor-size-default\">Aviso legal<\/h1>\t\t\t\t<\/div>\n\t\t\t\t<\/div>\n\t\t\t\t\t<\/div>\n\t\t\t\t<\/div>\n\t\t<div class=\"elementor-element elementor-element-1faf54c e-flex e-con-boxed e-con e-parent\" data-id=\"1faf54c\" data-element_type=\"container\" data-e-type=\"container\">\n\t\t\t\t\t<div class=\"e-con-inner\">\n\t\t\t\t<div class=\"elementor-element elementor-element-797fd921 elementor-widget elementor-widget-text-editor\" data-id=\"797fd921\" data-element_type=\"widget\" data-e-type=\"widget\" data-widget_type=\"text-editor.default\">\n\t\t\t\t<div class=\"elementor-widget-container\">\n\t\t\t\t\t\t\t\t\t\n<h3 data-start=\"161\" data-end=\"186\">1. Propiedad del dominio<\/h3>\n<p data-start=\"187\" data-end=\"480\">En cumplimiento del art\u00edculo 10 de la Ley 34\/2002, de 11 de julio, de Servicios de la Sociedad de la Informaci\u00f3n y de Comercio Electr\u00f3nico (LSSI-CE), a continuaci\u00f3n se facilita de forma expresa, precisa e inequ\u00edvoca a los usuarios y autoridades competentes la informaci\u00f3n relativa al prestador de servicios de la sociedad de la informaci\u00f3n:<\/p>\n<p data-start=\"482\" data-end=\"872\"><strong data-start=\"482\" data-end=\"491\">Nombre:<\/strong> Samantha Jayne L\u00f3pez Lynch<br data-start=\"518\" data-end=\"521\" \/><strong data-start=\"521\" data-end=\"531\">N.I.F:<\/strong> 43358910T<br data-start=\"541\" data-end=\"544\" \/><strong data-start=\"544\" data-end=\"556\">Empresa:<\/strong> Aquikaguaya S.L.<br data-start=\"573\" data-end=\"576\" \/><strong data-start=\"576\" data-end=\"584\">CIF:<\/strong> B76785633<br data-start=\"594\" data-end=\"597\" \/><strong data-start=\"597\" data-end=\"619\">Actividad empresarial:<\/strong><br data-start=\"619\" data-end=\"622\" \/><strong data-start=\"622\" data-end=\"647\">Direcci\u00f3n profesional:<\/strong> Ctra. Gral. s\/n Los Cristianos-La Camella. Arona. Tenerife, 38627 La Camella, Arona, Santa Cruz de Tenerife<br data-start=\"755\" data-end=\"758\" \/><strong data-start=\"758\" data-end=\"778\">N\u00famero(s) de tel\u00e9fono:<\/strong> 922721121<br data-start=\"788\" data-end=\"791\" \/><strong data-start=\"791\" data-end=\"809\">Direcci\u00f3n de correo electr\u00f3nico:<\/strong> <a class=\"cursor-pointer\" rel=\"noopener\" data-start=\"810\" data-end=\"836\">cameluspark@gmail.com<\/a><br data-start=\"836\" data-end=\"839\" \/><strong data-start=\"839\" data-end=\"851\">P\u00e1gina web:<\/strong> <a class=\"\" href=\"https:\/\/camelpark.es\/es\/\" target=\"_new\" rel=\"noopener\" data-start=\"852\" data-end=\"872\">https:\/\/camelpark.es<\/a><\/p>\n<hr data-start=\"874\" data-end=\"877\" \/>\n<h3 data-start=\"879\" data-end=\"908\">2. 2. Condiciones generales<\/h3>\n<p data-start=\"909\" data-end=\"1199\">El usuario accede voluntariamente a este sitio web. El acceso y navegaci\u00f3n en este sitio web supone aceptar y conocer las advertencias legales, condiciones y t\u00e9rminos de uso contenidas en ella. El mero acceso no implica el establecimiento de ning\u00fan tipo de relaci\u00f3n comercial entre CAMEL PARK y el usuario.<\/p>\n<p data-start=\"1201\" data-end=\"1549\">El Aviso Legal y\/o las Condiciones de los servicios prestados a trav\u00e9s de este sitio web podr\u00e1n sufrir modificaciones en cualquier momento, cuando CAMEL PARK lo considere oportuno o con la finalidad de adecuarse a futuros cambios legislativos o tecnol\u00f3gicos. Dichas modificaciones ser\u00e1n debidamente notificadas y entrar\u00e1n en vigor desde su publicaci\u00f3n en este sitio web, salvo que se indique lo contrario.<\/p>\n<p data-start=\"1551\" data-end=\"1894\">CAMEL PARK se reserva el derecho a suspender o cancelar el acceso si el sitio web se utiliza para infringir cualquier ley aplicable o las normas comunes de uso de Internet, o si su dominio se utiliza en relaci\u00f3n con actividades ilegales, as\u00ed como al recibir una notificaci\u00f3n a tal efecto de una autoridad competente o en cualquier otro caso previsto por la legislaci\u00f3n vigente.<\/p>\n<hr data-start=\"1896\" data-end=\"1899\" \/>\n<h3 data-start=\"1901\" data-end=\"1917\">3. Contenido<\/h3>\n<p data-start=\"1918\" data-end=\"2246\">CAMEL PARK realiza los m\u00e1ximos esfuerzos para evitar errores en los contenidos que se publican en el sitio web. Todos los contenidos se mantienen actualizados, reserv\u00e1ndose CAMEL PARK el derecho a modificarlos en cualquier momento. CAMEL PARK no se responsabiliza de las consecuencias que pudieran derivarse de los errores en los contenidos proporcionados por terceros que pudieran aparecer en este website.<\/p>\n<hr data-start=\"2248\" data-end=\"2251\" \/>\n<h3 data-start=\"2253\" data-end=\"2285\">4. Limitaci\u00f3n de responsabilidad<\/h3>\n<p data-start=\"2286\" data-end=\"2356\">CAMEL PARK no se hace responsable de, entre otras cosas:<\/p>\n<ul data-start=\"2358\" data-end=\"2801\">\n<li data-start=\"2358\" data-end=\"2465\">\n<p data-start=\"2360\" data-end=\"2465\">La calidad del servicio, velocidad de acceso, correcto funcionamiento, disponibilidad o continuidad del Sitio Web.<\/p>\n<\/li>\n<li data-start=\"2466\" data-end=\"2539\">\n<p data-start=\"2468\" data-end=\"2539\">Cualquier da\u00f1o a los dispositivos del usuario resultante del uso del Sitio Web.<\/p>\n<\/li>\n<li data-start=\"2540\" data-end=\"2643\">\n<p data-start=\"2542\" data-end=\"2643\">Los defectos o vicios de cualquier clase de los contenidos transmitidos, difundidos, almacenados o puestos a disposici\u00f3n.<\/p>\n<\/li>\n<li data-start=\"2644\" data-end=\"2801\">\n<p data-start=\"2646\" data-end=\"2801\">No controla ni garantiza la ausencia de virus ni de otros elementos lesivos en los contenidos o servicios prestados por terceros a trav\u00e9s del sitio web.<\/p>\n<\/li>\n<\/ul>\n<p data-start=\"2803\" data-end=\"3128\">CAMEL PARK no es responsable del contenido de los sitios web enlazados desde su propia p\u00e1gina. Tampoco se responsabiliza de los da\u00f1os o perjuicios que puedan derivarse de la conexi\u00f3n o utilizaci\u00f3n de los contenidos, productos o servicios disponibles en las p\u00e1ginas web enlazadas. CAMEL PARK no puede garantizar la disponibilidad ni el correcto funcionamiento de los enlaces a otros sitios web.<\/p>\n<hr data-start=\"3130\" data-end=\"3133\" \/>\n<h3 data-start=\"3135\" data-end=\"3180\">5. Propiedad intelectual e industrial<\/h3>\n<p data-start=\"3181\" data-end=\"3670\">Este sitio web y su contenido est\u00e1n protegidos por la legislaci\u00f3n vigente en materia de propiedad intelectual. Queda prohibido modificar, copiar, reproducir, descargar, transmitir, distribuir o transformar los contenidos de la web sin la autorizaci\u00f3n del titular de los derechos o cuando ello resulte legalmente permitido. El acceso al sitio web no otorga a los usuarios derecho de propiedad alguno sobre los contenidos que figuran en el mismo. El uso -adecuado o inadecuado- de este sitio web y de sus contenidos es responsabilidad exclusiva del usuario.<\/p>\n<hr data-start=\"3672\" data-end=\"3675\" \/>\n<h3 data-start=\"3677\" data-end=\"3707\">6. Navegaci\u00f3n y seguridad<\/h3>\n<p data-start=\"3708\" data-end=\"3927\">Este sitio web utiliza un certificado SSL (Secure Socket Layer) respaldado por VeriSign, identificado en el sitio con el sello VeriSign Secured\u2122, para garantizar la seguridad de la transmisi\u00f3n de datos entre su navegador y nuestro sitio web.<\/p>\n<p data-start=\"3929\" data-end=\"4149\">El servidor seguro establece una conexi\u00f3n de modo que la informaci\u00f3n se transmite cifrada mediante algoritmos de 128 bits, garantizando que s\u00f3lo sea inteligible para el dispositivo del cliente y el servidor del sitio web. El uso de SSL garantiza:<\/p>\n<ul data-start=\"4151\" data-end=\"4378\">\n<li data-start=\"4151\" data-end=\"4242\">\n<p data-start=\"4153\" data-end=\"4242\">Que el Cliente est\u00e1 comunicando sus datos al servidor del Sitio Web y no a ning\u00fan otro.<\/p>\n<\/li>\n<li data-start=\"4243\" data-end=\"4378\">\n<p data-start=\"4245\" data-end=\"4378\">Que los datos transmitidos entre el Cliente y el Sitio Web est\u00e9n encriptados, impidiendo que puedan ser le\u00eddos o manipulados por terceros.<\/p>\n<\/li>\n<\/ul>\n<p data-start=\"4380\" data-end=\"4618\">Adicionalmente, La Natural manifiesta que no accede ni almacena datos sensibles relativos al medio de pago utilizado por el Cliente. \u00danicamente la entidad procesadora de pagos correspondiente tiene acceso a estos datos con el fin de gestionar las transacciones.<\/p>\n<p data-start=\"4620\" data-end=\"4828\">Para verificar que se encuentra en un entorno seguro, el Cliente debe comprobar que la direcci\u00f3n del sitio web comienza por \"https:\/\/\". Tambi\u00e9n puede identificar un sitio web seguro por la presencia del icono de un candado en la barra de direcciones.<\/p>\n<p data-start=\"4830\" data-end=\"4944\">Por \u00faltimo, la presencia del certificado SSL puede verificarse comprobando las propiedades del sitio web en su navegador.<\/p>\n<hr data-start=\"4946\" data-end=\"4949\" \/>\n<h3 data-start=\"4951\" data-end=\"4974\">7. Derecho aplicable<\/h3>\n<p data-start=\"4975\" data-end=\"5103\">Los t\u00e9rminos y condiciones que rigen este sitio web, as\u00ed como cualquier relaci\u00f3n relacionada con el mismo, est\u00e1n protegidos y sujetos a la legislaci\u00f3n espa\u00f1ola.<\/p>\n\t\t\t\t\t\t\t\t<\/div>\n\t\t\t\t<\/div>\n\t\t\t\t\t<\/div>\n\t\t\t\t<\/div>\n\t\t\t\t<\/div>","protected":false},"excerpt":{"rendered":"<p>Legal Notice 1. Domain Ownership In compliance with Article 10 of Law 34\/2002, of July 11, on Information Society Services and Electronic Commerce (LSSI-CE), the following information is expressly, precisely, and unequivocally provided to users and competent authorities regarding the provider of information society services: Name: Samantha Jayne Lopez LynchN.I.F: 43358910TCompany: Aquikaguaya S.L.CIF: B76785633Business Activity:Professional [&hellip;]<\/p>\n","protected":false},"author":18,"featured_media":0,"parent":0,"menu_order":0,"comment_status":"closed","ping_status":"closed","template":"","meta":{"_acf_changed":false,"footnotes":""},"class_list":["post-423","page","type-page","status-publish","hentry"],"acf":[],"_links":{"self":[{"href":"https:\/\/camelpark.es\/es\/wp-json\/wp\/v2\/pages\/423","targetHints":{"allow":["GET"]}}],"collection":[{"href":"https:\/\/camelpark.es\/es\/wp-json\/wp\/v2\/pages"}],"about":[{"href":"https:\/\/camelpark.es\/es\/wp-json\/wp\/v2\/types\/page"}],"author":[{"embeddable":true,"href":"https:\/\/camelpark.es\/es\/wp-json\/wp\/v2\/users\/18"}],"replies":[{"embeddable":true,"href":"https:\/\/camelpark.es\/es\/wp-json\/wp\/v2\/comments?post=423"}],"version-history":[{"count":5,"href":"https:\/\/camelpark.es\/es\/wp-json\/wp\/v2\/pages\/423\/revisions"}],"predecessor-version":[{"id":2041,"href":"https:\/\/camelpark.es\/es\/wp-json\/wp\/v2\/pages\/423\/revisions\/2041"}],"wp:attachment":[{"href":"https:\/\/camelpark.es\/es\/wp-json\/wp\/v2\/media?parent=423"}],"curies":[{"name":"wp","href":"https:\/\/api.w.org\/{rel}","templated":true}]}}