{"id":425,"date":"2024-09-02T19:33:22","date_gmt":"2024-09-02T18:33:22","guid":{"rendered":"https:\/\/base.thebluegrow.com\/?page_id=425"},"modified":"2025-09-09T18:08:35","modified_gmt":"2025-09-09T17:08:35","slug":"politica-de-cookies","status":"publish","type":"page","link":"https:\/\/camelpark.es\/es\/politica-de-cookies\/","title":{"rendered":"Pol\u00edtica de cookies"},"content":{"rendered":"<div data-elementor-type=\"wp-page\" data-elementor-id=\"425\" class=\"elementor elementor-425\" data-elementor-post-type=\"page\">\n\t\t\t\t<div class=\"elementor-element elementor-element-723326f e-flex e-con-boxed e-con e-parent\" data-id=\"723326f\" data-element_type=\"container\" data-e-type=\"container\" data-settings=\"{&quot;background_background&quot;:&quot;classic&quot;}\">\n\t\t\t\t\t<div class=\"e-con-inner\">\n\t\t\t\t<div class=\"elementor-element elementor-element-ae36412 elementor-widget elementor-widget-heading\" data-id=\"ae36412\" data-element_type=\"widget\" data-e-type=\"widget\" data-widget_type=\"heading.default\">\n\t\t\t\t<div class=\"elementor-widget-container\">\n\t\t\t\t\t<h1 class=\"elementor-heading-title elementor-size-default\">Pol\u00edtica de cookies<\/h1>\t\t\t\t<\/div>\n\t\t\t\t<\/div>\n\t\t\t\t\t<\/div>\n\t\t\t\t<\/div>\n\t\t<div class=\"elementor-element elementor-element-645e8ca2 e-flex e-con-boxed e-con e-parent\" data-id=\"645e8ca2\" data-element_type=\"container\" data-e-type=\"container\">\n\t\t\t\t\t<div class=\"e-con-inner\">\n\t\t\t\t<div class=\"elementor-element elementor-element-536de7ed elementor-widget elementor-widget-text-editor\" data-id=\"536de7ed\" data-element_type=\"widget\" data-e-type=\"widget\" data-widget_type=\"text-editor.default\">\n\t\t\t\t<div class=\"elementor-widget-container\">\n\t\t\t\t\t\t\t\t\t\n<pre class=\"cookie-policy-h1\"><span style=\"font-size: 16px;\">Fecha de entrada en vigor: 09 de septiembre de 2025<br \/><\/span><span style=\"font-size: 16px;\">\u00daltima actualizaci\u00f3n: 09 de septiembre de 2025<\/span><\/pre>\n<p>\u00a0<\/p>\n<h2>\u00bfQu\u00e9 son las cookies?<\/h2>\n<div class=\"cookie-policy-p\">\n<p>Esta Pol\u00edtica de Cookies explica qu\u00e9 son las cookies, c\u00f3mo las utilizamos, los tipos de cookies que utilizamos (es decir, la informaci\u00f3n que recopilamos utilizando cookies y c\u00f3mo se utiliza esa informaci\u00f3n) y c\u00f3mo gestionar su configuraci\u00f3n de cookies.<\/p>\n<p>Las cookies son peque\u00f1os archivos de texto que se utilizan para almacenar peque\u00f1as piezas de informaci\u00f3n. Se almacenan en su dispositivo cuando un sitio web se carga en su navegador. Estas cookies ayudan a garantizar que el sitio web funcione correctamente, mejorar la seguridad, ofrecer una mejor experiencia al usuario y analizar el rendimiento para identificar qu\u00e9 funciona y qu\u00e9 mejoras son necesarias.<\/p>\n<\/div>\n<p>\u00a0<\/p>\n<h2>\u00bfC\u00f3mo utilizamos las cookies?<\/h2>\n<div class=\"cookie-policy-p\">\n<p>Como la mayor\u00eda de los servicios en l\u00ednea, nuestro sitio web utiliza cookies propias y de terceros para diversos fines. Las cookies de origen son principalmente necesarias para que el sitio web funcione correctamente y no recopilan datos de identificaci\u00f3n personal.<\/p>\n<p>Las cookies de terceros utilizadas en nuestro sitio web nos ayudan principalmente a comprender el rendimiento del sitio web, a realizar un seguimiento de c\u00f3mo interact\u00faa con \u00e9l, a mantener la seguridad de nuestros servicios, a ofrecer anuncios relevantes y a mejorar su experiencia general como usuario, al tiempo que mejoran la velocidad de sus futuras interacciones con nuestro sitio web.<\/p>\n<\/div>\n<p>\u00a0<\/p>\n<h2>Tipos de cookies que utilizamos<\/h2>\n<div class=\"cky-audit-table-element\">\n<div>\n<p class=\"text-xl font-semibold mb-2\">Necesario<\/p>\n<div class=\"cky-category-des\">\n<p>Las cookies necesarias se requieren para habilitar las funciones b\u00e1sicas de este sitio, como proporcionar un inicio de sesi\u00f3n seguro o ajustar sus preferencias de consentimiento. Estas cookies no almacenan ning\u00fan dato personal identificable.<\/p>\n<\/div>\n<div class=\"cky-table-wrapper\">\n<table class=\"cky-cookie-audit-table\">\n<thead>\n<tr>\n<th>Galleta<\/th>\n<th>Duraci\u00f3n<\/th>\n<th>Descripci\u00f3n<\/th>\n<\/tr>\n<\/thead>\n<tbody>\n<tr>\n<td>__cf_bm<\/td>\n<td>1 hora<\/td>\n<td>Esta cookie, establecida por Cloudflare, se utiliza para dar soporte a Cloudflare Bot Management.<\/td>\n<\/tr>\n<tr>\n<td>m<\/td>\n<td>1 a\u00f1o 1 mes 4 d\u00edas<\/td>\n<td>Stripe instala esta cookie con fines de prevenci\u00f3n del fraude. Identifica el dispositivo utilizado para acceder al sitio web, lo que permite formatear el sitio web en consecuencia.<\/td>\n<\/tr>\n<tr>\n<td>raya_media<\/td>\n<td>1 a\u00f1o<\/td>\n<td>Stripe utiliza esta cookie para establecer un identificador de sesi\u00f3n \u00fanico con el fin de reconocer a los usuarios entre sesiones.<\/td>\n<\/tr>\n<tr>\n<td>__stripe_sid<\/td>\n<td>1 hora<\/td>\n<td>Stripe utiliza esta cookie para establecer un identificador de sesi\u00f3n \u00fanico para una \u00fanica sesi\u00f3n.<\/td>\n<\/tr>\n<tr>\n<td>wp_consent_preferences<\/td>\n<td>1 mes<\/td>\n<td>WP Consent API establece esta cookie para guardar las opciones de consentimiento de los usuarios para diferentes tipos de cookies en el sitio web. Esto garantiza una experiencia de navegaci\u00f3n personalizada al aplicar las preferencias de los usuarios de forma coherente en todas las visitas.<\/td>\n<\/tr>\n<tr>\n<td>wp_consent_statistics<\/td>\n<td>1 mes<\/td>\n<td>WP Consent API establece esta cookie para recopilar datos an\u00f3nimos sobre el uso del sitio web y ayudar a analizar y mejorar el rendimiento de los sitios.<\/td>\n<\/tr>\n<tr>\n<td>wp_consent_estadisticas-anonimas<\/td>\n<td>1 mes<\/td>\n<td>WP Consent API establece esta cookie para comprender c\u00f3mo se utiliza el sitio web, lo que permite mejorar el contenido y los servicios para el usuario y respetar la privacidad.<\/td>\n<\/tr>\n<tr>\n<td>wp_consent_functional<\/td>\n<td>1 mes<\/td>\n<td>WP Consent API establece esta cookie para recordar las preferencias del usuario para funcionalidades esenciales del sitio web, asegurando una experiencia fluida y personalizada.<\/td>\n<\/tr>\n<tr>\n<td>wp_consent_marketing<\/td>\n<td>1 mes<\/td>\n<td>WP Consent API establece esta cookie para registrar las opciones de consentimiento del usuario para las cookies de marketing. Esto garantiza que los usuarios solo reciban anuncios adaptados a sus intereses.<\/td>\n<\/tr>\n<tr>\n<td>cookieyes-consent<\/td>\n<td>1 a\u00f1o<\/td>\n<td>CookieYes establece esta cookie para recordar las preferencias de consentimiento de los usuarios, de modo que se respeten sus preferencias en visitas posteriores a este sitio. No recoge ni almacena ninguna informaci\u00f3n personal sobre los visitantes del sitio.<\/td>\n<\/tr>\n<tr>\n<td>rc::a<\/td>\n<td>No caduca<\/td>\n<td>Esta cookie la instala el servicio recaptcha de Google para identificar bots y proteger el sitio web contra ataques maliciosos de spam.<\/td>\n<\/tr>\n<tr>\n<td>rc::c<\/td>\n<td>sesi\u00f3n<\/td>\n<td>Esta cookie la instala el servicio recaptcha de Google para identificar bots y proteger el sitio web contra ataques maliciosos de spam.<\/td>\n<\/tr>\n<\/tbody>\n<\/table>\n<\/div>\n<\/div>\n<div>\n<p class=\"text-xl font-semibold mb-2\">Funcional<\/p>\n<div class=\"cky-category-des\">\n<p>Las cookies funcionales ayudan a realizar determinadas funciones, como compartir el contenido del sitio web en plataformas de redes sociales, recopilar comentarios y otras funciones de terceros.<\/p>\n<\/div>\n<div class=\"cky-table-wrapper\">\n<table class=\"cky-cookie-audit-table\">\n<thead>\n<tr>\n<th>Galleta<\/th>\n<th>Duraci\u00f3n<\/th>\n<th>Descripci\u00f3n<\/th>\n<\/tr>\n<\/thead>\n<tbody>\n<tr>\n<td>ea11y-estado-global<\/td>\n<td>No caduca<\/td>\n<td>Elementor establece esta cookie para almacenar las preferencias de accesibilidad persistentes seleccionadas por el usuario, como la visibilidad del panel o los ajustes de la interfaz, para que estos ajustes sigan siendo los mismos cuando el usuario vuelva a visitar el sitio web.<\/td>\n<\/tr>\n<tr>\n<td>ea11y-sesi\u00f3n-estado<\/td>\n<td>sesi\u00f3n<\/td>\n<td>Elementor establece esta cookie para almacenar temporalmente las preferencias de accesibilidad durante la sesi\u00f3n de navegaci\u00f3n actual, lo que garantiza que la configuraci\u00f3n seleccionada se mantiene mientras el usuario navega por el sitio.<\/td>\n<\/tr>\n<\/tbody>\n<\/table>\n<\/div>\n<\/div>\n<div>\n<p class=\"text-xl font-semibold mb-2\">Anal\u00edtica<\/p>\n<div class=\"cky-category-des\">\n<p>Las cookies anal\u00edticas se utilizan para comprender c\u00f3mo interact\u00faan los visitantes con el sitio web. Estas cookies ayudan a proporcionar informaci\u00f3n sobre m\u00e9tricas como el n\u00famero de visitantes, la tasa de rebote, la fuente de tr\u00e1fico, etc.<\/p>\n<\/div>\n<div class=\"cky-table-wrapper\">\n<table class=\"cky-cookie-audit-table\">\n<thead>\n<tr>\n<th>Galleta<\/th>\n<th>Duraci\u00f3n<\/th>\n<th>Descripci\u00f3n<\/th>\n<\/tr>\n<\/thead>\n<tbody>\n<tr>\n<td>_ga<\/td>\n<td>1 a\u00f1o 1 mes 4 d\u00edas<\/td>\n<td>Google Analytics instala esta cookie para calcular los datos de visitantes, sesiones y campa\u00f1as y realizar un seguimiento del uso del sitio para el informe de an\u00e1lisis del sitio. La cookie almacena la informaci\u00f3n de forma an\u00f3nima y asigna un n\u00famero generado aleatoriamente para reconocer a los visitantes \u00fanicos.<\/td>\n<\/tr>\n<tr>\n<td>No te preocupes.<\/td>\n<td>1 a\u00f1o 1 mes 4 d\u00edas<\/td>\n<td>Google Analytics instala esta cookie para almacenar y contar las visitas a las p\u00e1ginas.<\/td>\n<\/tr>\n<\/tbody>\n<\/table>\n<\/div>\n<\/div>\n<div>\n<p class=\"text-xl font-semibold mb-2\">Publicidad<\/p>\n<div class=\"cky-category-des\">\n<p>Las cookies de publicidad se utilizan para ofrecer a los visitantes anuncios personalizados basados en las p\u00e1ginas que visit\u00f3 anteriormente y para analizar la eficacia de las campa\u00f1as publicitarias.<\/p>\n<\/div>\n<div class=\"cky-table-wrapper\">\n<table class=\"cky-cookie-audit-table\">\n<thead>\n<tr>\n<th>Galleta<\/th>\n<th>Duraci\u00f3n<\/th>\n<th>Descripci\u00f3n<\/th>\n<\/tr>\n<\/thead>\n<tbody>\n<tr>\n<td>gcl_au<\/td>\n<td>3 meses<\/td>\n<td>Google Tag Manager instala esta cookie para experimentar la eficacia publicitaria de los sitios web que utilizan sus servicios.<\/td>\n<\/tr>\n<tr>\n<td>cookie_de_prueba<\/td>\n<td>15 minutos<\/td>\n<td>doubleclick.net establece esta cookie para determinar si el navegador del usuario admite cookies.<\/td>\n<\/tr>\n<\/tbody>\n<\/table>\n<\/div>\n<\/div>\n<\/div>\n<p>\u00a0<\/p>\n<h2>Gestionar las preferencias de cookies<\/h2>\n<p><a class=\"cky-banner-element\">Preferencias de consentimiento<\/a><\/p>\n<div>\n<p>Puede modificar su configuraci\u00f3n de cookies en cualquier momento haciendo clic en el bot\u00f3n \"Preferencias de consentimiento\". Esto le permitir\u00e1 volver a visitar el banner de consentimiento de cookies y actualizar sus preferencias o retirar su consentimiento inmediatamente.<\/p>\n<p>Adem\u00e1s, los distintos navegadores ofrecen varios m\u00e9todos para bloquear y eliminar las cookies utilizadas por los sitios web. Puede ajustar la configuraci\u00f3n de su navegador para bloquear o eliminar las cookies. A continuaci\u00f3n encontrar\u00e1 enlaces a documentos de apoyo sobre c\u00f3mo gestionar y eliminar cookies en los principales navegadores web.<\/p>\n<p>Cromo:\u00a0<a href=\"https:\/\/support.google.com\/accounts\/answer\/32050\" target=\"_blank\" rel=\"noopener noreferrer nofollow\">https:\/\/support.google.com\/accounts\/answer\/32050<\/a><\/p>\n<p>Safari:\u00a0<a href=\"https:\/\/support.apple.com\/en-in\/guide\/safari\/sfri11471\/mac\" target=\"_blank\" rel=\"noopener noreferrer nofollow\">https:\/\/support.apple.com\/en-in\/guide\/safari\/sfri11471\/mac<\/a><\/p>\n<p>Firefox:\u00a0<a href=\"https:\/\/support.mozilla.org\/en-US\/kb\/clear-cookies-and-site-data-firefox?redirectslug=delete-cookies-remove-info-websites-stored&amp;redirectlocale=en-US\" target=\"_blank\" rel=\"noopener noreferrer nofollow\">https:\/\/support.mozilla.org\/en-US\/kb\/clear-cookies-and-site-data-firefox?redirectslug=delete-cookies-remove-info-websites-stored&amp;redirectlocale=en-US<\/a><\/p>\n<p>Internet Explorer:\u00a0<a href=\"https:\/\/support.microsoft.com\/en-us\/topic\/how-to-delete-cookie-files-in-internet-explorer-bca9446f-d873-78de-77ba-d42645fa52fc\" target=\"_blank\" rel=\"noopener noreferrer nofollow\">https:\/\/support.microsoft.com\/en-us\/topic\/how-to-delete-cookie-files-in-internet-explorer-bca9446f-d873-78de-77ba-d42645fa52fc<\/a><\/p>\n<p>Si utilizas otro navegador, consulta su documentaci\u00f3n oficial.<\/p>\n<\/div>\n\t\t\t\t\t\t\t\t<\/div>\n\t\t\t\t<\/div>\n\t\t\t\t\t<\/div>\n\t\t\t\t<\/div>\n\t\t\t\t<\/div>","protected":false},"excerpt":{"rendered":"<p>Cookie Policy Effective date: September 09, 2025Last updated: September 09, 2025 \u00a0 What are cookies? This Cookie Policy explains what cookies are, how we use them, the types of cookies we use (i.e., the information we collect using cookies and how that information is used), and how to manage your cookie settings. Cookies are small [&hellip;]<\/p>\n","protected":false},"author":18,"featured_media":0,"parent":0,"menu_order":0,"comment_status":"closed","ping_status":"closed","template":"","meta":{"_acf_changed":false,"footnotes":""},"class_list":["post-425","page","type-page","status-publish","hentry"],"acf":[],"_links":{"self":[{"href":"https:\/\/camelpark.es\/es\/wp-json\/wp\/v2\/pages\/425","targetHints":{"allow":["GET"]}}],"collection":[{"href":"https:\/\/camelpark.es\/es\/wp-json\/wp\/v2\/pages"}],"about":[{"href":"https:\/\/camelpark.es\/es\/wp-json\/wp\/v2\/types\/page"}],"author":[{"embeddable":true,"href":"https:\/\/camelpark.es\/es\/wp-json\/wp\/v2\/users\/18"}],"replies":[{"embeddable":true,"href":"https:\/\/camelpark.es\/es\/wp-json\/wp\/v2\/comments?post=425"}],"version-history":[{"count":5,"href":"https:\/\/camelpark.es\/es\/wp-json\/wp\/v2\/pages\/425\/revisions"}],"predecessor-version":[{"id":2180,"href":"https:\/\/camelpark.es\/es\/wp-json\/wp\/v2\/pages\/425\/revisions\/2180"}],"wp:attachment":[{"href":"https:\/\/camelpark.es\/es\/wp-json\/wp\/v2\/media?parent=425"}],"curies":[{"name":"wp","href":"https:\/\/api.w.org\/{rel}","templated":true}]}}