{"id":806,"date":"2025-07-02T23:20:26","date_gmt":"2025-07-02T22:20:26","guid":{"rendered":"https:\/\/testing.websbg.com\/?page_id=806"},"modified":"2025-08-03T15:30:24","modified_gmt":"2025-08-03T14:30:24","slug":"nuestra-historia","status":"publish","type":"page","link":"https:\/\/camelpark.es\/es\/nuestra-historia\/","title":{"rendered":"Nuestra historia"},"content":{"rendered":"<div data-elementor-type=\"wp-page\" data-elementor-id=\"806\" class=\"elementor elementor-806\" data-elementor-post-type=\"page\">\n\t\t\t\t<div class=\"elementor-element elementor-element-33b86e8d e-flex e-con-boxed e-con e-parent\" data-id=\"33b86e8d\" data-element_type=\"container\" data-e-type=\"container\" data-settings=\"{&quot;background_background&quot;:&quot;classic&quot;}\">\n\t\t\t\t\t<div class=\"e-con-inner\">\n\t\t\t\t<div class=\"elementor-element elementor-element-5f0bb727 elementor-widget__width-inherit elementor-widget elementor-widget-heading\" data-id=\"5f0bb727\" data-element_type=\"widget\" data-e-type=\"widget\" data-widget_type=\"heading.default\">\n\t\t\t\t<div class=\"elementor-widget-container\">\n\t\t\t\t\t<h1 class=\"elementor-heading-title elementor-size-default\">Nuestra historia<\/h1>\t\t\t\t<\/div>\n\t\t\t\t<\/div>\n\t\t<div class=\"elementor-element elementor-element-462a4fbc e-con-full e-flex e-con e-child\" data-id=\"462a4fbc\" data-element_type=\"container\" data-e-type=\"container\">\n\t\t\t\t<div class=\"elementor-element elementor-element-15d9ff63 elementor-icon-list--layout-inline elementor-mobile-align-center elementor-widget-mobile__width-initial elementor-list-item-link-full_width elementor-widget elementor-widget-icon-list\" data-id=\"15d9ff63\" data-element_type=\"widget\" data-e-type=\"widget\" data-widget_type=\"icon-list.default\">\n\t\t\t\t<div class=\"elementor-widget-container\">\n\t\t\t\t\t\t\t<ul class=\"elementor-icon-list-items elementor-inline-items\">\n\t\t\t\t\t\t\t<li class=\"elementor-icon-list-item elementor-inline-item\">\n\t\t\t\t\t\t\t\t\t\t\t<a href=\"https:\/\/camelpark.es\/es\/\">\n\n\t\t\t\t\t\t\t\t\t\t\t<span class=\"elementor-icon-list-text\">Inicio<\/span>\n\t\t\t\t\t\t\t\t\t\t\t<\/a>\n\t\t\t\t\t\t\t\t\t<\/li>\n\t\t\t\t\t\t\t\t<li class=\"elementor-icon-list-item elementor-inline-item\">\n\t\t\t\t\t\t\t\t\t\t\t<span class=\"elementor-icon-list-icon\">\n\t\t\t\t\t\t\t<i aria-hidden=\"true\" class=\"icon icon-right-arrow1\"><\/i>\t\t\t\t\t\t<\/span>\n\t\t\t\t\t\t\t\t\t\t<span class=\"elementor-icon-list-text\">Qui\u00e9nes somos<\/span>\n\t\t\t\t\t\t\t\t\t<\/li>\n\t\t\t\t\t\t\t\t<li class=\"elementor-icon-list-item elementor-inline-item\">\n\t\t\t\t\t\t\t\t\t\t\t<span class=\"elementor-icon-list-icon\">\n\t\t\t\t\t\t\t<i aria-hidden=\"true\" class=\"icon icon-right-arrow1\"><\/i>\t\t\t\t\t\t<\/span>\n\t\t\t\t\t\t\t\t\t\t<span class=\"elementor-icon-list-text\">Nuestra historia<\/span>\n\t\t\t\t\t\t\t\t\t<\/li>\n\t\t\t\t\t\t<\/ul>\n\t\t\t\t\t\t<\/div>\n\t\t\t\t<\/div>\n\t\t\t\t<\/div>\n\t\t\t\t\t<\/div>\n\t\t\t\t<\/div>\n\t\t<div class=\"elementor-element elementor-element-255b9123 e-flex e-con-boxed e-con e-parent\" data-id=\"255b9123\" data-element_type=\"container\" data-e-type=\"container\" data-settings=\"{&quot;background_background&quot;:&quot;classic&quot;}\">\n\t\t\t\t\t<div class=\"e-con-inner\">\n\t\t<div class=\"elementor-element elementor-element-63c9fe56 e-con-full e-flex e-con e-child\" data-id=\"63c9fe56\" data-element_type=\"container\" data-e-type=\"container\">\n\t\t<div class=\"elementor-element elementor-element-4c6eada8 e-con-full e-flex e-con e-child\" data-id=\"4c6eada8\" data-element_type=\"container\" data-e-type=\"container\">\n\t\t<div class=\"elementor-element elementor-element-5a6c0cc0 e-con-full e-flex e-con e-child\" data-id=\"5a6c0cc0\" data-element_type=\"container\" data-e-type=\"container\">\n\t\t\t\t<div class=\"elementor-element elementor-element-1392d634 ekit-equal-height-disable elementor-widget elementor-widget-elementskit-icon-box\" data-id=\"1392d634\" data-element_type=\"widget\" data-e-type=\"widget\" data-widget_type=\"elementskit-icon-box.default\">\n\t\t\t\t<div class=\"elementor-widget-container\">\n\t\t\t\t\t<div class=\"ekit-wid-con\" >        <!-- link opening -->\n                <!-- end link opening -->\n\n        <div class=\"elementskit-infobox text- text-left icon-lef-right-aligin elementor-animation- media\">\n                            <div class=\"elementskit-box-header\">\n                <div class=\"elementskit-info-box-icon text-center\">\n                    <img fetchpriority=\"high\" decoding=\"async\" width=\"513\" height=\"512\" src=\"https:\/\/camelpark.es\/wp-content\/uploads\/2025\/07\/icon-tree-brown.png\" class=\"attachment- size-\" alt=\"\" srcset=\"https:\/\/camelpark.es\/wp-content\/uploads\/2025\/07\/icon-tree-brown.png 513w, https:\/\/camelpark.es\/wp-content\/uploads\/2025\/07\/icon-tree-brown-300x300.png 300w, https:\/\/camelpark.es\/wp-content\/uploads\/2025\/07\/icon-tree-brown-150x150.png 150w, https:\/\/camelpark.es\/wp-content\/uploads\/2025\/07\/icon-tree-brown-12x12.png 12w\" sizes=\"(max-width: 513px) 100vw, 513px\" title=\"\">                <\/div>\n          <\/div>\n                <div class=\"box-body\">\n                            <span class=\"elementskit-info-box-title\">\n                    Nosotros                <\/span>\n                                            <\/div>\n        \n        \n                <\/div>\n        <\/div>\t\t\t\t<\/div>\n\t\t\t\t<\/div>\n\t\t\t\t<div class=\"elementor-element elementor-element-61878229 elementor-widget__width-initial elementor-widget elementor-widget-heading\" data-id=\"61878229\" data-element_type=\"widget\" data-e-type=\"widget\" data-widget_type=\"heading.default\">\n\t\t\t\t<div class=\"elementor-widget-container\">\n\t\t\t\t\t<h2 class=\"elementor-heading-title elementor-size-default\">El primer centro de cr\u00eda de camellos en Tenerife<\/h2>\t\t\t\t<\/div>\n\t\t\t\t<\/div>\n\t\t\t\t<div class=\"elementor-element elementor-element-44809e2 elementor-widget__width-initial elementor-widget-tablet__width-inherit elementor-widget elementor-widget-text-editor\" data-id=\"44809e2\" data-element_type=\"widget\" data-e-type=\"widget\" data-widget_type=\"text-editor.default\">\n\t\t\t\t<div class=\"elementor-widget-container\">\n\t\t\t\t\t\t\t\t\t<p><strong>Camel Park<\/strong> se fund\u00f3 en 1988 como primer centro de cr\u00eda de camellos en <strong>Tenerife<\/strong>. Empezamos con <strong>15 camellos<\/strong> en una peque\u00f1a finca de platanera en <strong>Guaza<\/strong>, un rinc\u00f3n tranquilo de la isla, y con el paso de los a\u00f1os nos hemos convertido en un referente de la cultura y tradici\u00f3n canaria. En 1993 ya cont\u00e1bamos con m\u00e1s de <strong>60 animales<\/strong>y desde entonces, hemos trabajado sin descanso para seguir creciendo y ofrecer un espacio \u00fanico en la isla.<\/p>\t\t\t\t\t\t\t\t<\/div>\n\t\t\t\t<\/div>\n\t\t\t\t<\/div>\n\t\t<div class=\"elementor-element elementor-element-2603ce5d e-con-full e-flex e-con e-child\" data-id=\"2603ce5d\" data-element_type=\"container\" data-e-type=\"container\">\n\t\t\t\t<div class=\"elementor-element elementor-element-2eb0a49 elementor-widget elementor-widget-image\" data-id=\"2eb0a49\" data-element_type=\"widget\" data-e-type=\"widget\" data-widget_type=\"image.default\">\n\t\t\t\t<div class=\"elementor-widget-container\">\n\t\t\t\t\t\t\t\t\t\t\t\t\t\t\t<img decoding=\"async\" width=\"800\" height=\"1016\" src=\"https:\/\/camelpark.es\/wp-content\/uploads\/2025\/07\/unnamed-1.webp\" class=\"attachment-large size-large wp-image-1436\" alt=\"\" srcset=\"https:\/\/camelpark.es\/wp-content\/uploads\/2025\/07\/unnamed-1.webp 803w, https:\/\/camelpark.es\/wp-content\/uploads\/2025\/07\/unnamed-1-236x300.webp 236w, https:\/\/camelpark.es\/wp-content\/uploads\/2025\/07\/unnamed-1-768x976.webp 768w, https:\/\/camelpark.es\/wp-content\/uploads\/2025\/07\/unnamed-1-9x12.webp 9w\" sizes=\"(max-width: 800px) 100vw, 800px\" title=\"\">\t\t\t\t\t\t\t\t\t\t\t\t\t\t\t<\/div>\n\t\t\t\t<\/div>\n\t\t\t\t<div class=\"elementor-element elementor-element-d1df3f3 elementor-widget__width-initial elementor-absolute elementor-widget elementor-widget-image\" data-id=\"d1df3f3\" data-element_type=\"widget\" data-e-type=\"widget\" data-settings=\"{&quot;_position&quot;:&quot;absolute&quot;}\" data-widget_type=\"image.default\">\n\t\t\t\t<div class=\"elementor-widget-container\">\n\t\t\t\t\t\t\t\t\t\t\t\t\t\t\t<img decoding=\"async\" width=\"694\" height=\"699\" src=\"https:\/\/camelpark.es\/wp-content\/uploads\/2025\/07\/Group-864.png\" class=\"attachment-large size-large wp-image-1295\" alt=\"logo del camel park en tenerife\" srcset=\"https:\/\/camelpark.es\/wp-content\/uploads\/2025\/07\/Group-864.png 694w, https:\/\/camelpark.es\/wp-content\/uploads\/2025\/07\/Group-864-298x300.png 298w, https:\/\/camelpark.es\/wp-content\/uploads\/2025\/07\/Group-864-150x150.png 150w, https:\/\/camelpark.es\/wp-content\/uploads\/2025\/07\/Group-864-12x12.png 12w\" sizes=\"(max-width: 694px) 100vw, 694px\" title=\"\">\t\t\t\t\t\t\t\t\t\t\t\t\t\t\t<\/div>\n\t\t\t\t<\/div>\n\t\t\t\t<\/div>\n\t\t\t\t<\/div>\n\t\t\t\t<div class=\"elementor-element elementor-element-1f11e6e7 elementor-widget-divider--view-line elementor-widget elementor-widget-divider\" data-id=\"1f11e6e7\" data-element_type=\"widget\" data-e-type=\"widget\" data-widget_type=\"divider.default\">\n\t\t\t\t<div class=\"elementor-widget-container\">\n\t\t\t\t\t\t\t<div class=\"elementor-divider\">\n\t\t\t<span class=\"elementor-divider-separator\">\n\t\t\t\t\t\t<\/span>\n\t\t<\/div>\n\t\t\t\t\t\t<\/div>\n\t\t\t\t<\/div>\n\t\t<div class=\"elementor-element elementor-element-6ff69667 e-con-full e-flex e-con e-child\" data-id=\"6ff69667\" data-element_type=\"container\" data-e-type=\"container\">\n\t\t\t\t<div class=\"elementor-element elementor-element-19d1f219 elementor-widget__width-initial elementor-widget-tablet__width-initial elementor-widget-mobile__width-initial elementor-widget elementor-widget-counter\" data-id=\"19d1f219\" data-element_type=\"widget\" data-e-type=\"widget\" data-widget_type=\"counter.default\">\n\t\t\t\t<div class=\"elementor-widget-container\">\n\t\t\t\t\t\t\t<div class=\"elementor-counter\">\n\t\t\t<div class=\"elementor-counter-title\">Visitantes<\/div>\t\t\t<div class=\"elementor-counter-number-wrapper\">\n\t\t\t\t<span class=\"elementor-counter-number-prefix\"><\/span>\n\t\t\t\t<span class=\"elementor-counter-number\" data-duration=\"2000\" data-to-value=\"99\" data-from-value=\"0\" data-delimiter=\",\">0<\/span>\n\t\t\t\t<span class=\"elementor-counter-number-suffix\">K<\/span>\n\t\t\t<\/div>\n\t\t<\/div>\n\t\t\t\t\t\t<\/div>\n\t\t\t\t<\/div>\n\t\t\t\t<div class=\"elementor-element elementor-element-1d7c20d2 elementor-widget__width-initial elementor-widget-tablet__width-initial elementor-widget-mobile__width-initial elementor-widget elementor-widget-counter\" data-id=\"1d7c20d2\" data-element_type=\"widget\" data-e-type=\"widget\" data-widget_type=\"counter.default\">\n\t\t\t\t<div class=\"elementor-widget-container\">\n\t\t\t\t\t\t\t<div class=\"elementor-counter\">\n\t\t\t<div class=\"elementor-counter-title\">A\u00f1os de experiencia<\/div>\t\t\t<div class=\"elementor-counter-number-wrapper\">\n\t\t\t\t<span class=\"elementor-counter-number-prefix\"><\/span>\n\t\t\t\t<span class=\"elementor-counter-number\" data-duration=\"2000\" data-to-value=\"37\" data-from-value=\"0\" data-delimiter=\",\">0<\/span>\n\t\t\t\t<span class=\"elementor-counter-number-suffix\">+<\/span>\n\t\t\t<\/div>\n\t\t<\/div>\n\t\t\t\t\t\t<\/div>\n\t\t\t\t<\/div>\n\t\t\t\t<div class=\"elementor-element elementor-element-f02a2c6 elementor-widget elementor-widget-heading\" data-id=\"f02a2c6\" data-element_type=\"widget\" data-e-type=\"widget\" data-widget_type=\"heading.default\">\n\t\t\t\t<div class=\"elementor-widget-container\">\n\t\t\t\t\t<h2 class=\"elementor-heading-title elementor-size-default\">Desde 1988 trabajando por preservar camellos en la isla<\/h2>\t\t\t\t<\/div>\n\t\t\t\t<\/div>\n\t\t\t\t<\/div>\n\t\t\t\t<\/div>\n\t\t\t\t\t<\/div>\n\t\t\t\t<\/div>\n\t\t<div class=\"elementor-element elementor-element-24e48fba e-flex e-con-boxed e-con e-parent\" data-id=\"24e48fba\" data-element_type=\"container\" data-e-type=\"container\" data-settings=\"{&quot;background_background&quot;:&quot;classic&quot;}\">\n\t\t\t\t\t<div class=\"e-con-inner\">\n\t\t<div class=\"elementor-element elementor-element-384b878c e-con-full e-flex e-con e-child\" data-id=\"384b878c\" data-element_type=\"container\" data-e-type=\"container\">\n\t\t<div class=\"elementor-element elementor-element-399bebb1 e-con-full e-flex e-con e-child\" data-id=\"399bebb1\" data-element_type=\"container\" data-e-type=\"container\">\n\t\t\t\t<div class=\"elementor-element elementor-element-5a6cfd72 elementor-widget elementor-widget-image\" data-id=\"5a6cfd72\" data-element_type=\"widget\" data-e-type=\"widget\" data-widget_type=\"image.default\">\n\t\t\t\t<div class=\"elementor-widget-container\">\n\t\t\t\t\t\t\t\t\t\t\t\t\t\t\t<img loading=\"lazy\" decoding=\"async\" width=\"765\" height=\"1020\" src=\"https:\/\/camelpark.es\/wp-content\/uploads\/2025\/07\/unnamed.webp\" class=\"attachment-large size-large wp-image-1345\" alt=\"\" srcset=\"https:\/\/camelpark.es\/wp-content\/uploads\/2025\/07\/unnamed.webp 765w, https:\/\/camelpark.es\/wp-content\/uploads\/2025\/07\/unnamed-225x300.webp 225w, https:\/\/camelpark.es\/wp-content\/uploads\/2025\/07\/unnamed-9x12.webp 9w\" sizes=\"(max-width: 765px) 100vw, 765px\" title=\"\">\t\t\t\t\t\t\t\t\t\t\t\t\t\t\t<\/div>\n\t\t\t\t<\/div>\n\t\t\t\t<\/div>\n\t\t<div class=\"elementor-element elementor-element-1cae2190 e-con-full e-flex e-con e-child\" data-id=\"1cae2190\" data-element_type=\"container\" data-e-type=\"container\">\n\t\t<div class=\"elementor-element elementor-element-2728d2f8 e-con-full e-flex e-con e-child\" data-id=\"2728d2f8\" data-element_type=\"container\" data-e-type=\"container\">\n\t\t\t\t<div class=\"elementor-element elementor-element-5fabb7b1 ekit-equal-height-disable elementor-widget elementor-widget-elementskit-icon-box\" data-id=\"5fabb7b1\" data-element_type=\"widget\" data-e-type=\"widget\" data-widget_type=\"elementskit-icon-box.default\">\n\t\t\t\t<div class=\"elementor-widget-container\">\n\t\t\t\t\t<div class=\"ekit-wid-con\" >        <!-- link opening -->\n                <!-- end link opening -->\n\n        <div class=\"elementskit-infobox text- text-left icon-lef-right-aligin elementor-animation- media\">\n                            <div class=\"elementskit-box-header\">\n                <div class=\"elementskit-info-box-icon text-center\">\n                    <img loading=\"lazy\" decoding=\"async\" width=\"512\" height=\"512\" src=\"https:\/\/camelpark.es\/wp-content\/uploads\/2025\/07\/icon-treewhite.png\" class=\"attachment- size-\" alt=\"\" srcset=\"https:\/\/camelpark.es\/wp-content\/uploads\/2025\/07\/icon-treewhite.png 512w, https:\/\/camelpark.es\/wp-content\/uploads\/2025\/07\/icon-treewhite-300x300.png 300w, https:\/\/camelpark.es\/wp-content\/uploads\/2025\/07\/icon-treewhite-150x150.png 150w, https:\/\/camelpark.es\/wp-content\/uploads\/2025\/07\/icon-treewhite-12x12.png 12w\" sizes=\"(max-width: 512px) 100vw, 512px\" title=\"\">                <\/div>\n          <\/div>\n                <div class=\"box-body\">\n                            <span class=\"elementskit-info-box-title\">\n                    negocio familiar                <\/span>\n                                            <\/div>\n        \n        \n                <\/div>\n        <\/div>\t\t\t\t<\/div>\n\t\t\t\t<\/div>\n\t\t\t\t<div class=\"elementor-element elementor-element-2b3c0cc0 elementor-widget__width-initial elementor-widget elementor-widget-heading\" data-id=\"2b3c0cc0\" data-element_type=\"widget\" data-e-type=\"widget\" data-widget_type=\"heading.default\">\n\t\t\t\t<div class=\"elementor-widget-container\">\n\t\t\t\t\t<h2 class=\"elementor-heading-title elementor-size-default\">Un negocio familiar con pasi\u00f3n por los animales<\/h2>\t\t\t\t<\/div>\n\t\t\t\t<\/div>\n\t\t\t\t<div class=\"elementor-element elementor-element-3290ec4c elementor-widget__width-initial elementor-widget-tablet__width-inherit elementor-widget elementor-widget-text-editor\" data-id=\"3290ec4c\" data-element_type=\"widget\" data-e-type=\"widget\" data-widget_type=\"text-editor.default\">\n\t\t\t\t<div class=\"elementor-widget-container\">\n\t\t\t\t\t\t\t\t\t<p>Como peque\u00f1o negocio familiar, <strong>Camel Park<\/strong> siempre se ha gestionado con amor y dedicaci\u00f3n. Nuestros camellos, caballos, burros, cabras y otros animales son algo m\u00e1s que parte del parque; son miembros de nuestra <strong>familia<\/strong>. Cada d\u00eda nos aseguramos de que su bienestar sea nuestra prioridad, trabajando siempre para mejorar su calidad de vida y, por supuesto, la experiencia de todos nuestros visitantes.<\/p><p>Desde su fundaci\u00f3n, nos hemos centrado en crear un entorno en el que tanto los animales como nuestros visitantes se sientan c\u00f3modos. <strong>Camel Park<\/strong> no s\u00f3lo ofrece paseos en camello; ofrecemos un espacio donde interactuar con los animales y aprender de ellos.<\/p>\t\t\t\t\t\t\t\t<\/div>\n\t\t\t\t<\/div>\n\t\t\t\t<div class=\"elementor-element elementor-element-7e503763 elementor-widget-divider--view-line elementor-widget elementor-widget-divider\" data-id=\"7e503763\" data-element_type=\"widget\" data-e-type=\"widget\" data-widget_type=\"divider.default\">\n\t\t\t\t<div class=\"elementor-widget-container\">\n\t\t\t\t\t\t\t<div class=\"elementor-divider\">\n\t\t\t<span class=\"elementor-divider-separator\">\n\t\t\t\t\t\t<\/span>\n\t\t<\/div>\n\t\t\t\t\t\t<\/div>\n\t\t\t\t<\/div>\n\t\t\t\t<\/div>\n\t\t\t\t<\/div>\n\t\t\t\t<\/div>\n\t\t\t\t\t<\/div>\n\t\t\t\t<\/div>\n\t\t<div class=\"elementor-element elementor-element-1f72044d e-flex e-con-boxed e-con e-parent\" data-id=\"1f72044d\" data-element_type=\"container\" data-e-type=\"container\" data-settings=\"{&quot;background_background&quot;:&quot;classic&quot;}\">\n\t\t\t\t\t<div class=\"e-con-inner\">\n\t\t<div class=\"elementor-element elementor-element-7edd7da7 e-con-full e-flex e-con e-child\" data-id=\"7edd7da7\" data-element_type=\"container\" data-e-type=\"container\">\n\t\t<div class=\"elementor-element elementor-element-5eff2cf5 e-con-full e-flex e-con e-child\" data-id=\"5eff2cf5\" data-element_type=\"container\" data-e-type=\"container\">\n\t\t<div class=\"elementor-element elementor-element-aa5c216 e-con-full e-flex e-con e-child\" data-id=\"aa5c216\" data-element_type=\"container\" data-e-type=\"container\">\n\t\t\t\t<div class=\"elementor-element elementor-element-e3d21cf ekit-equal-height-disable elementor-widget elementor-widget-elementskit-icon-box\" data-id=\"e3d21cf\" data-element_type=\"widget\" data-e-type=\"widget\" data-widget_type=\"elementskit-icon-box.default\">\n\t\t\t\t<div class=\"elementor-widget-container\">\n\t\t\t\t\t<div class=\"ekit-wid-con\" >        <!-- link opening -->\n                <!-- end link opening -->\n\n        <div class=\"elementskit-infobox text- text-left icon-lef-right-aligin elementor-animation- media\">\n                            <div class=\"elementskit-box-header\">\n                <div class=\"elementskit-info-box-icon text-center\">\n                    <img fetchpriority=\"high\" decoding=\"async\" width=\"513\" height=\"512\" src=\"https:\/\/camelpark.es\/wp-content\/uploads\/2025\/07\/icon-tree-brown.png\" class=\"attachment- size-\" alt=\"\" srcset=\"https:\/\/camelpark.es\/wp-content\/uploads\/2025\/07\/icon-tree-brown.png 513w, https:\/\/camelpark.es\/wp-content\/uploads\/2025\/07\/icon-tree-brown-300x300.png 300w, https:\/\/camelpark.es\/wp-content\/uploads\/2025\/07\/icon-tree-brown-150x150.png 150w, https:\/\/camelpark.es\/wp-content\/uploads\/2025\/07\/icon-tree-brown-12x12.png 12w\" sizes=\"(max-width: 513px) 100vw, 513px\" title=\"\">                <\/div>\n          <\/div>\n                <div class=\"box-body\">\n                            <span class=\"elementskit-info-box-title\">\n                    Con\u00f3cenos                <\/span>\n                                            <\/div>\n        \n        \n                <\/div>\n        <\/div>\t\t\t\t<\/div>\n\t\t\t\t<\/div>\n\t\t\t\t<div class=\"elementor-element elementor-element-2a6018fe elementor-widget__width-initial elementor-widget elementor-widget-heading\" data-id=\"2a6018fe\" data-element_type=\"widget\" data-e-type=\"widget\" data-widget_type=\"heading.default\">\n\t\t\t\t<div class=\"elementor-widget-container\">\n\t\t\t\t\t<h2 class=\"elementor-heading-title elementor-size-default\">Ven a Conocernos y S\u00e9 Parte de Nuestra Historia<\/h2>\t\t\t\t<\/div>\n\t\t\t\t<\/div>\n\t\t\t\t<div class=\"elementor-element elementor-element-3f407f7 elementor-widget__width-initial elementor-widget-tablet__width-initial elementor-widget elementor-widget-text-editor\" data-id=\"3f407f7\" data-element_type=\"widget\" data-e-type=\"widget\" data-widget_type=\"text-editor.default\">\n\t\t\t\t<div class=\"elementor-widget-container\">\n\t\t\t\t\t\t\t\t\t<p><strong>Camel Park<\/strong> no es un zoo ni un parque convencional. Es una finca, un <strong>peque\u00f1o negocio familiar<\/strong> que lleva a\u00f1os trabajando honesta y diligentemente en Tenerife. Nos enorgullece escuchar a muchos de nuestros visitantes c\u00f3mo sus familiares nos visitaron hace a\u00f1os o c\u00f3mo nos ense\u00f1an fotos tomadas en el parque hace 20 a\u00f1os.<\/p>\t\t\t\t\t\t\t\t<\/div>\n\t\t\t\t<\/div>\n\t\t\t\t<div class=\"elementor-element elementor-element-ff25bc2 elementor-widget elementor-widget-text-editor\" data-id=\"ff25bc2\" data-element_type=\"widget\" data-e-type=\"widget\" data-widget_type=\"text-editor.default\">\n\t\t\t\t<div class=\"elementor-widget-container\">\n\t\t\t\t\t\t\t\t\t<p>Seguimos trabajando con la misma pasi\u00f3n para ofrecer un lugar especial en Tenerife.<\/p>\t\t\t\t\t\t\t\t<\/div>\n\t\t\t\t<\/div>\n\t\t\t\t<div class=\"elementor-element elementor-element-2fcb9e69 elementor-widget__width-initial elementor-widget-tablet__width-initial elementor-widget elementor-widget-text-editor\" data-id=\"2fcb9e69\" data-element_type=\"widget\" data-e-type=\"widget\" data-widget_type=\"text-editor.default\">\n\t\t\t\t<div class=\"elementor-widget-container\">\n\t\t\t\t\t\t\t\t\t<p>Gracias a visitas como la tuya, esperamos poder seguir brindando esta experiencia durante muchos a\u00f1os m\u00e1s. Continuamos mejorando d\u00eda a d\u00eda para ofrecerte lo mejor y continuar con nuestra tradici\u00f3n.<\/p>\t\t\t\t\t\t\t\t<\/div>\n\t\t\t\t<\/div>\n\t\t\t\t<\/div>\n\t\t\t\t<\/div>\n\t\t<div class=\"elementor-element elementor-element-5662f26b e-con-full e-flex e-con e-child\" data-id=\"5662f26b\" data-element_type=\"container\" data-e-type=\"container\">\n\t\t<div class=\"elementor-element elementor-element-7bb7a475 e-con-full e-flex e-con e-child\" data-id=\"7bb7a475\" data-element_type=\"container\" data-e-type=\"container\">\n\t\t<div class=\"elementor-element elementor-element-53d6a5b9 e-con-full e-flex e-con e-child\" data-id=\"53d6a5b9\" data-element_type=\"container\" data-e-type=\"container\" data-settings=\"{&quot;background_background&quot;:&quot;classic&quot;}\">\n\t\t\t\t<div class=\"elementor-element elementor-element-909fac0 elementor-widget elementor-widget-image\" data-id=\"909fac0\" data-element_type=\"widget\" data-e-type=\"widget\" data-widget_type=\"image.default\">\n\t\t\t\t<div class=\"elementor-widget-container\">\n\t\t\t\t\t\t\t\t\t\t\t\t\t\t\t<img decoding=\"async\" width=\"694\" height=\"699\" src=\"https:\/\/camelpark.es\/wp-content\/uploads\/2025\/07\/Group-864.png\" class=\"attachment-large size-large wp-image-1295\" alt=\"logo del camel park en tenerife\" srcset=\"https:\/\/camelpark.es\/wp-content\/uploads\/2025\/07\/Group-864.png 694w, https:\/\/camelpark.es\/wp-content\/uploads\/2025\/07\/Group-864-298x300.png 298w, https:\/\/camelpark.es\/wp-content\/uploads\/2025\/07\/Group-864-150x150.png 150w, https:\/\/camelpark.es\/wp-content\/uploads\/2025\/07\/Group-864-12x12.png 12w\" sizes=\"(max-width: 694px) 100vw, 694px\" title=\"\">\t\t\t\t\t\t\t\t\t\t\t\t\t\t\t<\/div>\n\t\t\t\t<\/div>\n\t\t\t\t<\/div>\n\t\t<div class=\"elementor-element elementor-element-4693e744 e-con-full e-flex e-con e-child\" data-id=\"4693e744\" data-element_type=\"container\" data-e-type=\"container\" data-settings=\"{&quot;background_background&quot;:&quot;classic&quot;}\">\n\t\t\t\t<\/div>\n\t\t\t\t<\/div>\n\t\t<div class=\"elementor-element elementor-element-2b5fe70a e-con-full e-flex e-con e-child\" data-id=\"2b5fe70a\" data-element_type=\"container\" data-e-type=\"container\" data-settings=\"{&quot;background_background&quot;:&quot;classic&quot;}\">\n\t\t\t\t<\/div>\n\t\t\t\t<\/div>\n\t\t\t\t<\/div>\n\t\t\t\t\t<\/div>\n\t\t\t\t<\/div>\n\t\t\t\t<\/div>","protected":false},"excerpt":{"rendered":"<p>Our History Home About Us Our History The park The first camel breeding centre in Tenerife Camel Park was founded in 1988 as the first camel breeding centre in Tenerife. We started with 15 camels on a small banana plantation in Guaza, a quiet corner of the island, and over the years we have become [&hellip;]<\/p>\n","protected":false},"author":24,"featured_media":0,"parent":0,"menu_order":0,"comment_status":"closed","ping_status":"closed","template":"","meta":{"_acf_changed":false,"footnotes":""},"class_list":["post-806","page","type-page","status-publish","hentry"],"acf":[],"_links":{"self":[{"href":"https:\/\/camelpark.es\/es\/wp-json\/wp\/v2\/pages\/806","targetHints":{"allow":["GET"]}}],"collection":[{"href":"https:\/\/camelpark.es\/es\/wp-json\/wp\/v2\/pages"}],"about":[{"href":"https:\/\/camelpark.es\/es\/wp-json\/wp\/v2\/types\/page"}],"author":[{"embeddable":true,"href":"https:\/\/camelpark.es\/es\/wp-json\/wp\/v2\/users\/24"}],"replies":[{"embeddable":true,"href":"https:\/\/camelpark.es\/es\/wp-json\/wp\/v2\/comments?post=806"}],"version-history":[{"count":4,"href":"https:\/\/camelpark.es\/es\/wp-json\/wp\/v2\/pages\/806\/revisions"}],"predecessor-version":[{"id":1827,"href":"https:\/\/camelpark.es\/es\/wp-json\/wp\/v2\/pages\/806\/revisions\/1827"}],"wp:attachment":[{"href":"https:\/\/camelpark.es\/es\/wp-json\/wp\/v2\/media?parent=806"}],"curies":[{"name":"wp","href":"https:\/\/api.w.org\/{rel}","templated":true}]}}