{"id":1909,"date":"2025-07-16T11:55:27","date_gmt":"2025-07-16T10:55:27","guid":{"rendered":"https:\/\/testing.websbg.com\/?page_id=1909"},"modified":"2025-08-06T13:03:37","modified_gmt":"2025-08-06T12:03:37","slug":"la-transparence","status":"publish","type":"page","link":"https:\/\/camelpark.es\/fr\/la-transparence\/","title":{"rendered":"Transparence"},"content":{"rendered":"<div data-elementor-type=\"wp-page\" data-elementor-id=\"1909\" class=\"elementor elementor-1909\" data-elementor-post-type=\"page\">\n\t\t\t\t<div class=\"elementor-element elementor-element-723326f e-flex e-con-boxed e-con e-parent\" data-id=\"723326f\" data-element_type=\"container\" data-e-type=\"container\" data-settings=\"{&quot;background_background&quot;:&quot;classic&quot;}\">\n\t\t\t\t\t<div class=\"e-con-inner\">\n\t\t\t\t<div class=\"elementor-element elementor-element-ae36412 elementor-widget elementor-widget-heading\" data-id=\"ae36412\" data-element_type=\"widget\" data-e-type=\"widget\" data-widget_type=\"heading.default\">\n\t\t\t\t<div class=\"elementor-widget-container\">\n\t\t\t\t\t<h1 class=\"elementor-heading-title elementor-size-default\">Transparence<\/h1>\t\t\t\t<\/div>\n\t\t\t\t<\/div>\n\t\t\t\t\t<\/div>\n\t\t\t\t<\/div>\n\t\t<div class=\"elementor-element elementor-element-645e8ca2 e-flex e-con-boxed e-con e-parent\" data-id=\"645e8ca2\" data-element_type=\"container\" data-e-type=\"container\">\n\t\t\t\t\t<div class=\"e-con-inner\">\n\t\t\t\t<div class=\"elementor-element elementor-element-536de7ed elementor-widget elementor-widget-text-editor\" data-id=\"536de7ed\" data-element_type=\"widget\" data-e-type=\"widget\" data-widget_type=\"text-editor.default\">\n\t\t\t\t<div class=\"elementor-widget-container\">\n\t\t\t\t\t\t\t\t\t\n<div class=\"vc_row wpb_row vc_row-fluid mpc-row\">\n<div class=\"wpb_column vc_column_container vc_col-sm-12 mpc-column\" data-column-id=\"mpc_column-9368778513e3e57\">\n<div class=\"vc_column-inner\">\n<div class=\"wpb_wrapper\">\n<div class=\"wpb_text_column wpb_content_element\">\n<div class=\"wpb_wrapper\">\n<h3 data-start=\"63\" data-end=\"95\">Informations institutionnelles<\/h3>\n<p data-start=\"97\" data-end=\"205\"><strong data-start=\"97\" data-end=\"114\">Derni\u00e8re mise \u00e0 jour :<\/strong> 30 novembre 2022<br data-start=\"132\" data-end=\"135\" \/>Aquikaguaya, S.L. est une entit\u00e9 priv\u00e9e op\u00e9rant dans les \u00eeles Canaries.<\/p>\n<h3 data-start=\"207\" data-end=\"233\">1. Informations g\u00e9n\u00e9rales<\/h3>\n<p data-start=\"235\" data-end=\"619\">Entreprise familiale fond\u00e9e en 1988. Son histoire a commenc\u00e9 \u00e0 Tenerife lorsqu'un couple a quitt\u00e9 ses emplois respectifs dans la capitale pour cr\u00e9er un parc de promenades \u00e0 dos de chameau pour les touristes et les habitants de la r\u00e9gion.<br data-start=\"416\" data-end=\"419\" \/>Au d\u00e9but, ils ne proposaient que des promenades \u00e0 dos de chameau, mais plus tard, ils ont achet\u00e9 leur propre propri\u00e9t\u00e9 et ont cr\u00e9\u00e9 des installations adapt\u00e9es pour offrir un meilleur service \u00e0 la client\u00e8le, notamment un restaurant et une boutique de souvenirs.<\/p>\n<hr data-start=\"621\" data-end=\"624\" \/>\n<h3 data-start=\"626\" data-end=\"659\">2. Informations sur l'organisation<\/h3>\n<p data-start=\"661\" data-end=\"696\"><strong data-start=\"661\" data-end=\"678\">Derni\u00e8re mise \u00e0 jour :<\/strong> 30 novembre 2022<\/p>\n<p data-start=\"698\" data-end=\"759\"><strong data-start=\"698\" data-end=\"726\">2.1 Organigramme<\/strong><br data-start=\"726\" data-end=\"729\" \/><strong data-start=\"729\" data-end=\"759\">2.2 R\u00e9glementations applicables<\/strong><\/p>\n<p data-start=\"761\" data-end=\"777\"><strong data-start=\"761\" data-end=\"777\">Transparence<\/strong><\/p>\n<ul data-start=\"779\" data-end=\"995\">\n<li data-start=\"779\" data-end=\"896\">\n<p data-start=\"781\" data-end=\"896\"><strong data-start=\"781\" data-end=\"797\">Droit national<\/strong>: Loi 19\/2013, du 9 d\u00e9cembre, sur la transparence, l'acc\u00e8s \u00e0 l'information publique et la bonne gouvernance.<\/p>\n<\/li>\n<li data-start=\"897\" data-end=\"995\">\n<p data-start=\"899\" data-end=\"995\"><strong data-start=\"899\" data-end=\"915\">Droit r\u00e9gional<\/strong>: Loi 12\/2014, du 26 d\u00e9cembre, sur la transparence et l'acc\u00e8s \u00e0 l'information publique.<\/p>\n<\/li>\n<\/ul>\n<p data-start=\"997\" data-end=\"1016\"><strong data-start=\"997\" data-end=\"1016\">Protection des donn\u00e9es<\/strong><\/p>\n<ul data-start=\"1018\" data-end=\"1122\">\n<li data-start=\"1018\" data-end=\"1122\">\n<p data-start=\"1020\" data-end=\"1122\">Loi organique 3\/2018, du 5 d\u00e9cembre, sur la protection des donn\u00e9es \u00e0 caract\u00e8re personnel et la garantie des droits num\u00e9riques.<\/p>\n<\/li>\n<\/ul>\n<p data-start=\"1124\" data-end=\"1138\"><strong data-start=\"1124\" data-end=\"1138\">Code civil<\/strong><\/p>\n<ul data-start=\"1140\" data-end=\"1207\">\n<li data-start=\"1140\" data-end=\"1207\">\n<p data-start=\"1142\" data-end=\"1207\">D\u00e9cret royal du 24 juillet 1889 portant publication du code civil espagnol.<\/p>\n<\/li>\n<\/ul>\n<p data-start=\"1209\" data-end=\"1232\"><strong data-start=\"1209\" data-end=\"1232\">Registre du commerce<\/strong><\/p>\n<ul data-start=\"1234\" data-end=\"1318\">\n<li data-start=\"1234\" data-end=\"1318\">\n<p data-start=\"1236\" data-end=\"1318\">D\u00e9cret royal 1784\/1996, du 19 juillet, approuvant le r\u00e8glement du registre du commerce.<\/p>\n<\/li>\n<\/ul>\n<p data-start=\"1320\" data-end=\"1340\"><strong data-start=\"1320\" data-end=\"1340\">Statut des travailleurs<\/strong><\/p>\n<ul data-start=\"1342\" data-end=\"1447\">\n<li data-start=\"1342\" data-end=\"1447\">\n<p data-start=\"1344\" data-end=\"1447\">D\u00e9cret royal l\u00e9gislatif 2\/2015, du 23 octobre, approuvant le texte r\u00e9vis\u00e9 de la loi sur le statut des travailleurs.<\/p>\n<\/li>\n<\/ul>\n<p data-start=\"1449\" data-end=\"1494\"><strong data-start=\"1449\" data-end=\"1494\">2.3 Informations sur les fonctions de l'entit\u00e9<\/strong><\/p>\n<p data-start=\"1496\" data-end=\"1521\">L'objectif de l'entreprise est le suivant :<\/p>\n<ul data-start=\"1523\" data-end=\"1922\">\n<li data-start=\"1523\" data-end=\"1631\">\n<p data-start=\"1525\" data-end=\"1631\">L'ex\u00e9cution et l'organisation d'excursions li\u00e9es aux animaux, y compris des visites de fermes avec divers animaux.<\/p>\n<\/li>\n<li data-start=\"1632\" data-end=\"1767\">\n<p data-start=\"1634\" data-end=\"1767\">La construction, l'acquisition, l'installation et l'exploitation d'\u00e9tablissements touristiques tels que des bars, des restaurants et des boutiques de souvenirs.<\/p>\n<\/li>\n<li data-start=\"1768\" data-end=\"1922\">\n<p data-start=\"1770\" data-end=\"1922\">Activit\u00e9s de loisirs de toutes sortes li\u00e9es au tourisme et pour le tourisme, telles que l'organisation d'excursions, de barbecues, de pique-niques, de spectacles musicaux, de divertissements, etc.<\/p>\n<\/li>\n<\/ul>\n<hr data-start=\"1924\" data-end=\"1927\" \/>\n<h3 data-start=\"1929\" data-end=\"1970\">3. Informations financi\u00e8res et \u00e9conomiques<\/h3>\n<p data-start=\"1972\" data-end=\"2007\"><strong data-start=\"1972\" data-end=\"1989\">Derni\u00e8re mise \u00e0 jour :<\/strong> 30 novembre 2022<\/p>\n<p data-start=\"2009\" data-end=\"2152\">Les comptes annuels de l'exercice 2018 ont \u00e9t\u00e9 d\u00e9pos\u00e9s au registre du commerce de Santa Cruz de Tenerife sous le num\u00e9ro de dossier 2\/2019\/508921.<\/p>\n<p data-start=\"2154\" data-end=\"2252\">Les comptes annuels pour l'exercice 2021 n'ont pas encore \u00e9t\u00e9 d\u00e9pos\u00e9s au registre du commerce.<\/p>\n<hr data-start=\"2254\" data-end=\"2257\" \/>\n<h3 data-start=\"2259\" data-end=\"2303\">4. Contrats avec les administrations publiques<\/h3>\n<p data-start=\"2305\" data-end=\"2340\"><strong data-start=\"2305\" data-end=\"2322\">Derni\u00e8re mise \u00e0 jour :<\/strong> 30 novembre 2022<\/p>\n<p data-start=\"2342\" data-end=\"2442\">Aquikaguaya, S.L. n'a pas conclu ou r\u00e9sili\u00e9 de contrats avec des administrations publiques en 2021.<\/p>\n<hr data-start=\"2444\" data-end=\"2447\" \/>\n<h3 data-start=\"2449\" data-end=\"2494\">5. Accords avec les administrations publiques<\/h3>\n<p data-start=\"2496\" data-end=\"2531\"><strong data-start=\"2496\" data-end=\"2513\">Derni\u00e8re mise \u00e0 jour :<\/strong> 30 novembre 2022<\/p>\n<p data-start=\"2533\" data-end=\"2621\">Aquikaguaya, S.L. n'a conclu aucun accord avec des administrations publiques en 2021.<\/p>\n<hr data-start=\"2623\" data-end=\"2626\" \/>\n<h3 data-start=\"2628\" data-end=\"2677\">6. Aides et subventions des administrations publiques<\/h3>\n<p data-start=\"2679\" data-end=\"3073\">Ces informations sont fournies par les organismes et entit\u00e9s des administrations publiques \u00e0 la base de donn\u00e9es nationale des subventions et sont conformes aux dispositions de la loi organique 3\/2018, du 5 d\u00e9cembre, sur la protection des donn\u00e9es \u00e0 caract\u00e8re personnel et la garantie des droits num\u00e9riques.<br data-start=\"2950\" data-end=\"2953\" \/>Les droits d'opposition, de rectification et d'annulation doivent \u00eatre exerc\u00e9s aupr\u00e8s de l'organisme ou de l'entit\u00e9 qui accorde chaque subvention.<\/p>\n<hr data-start=\"3075\" data-end=\"3078\" \/>\n<h3 data-start=\"3080\" data-end=\"3171\">7. Rapport annuel sur le degr\u00e9 de mise en \u0153uvre de la loi de transparence des \u00eeles Canaries<\/h3>\n<p data-start=\"3173\" data-end=\"3208\"><strong data-start=\"3173\" data-end=\"3190\">Derni\u00e8re mise \u00e0 jour :<\/strong> 30 novembre 2022<\/p>\n<p data-start=\"3210\" data-end=\"3466\"><strong data-start=\"3210\" data-end=\"3231\">Plus d'informations :<\/strong> <a class=\"\" href=\"https:\/\/transparenciacanarias.org\/\" target=\"_new\" rel=\"noopener nofollow\" data-start=\"3232\" data-end=\"3304\">https:\/\/transparenciacanarias.org\/<\/a><br data-start=\"3304\" data-end=\"3307\" \/><strong data-start=\"3307\" data-end=\"3345\">R\u00e9glementations nationales et r\u00e9gionales :<\/strong> <a class=\"\" href=\"https:\/\/transparenciacanarias.org\/que-hacemos\/legislacion\/\" target=\"_new\" rel=\"noopener nofollow\" data-start=\"3346\" data-end=\"3466\">https:\/\/transparenciacanarias.org\/que-hacemos\/legislacion\/<\/a><\/p>\n<\/div>\n<\/div>\n<\/div>\n<\/div>\n<\/div>\n<\/div>\n<div class=\"vc_row wpb_row vc_row-fluid mpc-row\">\n<div class=\"wpb_column vc_column_container vc_col-sm-12 mpc-column\" data-column-id=\"mpc_column-5168778513e69e8\">\n<div class=\"vc_column-inner\">\n<div class=\"wpb_wrapper\">\n<div class=\"wpb_text_column wpb_content_element\">\n<div class=\"wpb_wrapper\">\u00a0<\/div>\n<\/div>\n<\/div>\n<\/div>\n<\/div>\n<\/div>\n\t\t\t\t\t\t\t\t<\/div>\n\t\t\t\t<\/div>\n\t\t\t\t\t<\/div>\n\t\t\t\t<\/div>\n\t\t\t\t<\/div>","protected":false},"excerpt":{"rendered":"<p>Transparency Institutional Information Last updated: November 30, 2022Aquikaguaya, S.L. is a private entity operating in the Canary Islands. 1. General Information A family-owned business founded in 1988. Its story began in Tenerife when a couple left their respective jobs in the capital to start a camel ride park for both tourists and locals.In the beginning, [&hellip;]<\/p>\n","protected":false},"author":18,"featured_media":0,"parent":0,"menu_order":0,"comment_status":"closed","ping_status":"closed","template":"","meta":{"_acf_changed":false,"footnotes":""},"class_list":["post-1909","page","type-page","status-publish","hentry"],"acf":[],"_links":{"self":[{"href":"https:\/\/camelpark.es\/fr\/wp-json\/wp\/v2\/pages\/1909","targetHints":{"allow":["GET"]}}],"collection":[{"href":"https:\/\/camelpark.es\/fr\/wp-json\/wp\/v2\/pages"}],"about":[{"href":"https:\/\/camelpark.es\/fr\/wp-json\/wp\/v2\/types\/page"}],"author":[{"embeddable":true,"href":"https:\/\/camelpark.es\/fr\/wp-json\/wp\/v2\/users\/18"}],"replies":[{"embeddable":true,"href":"https:\/\/camelpark.es\/fr\/wp-json\/wp\/v2\/comments?post=1909"}],"version-history":[{"count":5,"href":"https:\/\/camelpark.es\/fr\/wp-json\/wp\/v2\/pages\/1909\/revisions"}],"predecessor-version":[{"id":2060,"href":"https:\/\/camelpark.es\/fr\/wp-json\/wp\/v2\/pages\/1909\/revisions\/2060"}],"wp:attachment":[{"href":"https:\/\/camelpark.es\/fr\/wp-json\/wp\/v2\/media?parent=1909"}],"curies":[{"name":"wp","href":"https:\/\/api.w.org\/{rel}","templated":true}]}}