{"id":1919,"date":"2025-07-16T12:05:59","date_gmt":"2025-07-16T11:05:59","guid":{"rendered":"https:\/\/testing.websbg.com\/?page_id=1919"},"modified":"2025-08-06T13:31:20","modified_gmt":"2025-08-06T12:31:20","slug":"conditions-generales","status":"publish","type":"page","link":"https:\/\/camelpark.es\/fr\/conditions-generales\/","title":{"rendered":"Conditions g\u00e9n\u00e9rales d'utilisation"},"content":{"rendered":"<div data-elementor-type=\"wp-page\" data-elementor-id=\"1919\" class=\"elementor elementor-1919\" data-elementor-post-type=\"page\">\n\t\t\t\t<div class=\"elementor-element elementor-element-723326f e-flex e-con-boxed e-con e-parent\" data-id=\"723326f\" data-element_type=\"container\" data-e-type=\"container\" data-settings=\"{&quot;background_background&quot;:&quot;classic&quot;}\">\n\t\t\t\t\t<div class=\"e-con-inner\">\n\t\t\t\t<div class=\"elementor-element elementor-element-ae36412 elementor-widget elementor-widget-heading\" data-id=\"ae36412\" data-element_type=\"widget\" data-e-type=\"widget\" data-widget_type=\"heading.default\">\n\t\t\t\t<div class=\"elementor-widget-container\">\n\t\t\t\t\t<h1 class=\"elementor-heading-title elementor-size-default\">Conditions g\u00e9n\u00e9rales d'utilisation<\/h1>\t\t\t\t<\/div>\n\t\t\t\t<\/div>\n\t\t\t\t\t<\/div>\n\t\t\t\t<\/div>\n\t\t<div class=\"elementor-element elementor-element-645e8ca2 e-flex e-con-boxed e-con e-parent\" data-id=\"645e8ca2\" data-element_type=\"container\" data-e-type=\"container\">\n\t\t\t\t\t<div class=\"e-con-inner\">\n\t\t\t\t<div class=\"elementor-element elementor-element-536de7ed elementor-widget elementor-widget-text-editor\" data-id=\"536de7ed\" data-element_type=\"widget\" data-e-type=\"widget\" data-widget_type=\"text-editor.default\">\n\t\t\t\t<div class=\"elementor-widget-container\">\n\t\t\t\t\t\t\t\t\t\n<h3>Informations g\u00e9n\u00e9rales<\/h3>\n<p>Ce site web est exploit\u00e9 par Camel Park, sous le nom commercial Camel Park. Dans l'ensemble du site, les termes \"<b>nous<\/b>,\u201d \u201c<b>nous<\/b>,\" et \"<b>notre<\/b>\"se r\u00e9f\u00e8re \u00e0 Camel Park. Camel Park propose ce site web, y compris toutes les informations, tous les outils et tous les services disponibles pour vous, l'utilisateur, sous r\u00e9serve de votre acceptation de l'ensemble des modalit\u00e9s, conditions, politiques et avis \u00e9nonc\u00e9s ici.<\/p>\n<p>En visitant notre site et\/ou en achetant quelque chose chez nous, vous vous engagez dans notre \"<b>Service<\/b>\"et acceptent d'\u00eatre li\u00e9s par les termes et conditions suivants (<b>\"Conditions de service\", \"Conditions\"<\/b>), y compris les conditions et politiques suppl\u00e9mentaires qui y sont r\u00e9f\u00e9renc\u00e9es et\/ou qui sont disponibles par hyperlien. Les pr\u00e9sentes conditions de service s'appliquent \u00e0 tous les utilisateurs du site, y compris, mais sans s'y limiter, les utilisateurs qui sont des navigateurs, des vendeurs, des clients, des commer\u00e7ants et\/ou des contributeurs de contenu.<\/p>\n<p>Veuillez lire attentivement les pr\u00e9sentes conditions d'utilisation avant d'acc\u00e9der \u00e0 notre site web ou de l'utiliser. En acc\u00e9dant \u00e0 toute partie du site ou en l'utilisant, vous acceptez d'\u00eatre li\u00e9 par ces conditions de service. Si vous n'acceptez pas tous les termes et conditions de cet accord, vous ne pouvez pas acc\u00e9der au site web ou utiliser les services. Si les pr\u00e9sentes conditions de service sont consid\u00e9r\u00e9es comme une offre, l'acceptation est express\u00e9ment limit\u00e9e aux pr\u00e9sentes conditions de service.<\/p>\n<p>Toute nouvelle fonctionnalit\u00e9 ou tout nouvel outil ajout\u00e9 au magasin actuel sera \u00e9galement soumis aux conditions d'utilisation. Vous pouvez consulter la version la plus r\u00e9cente des conditions d'utilisation \u00e0 tout moment sur cette page. Nous nous r\u00e9servons le droit de mettre \u00e0 jour, de modifier ou de remplacer toute partie des pr\u00e9sentes conditions de service en publiant des mises \u00e0 jour et\/ou des modifications sur notre site web. Il vous incombe de v\u00e9rifier r\u00e9guli\u00e8rement si des modifications ont \u00e9t\u00e9 apport\u00e9es \u00e0 cette page. La poursuite de l'utilisation ou de l'acc\u00e8s au site web apr\u00e8s la publication de toute modification constitue l'acceptation de ces modifications.<\/p>\n<hr \/>\n<p>\u00a0<\/p>\n<h3>Section 1 - Termes relatifs au parc des chameaux<\/h3>\n<p>En utilisant ce site, vous d\u00e9clarez que vous avez au moins l'\u00e2ge de la majorit\u00e9 dans votre \u00c9tat ou province de r\u00e9sidence, ou que vous avez l'\u00e2ge de la majorit\u00e9 dans votre \u00c9tat ou province de r\u00e9sidence et que vous nous avez donn\u00e9 votre consentement pour permettre \u00e0 toute personne mineure \u00e0 votre charge d'utiliser ce site.<\/p>\n<p>Vous ne pouvez pas utiliser nos produits \u00e0 des fins ill\u00e9gales ou non autoris\u00e9es et vous ne pouvez pas non plus, dans le cadre de l'utilisation du service, violer les lois en vigueur dans votre juridiction (y compris, mais sans s'y limiter, les lois sur les droits d'auteur).<\/p>\n<p>Vous ne devez pas transmettre de vers, de virus ou de code de nature destructive.<\/p>\n<p>Toute infraction ou violation de l'une des conditions entra\u00eenera la r\u00e9siliation imm\u00e9diate de vos services.<\/p>\n<hr \/>\n<p>\u00a0<\/p>\n<h3>Section 2 - Conditions g\u00e9n\u00e9rales<\/h3>\n<p>Vous comprenez que votre contenu (\u00e0 l'exclusion des informations relatives aux cartes de cr\u00e9dit) peut \u00eatre transf\u00e9r\u00e9 en clair et impliquer (a) des transmissions sur diff\u00e9rents r\u00e9seaux ; et (b) des modifications pour se conformer et s'adapter aux exigences techniques des r\u00e9seaux ou des dispositifs de connexion. Les informations relatives aux cartes de cr\u00e9dit sont toujours crypt\u00e9es lors de leur transfert sur les r\u00e9seaux.<\/p>\n<p>Vous vous engagez \u00e0 ne pas reproduire, dupliquer, copier, vendre, revendre ou exploiter toute partie du service, l'utilisation du service ou l'acc\u00e8s au service ou \u00e0 tout contact sur le site web par le biais duquel le service est fourni, sans autorisation \u00e9crite expresse de notre part.<\/p>\n<p>Les titres utilis\u00e9s dans le pr\u00e9sent accord ne le sont que pour des raisons de commodit\u00e9 et n'ont pas pour effet de limiter ou d'affecter d'une autre mani\u00e8re les pr\u00e9sentes conditions.<\/p>\n<hr \/>\n<p>\u00a0<\/p>\n<h3>Section 3 - Produits ou services<\/h3>\n<p>Nous nous sommes efforc\u00e9s d'afficher aussi fid\u00e8lement que possible les couleurs et les images de nos produits qui apparaissent dans le magasin. Nous ne pouvons pas garantir que les couleurs affich\u00e9es sur votre \u00e9cran d'ordinateur seront exactes.<\/p>\n<p>Toutes les promotions ne sont pas cumulables avec d'autres promotions. Elles sont valables jusqu'\u00e0 \u00e9puisement des stocks et sont limit\u00e9es \u00e0 une par personne.<\/p>\n<p>L'utilisation des coupons est personnelle, avec un seul coupon par utilisateur. Un seul coupon par commande. Chaque coupon peut avoir des restrictions sp\u00e9cifiques qui seront communiqu\u00e9es sur la banni\u00e8re.<\/p>\n<p>Camel Park s'engage \u00e0 fournir les meilleurs produits qui r\u00e9pondent \u00e0 nos normes de toilettage de la mode, ainsi qu'\u00e0 se conformer aux exigences les plus \u00e9lev\u00e9es en mati\u00e8re de s\u00e9curit\u00e9 sanitaire et de r\u00e9glementation applicable. Si l'un de nos produits ne r\u00e9pond pas aux normes les plus strictes, nous le retirerons imm\u00e9diatement de notre march\u00e9.<\/p>\n<hr \/>\n<p>\u00a0<\/p>\n<h3>Section 4 - Exactitude des informations relatives \u00e0 la facturation et au compte<\/h3>\n<p>Vous pouvez demander la facture correspondante en format \u00e9lectronique ou papier en envoyant un courriel \u00e0 administrador@CamelPark.com.<\/p>\n<p>Nous pouvons vous en informer en vous contactant par courrier \u00e9lectronique et\/ou \u00e0 l'adresse de facturation\/au num\u00e9ro de t\u00e9l\u00e9phone fournis au moment de la commande. Nous nous r\u00e9servons le droit de limiter ou d'interdire les commandes qui, selon notre seul jugement, semblent \u00eatre pass\u00e9es par des concessionnaires, des revendeurs ou des distributeurs.<\/p>\n<p>Vous acceptez de fournir des informations d'achat et de compte actuelles, compl\u00e8tes et exactes pour tous les achats effectu\u00e9s dans notre magasin. Vous acceptez de mettre \u00e0 jour rapidement votre compte et d'autres informations, y compris votre adresse \u00e9lectronique et les num\u00e9ros et dates d'expiration de votre carte de cr\u00e9dit, afin que nous puissions effectuer vos transactions et vous contacter si n\u00e9cessaire.<\/p>\n<p>Pour plus de d\u00e9tails, veuillez consulter notre politique de retour \u00e0 la section 18 du pr\u00e9sent document.<\/p>\n<hr \/>\n<p>\u00a0<\/p>\n<h3>Section 5 - Outils optionnels<\/h3>\n<p>Nous pouvons vous donner acc\u00e8s \u00e0 des outils de tiers que nous ne contr\u00f4lons pas et sur lesquels nous n'avons aucun droit de regard.<\/p>\n<p>Vous reconnaissez et acceptez que nous fournissons l'acc\u00e8s \u00e0 ces outils \"en l'\u00e9tat\" et \"tels que disponibles\" sans aucune garantie, d\u00e9claration ou condition de quelque nature que ce soit et sans aucune approbation. Nous ne saurions \u00eatre tenus responsables de l'utilisation que vous faites des outils optionnels de tiers.<\/p>\n<p>Toute utilisation par vous d'outils optionnels propos\u00e9s par le site est enti\u00e8rement \u00e0 vos risques et p\u00e9rils, et vous devez vous assurer que vous connaissez et approuvez les conditions dans lesquelles les outils sont fournis par le(s) fournisseur(s) tiers concern\u00e9(s).<\/p>\n<p>Nous pouvons \u00e9galement, \u00e0 l'avenir, proposer de nouveaux services et\/ou de nouvelles fonctionnalit\u00e9s par l'interm\u00e9diaire du site web (y compris la mise \u00e0 disposition de nouveaux outils et ressources). Ces nouvelles fonctionnalit\u00e9s et\/ou services seront \u00e9galement soumis aux pr\u00e9sentes conditions de service.<\/p>\n<hr \/>\n<p>\u00a0<\/p>\n<h3>Section 6 - Liens avec des tiers<\/h3>\n<p>Certains contenus, produits et services disponibles via notre service peuvent inclure des \u00e9l\u00e9ments provenant de tiers.<\/p>\n<p>Les liens de tiers sur ce site peuvent vous diriger vers des sites web de tiers qui ne sont pas affili\u00e9s avec nous. Nous ne sommes pas responsables de l'examen ou de l'\u00e9valuation du contenu ou de l'exactitude et nous ne garantissons pas et n'aurons aucune responsabilit\u00e9 pour tout mat\u00e9riel ou site web de tiers, ou pour tout autre mat\u00e9riel, produit ou service de tiers.<\/p>\n<p>Nous ne sommes pas responsables des pr\u00e9judices ou des dommages li\u00e9s \u00e0 l'achat ou \u00e0 l'utilisation de biens, de services, <span class=\"citation-504 citation-end-504\">les ressources, le contenu ou toute autre transaction effectu\u00e9e en relation avec des sites web de tiers. Veuillez examiner attentivement les politiques et pratiques des tiers et vous assurer de les comprendre avant de vous engager dans une quelconque transaction. Plaintes, r\u00e9clamations, pr\u00e9occupations ou questions<\/span> concernant les produits de tiers doivent \u00eatre adress\u00e9es \u00e0 ces derniers.<\/p>\n<div class=\"source-inline-chip-container ng-star-inserted\">\u00a0<\/div>\n<hr \/>\n<p>\u00a0<\/p>\n<h3>Section 7 - Commentaires des utilisateurs, r\u00e9actions et autres soumissions<\/h3>\n<p>Si, \u00e0 notre demande, vous envoyez certaines soumissions sp\u00e9cifiques (par exemple, des participations \u00e0 des concours) ou si, sans que nous vous l'ayons demand\u00e9, vous envoyez des id\u00e9es cr\u00e9atives, des suggestions, des propositions, des plans ou d'autres documents, que ce soit en ligne, par courrier \u00e9lectronique, par courrier postal ou autrement (collectivement, les \"commentaires\"), vous acceptez que nous puissions, \u00e0 tout moment et sans restriction, \u00e9diter, copier, publier, distribuer, traduire et utiliser de quelque mani\u00e8re que ce soit sur tout support les commentaires que vous nous avez fait parvenir. Nous n'avons et n'aurons aucune obligation (1) de maintenir la confidentialit\u00e9 des commentaires, (2) de verser une compensation pour les commentaires, ou (3) de r\u00e9pondre aux commentaires.<\/p>\n<p>Nous pouvons, mais n'avons aucune obligation de surveiller, modifier ou supprimer le contenu que nous jugeons, \u00e0 notre seule discr\u00e9tion, ill\u00e9gal, offensant, mena\u00e7ant, diffamatoire, pornographique, obsc\u00e8ne ou autrement r\u00e9pr\u00e9hensible, ou qui viole la propri\u00e9t\u00e9 intellectuelle d'une partie ou les pr\u00e9sentes conditions d'utilisation.<\/p>\n<p>Vous acceptez que vos commentaires ne violent aucun droit d'un tiers, y compris les droits d'auteur, les marques, la vie priv\u00e9e, la personnalit\u00e9 ou tout autre droit personnel ou de propri\u00e9t\u00e9. Vous acceptez \u00e9galement que vos commentaires ne contiennent pas de mat\u00e9riel diffamatoire ou autrement ill\u00e9gal, abusif ou obsc\u00e8ne, ni de virus informatique ou autre logiciel malveillant susceptible d'affecter de quelque mani\u00e8re que ce soit le fonctionnement du service ou de tout site web connexe. Il est interdit d'utiliser une fausse adresse \u00e9lectronique, de se faire passer pour quelqu'un d'autre que soi-m\u00eame ou de nous induire en erreur ou d'induire des tiers en erreur quant \u00e0 l'origine d'un commentaire. Vous \u00eates seul responsable des commentaires que vous faites et de leur exactitude. Nous n'assumons aucune responsabilit\u00e9 pour les commentaires post\u00e9s par vous ou par des tiers.<\/p>\n<hr \/>\n<p>\u00a0<\/p>\n<h3>Section 8 - Informations personnelles<\/h3>\n<p>La communication d'informations personnelles par l'interm\u00e9diaire du site est r\u00e9gie par notre politique de protection de la vie priv\u00e9e. Pour consulter notre avis de confidentialit\u00e9.<\/p>\n<hr \/>\n<p>\u00a0<\/p>\n<h3>Section 9 - Erreurs, inexactitudes et omissions<\/h3>\n<p>Toute sp\u00e9cification mise \u00e0 jour ou date de mise \u00e0 jour appliqu\u00e9e dans le service ou sur tout site web connexe ne doit pas \u00eatre consid\u00e9r\u00e9e comme indiquant que toutes les informations contenues dans le service ou sur tout site web connexe ont \u00e9t\u00e9 modifi\u00e9es ou mises \u00e0 jour.<\/p>\n<hr \/>\n<p>\u00a0<\/p>\n<h3>Section 10 - Utilisations interdites<\/h3>\n<p>Outre les autres interdictions \u00e9nonc\u00e9es dans les conditions d'utilisation, il vous est interdit d'utiliser le site ou son contenu : (a) \u00e0 des fins ill\u00e9gales ; (b) pour solliciter d'autres personnes \u00e0 accomplir ou \u00e0 participer \u00e0 des actes ill\u00e9gaux ; (c) pour violer toute r\u00e9glementation, r\u00e8gle, loi ou ordonnance locale internationale, f\u00e9d\u00e9rale, provinciale ou \u00e9tatique ; (d) pour enfreindre ou violer nos droits de propri\u00e9t\u00e9 intellectuelle ou les droits de propri\u00e9t\u00e9 intellectuelle d'autrui ; (e) harceler, abuser, insulter, blesser, diffamer, calomnier, d\u00e9nigrer, intimider ou exercer une discrimination fond\u00e9e sur le sexe, l'orientation sexuelle, la religion, l'appartenance ethnique, la race, l'\u00e2ge, l'origine nationale ou le handicap ; (f) soumettre des informations fausses ou trompeuses ; (g) t\u00e9l\u00e9charger ou transmettre des virus ou tout autre type de code malveillant qui sera ou pourra \u00eatre utilis\u00e9 d'une mani\u00e8re qui affectera la fonctionnalit\u00e9 ou le fonctionnement du service ou de tout site web connexe, d'autres sites web ou de l'internet ; (h) collecter ou suivre les informations personnelles d'autrui ; (i) \u00e0 des fins de spam, de phishing, de pharm, de pretext, de spider, de crawl ou de scrape ; (j) \u00e0 des fins obsc\u00e8nes ou immorales ; ou (k) pour interf\u00e9rer avec ou contourner les dispositifs de s\u00e9curit\u00e9 du Service ou de tout site web connexe, d'autres sites web ou de l'Internet. Nous nous r\u00e9servons le droit de mettre fin \u00e0 votre utilisation du service ou de tout site web connexe en cas de violation de l'une des utilisations interdites.<\/p>\n<hr \/>\n<p>\u00a0<\/p>\n<h3>Article 11 - Exclusion de garantie ; limitation de responsabilit\u00e9<\/h3>\n<p>Vous convenez express\u00e9ment que l'utilisation ou l'incapacit\u00e9 d'utiliser le service se fait \u00e0 vos risques et p\u00e9rils. Le service et tous les produits et services qui vous sont fournis par l'interm\u00e9diaire du service sont (sauf mention expresse de notre part) fournis \"en l'\u00e9tat\" et \"tels que disponibles\" pour votre usage.<\/p>\n<p>En aucun cas Camel Park, ses administrateurs, dirigeants, employ\u00e9s, affili\u00e9s, agents, contractants, stagiaires, fournisseurs, prestataires de services ou conc\u00e9dants de licence ne pourront \u00eatre tenus responsables d'un pr\u00e9judice, d'une perte, d'une r\u00e9clamation ou de tout dommage direct, indirect, accessoire, punitif, sp\u00e9cial ou cons\u00e9cutif de quelque nature que ce soit, y compris, mais sans s'y limiter, les pertes de b\u00e9n\u00e9fices, de revenus, d'\u00e9conomies, de donn\u00e9es, les co\u00fbts de remplacement ou tout autre dommage similaire.<\/p>\n<p>\u00c9tant donn\u00e9 que certains \u00c9tats ou juridictions n'autorisent pas l'exclusion ou la limitation de la responsabilit\u00e9 pour les dommages cons\u00e9cutifs ou accessoires, dans ces \u00c9tats ou juridictions, notre responsabilit\u00e9 sera limit\u00e9e dans toute la mesure permise par la loi.<\/p>\n<hr \/>\n<p>\u00a0<\/p>\n<h3>Section 12 - Indemnisation<\/h3>\n<p>Vous acceptez d'indemniser, de d\u00e9fendre et de d\u00e9gager de toute responsabilit\u00e9 Camel Park et notre soci\u00e9t\u00e9 m\u00e8re, nos filiales, nos soci\u00e9t\u00e9s affili\u00e9es, nos partenaires, nos dirigeants, nos administrateurs, nos agents, nos contractants, nos conc\u00e9dants, nos prestataires de services, nos sous-traitants, nos fournisseurs, nos stagiaires et nos employ\u00e9s, en cas de r\u00e9clamation ou de demande, y compris les honoraires raisonnables d'avocat, pr\u00e9sent\u00e9e par un tiers en raison de votre violation des pr\u00e9sentes conditions de service ou des documents qu'elles incorporent par r\u00e9f\u00e9rence, ou en cas de violation d'une loi ou des droits d'un tiers, ou d\u00e9coulant de cette violation.<\/p>\n<hr \/>\n<p>\u00a0<\/p>\n<h3>Section 13 - Divisibilit\u00e9<\/h3>\n<p>Si une disposition des pr\u00e9sentes conditions de service est jug\u00e9e ill\u00e9gale, nulle ou inapplicable, cette disposition sera n\u00e9anmoins applicable dans toute la mesure permise par le droit applicable, et la partie inapplicable sera consid\u00e9r\u00e9e comme supprim\u00e9e des pr\u00e9sentes conditions de service, <span class=\"citation-503 citation-end-503\">cette d\u00e9cision n'affecte pas la validit\u00e9 et le caract\u00e8re ex\u00e9cutoire des autres dispositions restantes.<\/span><\/p>\n<div class=\"source-inline-chip-container ng-star-inserted\">\u00a0<\/div>\n<hr \/>\n<p>\u00a0<\/p>\n<h3><span class=\"citation-502 citation-end-502\">Section 14 - R\u00e9siliation<\/span><\/h3>\n<p><span class=\"citation-501 citation-end-501\">Les obligations et responsabilit\u00e9s des parties contract\u00e9es avant la date de r\u00e9siliation survivent \u00e0 la r\u00e9siliation.<\/span>e pr\u00e9sent accord est r\u00e9sili\u00e9 \u00e0 toutes fins utiles.<\/p>\n<div class=\"source-inline-chip-container ng-star-inserted\">\u00a0<\/div>\n<p>Les pr\u00e9sentes conditions d'utilisation sont valables jusqu'\u00e0 ce qu'elles soient r\u00e9sili\u00e9es par vous ou par nous. Vous pouvez r\u00e9silier les pr\u00e9sentes conditions de service \u00e0 tout moment en nous informant que vous ne souhaitez plus utiliser nos services ou en cessant d'utiliser notre site.<\/p>\n<p>Si nous estimons que vous ne respectez pas, ou que nous soup\u00e7onnons que vous n'avez pas respect\u00e9, l'une des conditions ou l'une des dispositions des pr\u00e9sentes conditions de service, nous pouvons \u00e9galement r\u00e9silier le pr\u00e9sent accord \u00e0 tout moment et sans pr\u00e9avis, et vous resterez redevable de tous les montants dus jusqu'\u00e0 la date de r\u00e9siliation incluse ; et\/ou nous pouvons par cons\u00e9quent vous refuser l'acc\u00e8s \u00e0 nos services (ou \u00e0 une partie de ceux-ci).<\/p>\n<hr \/>\n<p>\u00a0<\/p>\n<h3>Article 15 - Int\u00e9gralit\u00e9 de l'accord<\/h3>\n<p>Le fait que nous n'exercions pas ou n'appliquions pas un droit ou une disposition des pr\u00e9sentes conditions d'utilisation ne constitue pas une renonciation \u00e0 ce droit ou \u00e0 cette disposition.<\/p>\n<p>Les pr\u00e9sentes conditions d'utilisation et toute politique ou r\u00e8gle d'exploitation publi\u00e9e par nous sur ce site ou concernant le service constituent l'int\u00e9gralit\u00e9 de l'accord et de la convention entre vous et nous et r\u00e9gissent votre utilisation du service, rempla\u00e7ant tous les accords, communications et propositions ant\u00e9rieurs ou contemporains, qu'ils soient oraux ou \u00e9crits, entre vous et nous (y compris, mais sans s'y limiter, toutes les versions ant\u00e9rieures des conditions d'utilisation).<\/p>\n<p>Toute ambigu\u00eft\u00e9 dans l'interpr\u00e9tation des pr\u00e9sentes conditions de service ne sera pas interpr\u00e9t\u00e9e \u00e0 l'encontre de la partie r\u00e9dactrice.<\/p>\n<hr \/>\n<p>\u00a0<\/p>\n<h3>Section 16 - Droit<\/h3>\n<p>Pour l'interpr\u00e9tation et l'ex\u00e9cution des pr\u00e9sentes conditions g\u00e9n\u00e9rales, les parties se soumettent \u00e0 la juridiction du domicile du consommateur.<\/p>\n<hr \/>\n<p>\u00a0<\/p>\n<h3>Article 17 - Modifications des conditions d'utilisation<\/h3>\n<p>Vous pouvez consulter la version la plus r\u00e9cente des conditions de service \u00e0 tout moment sur cette page.<\/p>\n<p>Nous nous r\u00e9servons le droit, \u00e0 notre seule discr\u00e9tion, de mettre \u00e0 jour, de modifier ou de remplacer toute partie des pr\u00e9sentes conditions de service en publiant des mises \u00e0 jour et des modifications sur notre site web. Il vous incombe de v\u00e9rifier r\u00e9guli\u00e8rement si des modifications ont \u00e9t\u00e9 apport\u00e9es \u00e0 notre site web. La poursuite de l'utilisation ou de l'acc\u00e8s \u00e0 notre site web ou au service apr\u00e8s la publication de toute modification des pr\u00e9sentes conditions de service constitue l'acceptation de ces modifications.<\/p>\n<hr \/>\n<p>\u00a0<\/p>\n<h3>Article 18 - Politique d'\u00e9change et de remboursement<\/h3>\n<p>Les billets achet\u00e9s par l'interm\u00e9diaire de Camel Park ne sont pas remboursables. Une fois l'achat effectu\u00e9, il ne sera pas possible de demander un remboursement. Toutefois, sous r\u00e9serve de disponibilit\u00e9, vous pouvez modifier la date ou l'heure de votre r\u00e9servation jusqu'\u00e0 48 heures avant votre visite en nous contactant \u00e0 l'adresse \u00e9lectronique indiqu\u00e9e ou par t\u00e9l\u00e9phone.<\/p>\n<hr \/>\n<p>\u00a0<\/p>\n<h3>Section 19 - Exp\u00e9dition et livraison des billets<\/h3>\n<p>Les billets achet\u00e9s par l'interm\u00e9diaire de Camel Park seront envoy\u00e9s imm\u00e9diatement \u00e0 l'adresse \u00e9lectronique sp\u00e9cifi\u00e9e par l'utilisateur. Nous recommandons \u00e0 l'utilisateur de v\u00e9rifier son <b>SPAM<\/b> ou dans le dossier des courriers ind\u00e9sirables s'ils ne voient pas les billets dans leur bo\u00eete de r\u00e9ception.<\/p>\n<p>Si vous ne recevez pas l'e-mail contenant les billets quelques minutes apr\u00e8s avoir effectu\u00e9 le paiement, vous pouvez nous contacter par t\u00e9l\u00e9phone \u00e0 l'adresse 922721121, ou par e-mail \u00e0 l'adresse administrador@camelpark.es, afin que nous puissions traiter votre cas et vous envoyer les billets achet\u00e9s par voie \u00e9lectronique.<\/p>\n<hr \/>\n<p>\u00a0<\/p>\n<h3>Section 20 - Modes de paiement, frais et remises<\/h3>\n<p>Le PRESTATAIRE propose les m\u00e9thodes suivantes pour effectuer le paiement d'une commande :<\/p>\n<ul>\n<li>\n<p><b>Paiement par PayPal :<\/b> Aucun rabais ou frais ne sera appliqu\u00e9.<\/p>\n<\/li>\n<li>\n<p><b>Carte de cr\u00e9dit :<\/b> Aucun rabais ou frais ne sera appliqu\u00e9.<\/p>\n<\/li>\n<\/ul>\n<hr \/>\n<p>\u00a0<\/p>\n<h3>Section 21 - Coordonn\u00e9es<\/h3>\n<p>Les questions relatives aux conditions d'utilisation doivent \u00eatre envoy\u00e9es \u00e0 cameluspark@gmail.com.<\/p>\n\t\t\t\t\t\t\t\t<\/div>\n\t\t\t\t<\/div>\n\t\t\t\t\t<\/div>\n\t\t\t\t<\/div>\n\t\t\t\t<\/div>","protected":false},"excerpt":{"rendered":"<p>Terms and Conditions General Information This website is operated by Camel Park, with the business name Camel Park. Throughout the site, the terms &#8220;we,&#8221; &#8220;us,&#8221; and &#8220;our&#8221; refer to Camel Park. Camel Park offers this website, including all information, tools, and services available to you, the user, conditioned upon your acceptance of all terms, conditions, [&hellip;]<\/p>\n","protected":false},"author":18,"featured_media":0,"parent":0,"menu_order":0,"comment_status":"closed","ping_status":"closed","template":"","meta":{"_acf_changed":false,"footnotes":""},"class_list":["post-1919","page","type-page","status-publish","hentry"],"acf":[],"_links":{"self":[{"href":"https:\/\/camelpark.es\/fr\/wp-json\/wp\/v2\/pages\/1919","targetHints":{"allow":["GET"]}}],"collection":[{"href":"https:\/\/camelpark.es\/fr\/wp-json\/wp\/v2\/pages"}],"about":[{"href":"https:\/\/camelpark.es\/fr\/wp-json\/wp\/v2\/types\/page"}],"author":[{"embeddable":true,"href":"https:\/\/camelpark.es\/fr\/wp-json\/wp\/v2\/users\/18"}],"replies":[{"embeddable":true,"href":"https:\/\/camelpark.es\/fr\/wp-json\/wp\/v2\/comments?post=1919"}],"version-history":[{"count":5,"href":"https:\/\/camelpark.es\/fr\/wp-json\/wp\/v2\/pages\/1919\/revisions"}],"predecessor-version":[{"id":2071,"href":"https:\/\/camelpark.es\/fr\/wp-json\/wp\/v2\/pages\/1919\/revisions\/2071"}],"wp:attachment":[{"href":"https:\/\/camelpark.es\/fr\/wp-json\/wp\/v2\/media?parent=1919"}],"curies":[{"name":"wp","href":"https:\/\/api.w.org\/{rel}","templated":true}]}}