{"id":423,"date":"2024-09-02T19:33:05","date_gmt":"2024-09-02T18:33:05","guid":{"rendered":"https:\/\/base.thebluegrow.com\/?page_id=423"},"modified":"2025-08-06T12:49:01","modified_gmt":"2025-08-06T11:49:01","slug":"juridique","status":"publish","type":"page","link":"https:\/\/camelpark.es\/fr\/juridique\/","title":{"rendered":"Avis juridique"},"content":{"rendered":"<div data-elementor-type=\"wp-page\" data-elementor-id=\"423\" class=\"elementor elementor-423\" data-elementor-post-type=\"page\">\n\t\t\t\t<div class=\"elementor-element elementor-element-9a7e071 e-flex e-con-boxed e-con e-parent\" data-id=\"9a7e071\" data-element_type=\"container\" data-e-type=\"container\" data-settings=\"{&quot;background_background&quot;:&quot;classic&quot;}\">\n\t\t\t\t\t<div class=\"e-con-inner\">\n\t\t\t\t<div class=\"elementor-element elementor-element-5c00762 elementor-widget elementor-widget-heading\" data-id=\"5c00762\" data-element_type=\"widget\" data-e-type=\"widget\" data-widget_type=\"heading.default\">\n\t\t\t\t<div class=\"elementor-widget-container\">\n\t\t\t\t\t<h1 class=\"elementor-heading-title elementor-size-default\">Avis juridique<\/h1>\t\t\t\t<\/div>\n\t\t\t\t<\/div>\n\t\t\t\t\t<\/div>\n\t\t\t\t<\/div>\n\t\t<div class=\"elementor-element elementor-element-1faf54c e-flex e-con-boxed e-con e-parent\" data-id=\"1faf54c\" data-element_type=\"container\" data-e-type=\"container\">\n\t\t\t\t\t<div class=\"e-con-inner\">\n\t\t\t\t<div class=\"elementor-element elementor-element-797fd921 elementor-widget elementor-widget-text-editor\" data-id=\"797fd921\" data-element_type=\"widget\" data-e-type=\"widget\" data-widget_type=\"text-editor.default\">\n\t\t\t\t<div class=\"elementor-widget-container\">\n\t\t\t\t\t\t\t\t\t\n<h3 data-start=\"161\" data-end=\"186\">1. Propri\u00e9t\u00e9 du domaine<\/h3>\n<p data-start=\"187\" data-end=\"480\">Conform\u00e9ment \u00e0 l'article 10 de la loi 34\/2002, du 11 juillet, sur les services de la soci\u00e9t\u00e9 de l'information et le commerce \u00e9lectronique (LSSI-CE), les informations suivantes sont express\u00e9ment, pr\u00e9cis\u00e9ment et sans \u00e9quivoque fournies aux utilisateurs et aux autorit\u00e9s comp\u00e9tentes concernant le fournisseur de services de la soci\u00e9t\u00e9 de l'information :<\/p>\n<p data-start=\"482\" data-end=\"872\"><strong data-start=\"482\" data-end=\"491\">Nom :<\/strong> Samantha Jayne Lopez Lynch<br data-start=\"518\" data-end=\"521\" \/><strong data-start=\"521\" data-end=\"531\">N.I.F :<\/strong> 43358910T<br data-start=\"541\" data-end=\"544\" \/><strong data-start=\"544\" data-end=\"556\">Entreprise :<\/strong> Aquikaguaya S.L.<br data-start=\"573\" data-end=\"576\" \/><strong data-start=\"576\" data-end=\"584\">CIF :<\/strong> B76785633<br data-start=\"594\" data-end=\"597\" \/><strong data-start=\"597\" data-end=\"619\">Activit\u00e9 commerciale :<\/strong><br data-start=\"619\" data-end=\"622\" \/><strong data-start=\"622\" data-end=\"647\">Adresse professionnelle :<\/strong> Ctra. Gral. s\/n Los Cristianos-La Camella. Arona. Tenerife, 38627 La Camella, Arona, Santa Cruz de Tenerife<br data-start=\"755\" data-end=\"758\" \/><strong data-start=\"758\" data-end=\"778\">Num\u00e9ro(s) de t\u00e9l\u00e9phone :<\/strong> 922721121<br data-start=\"788\" data-end=\"791\" \/><strong data-start=\"791\" data-end=\"809\">Adresse \u00e9lectronique :<\/strong> <a class=\"cursor-pointer\" rel=\"noopener\" data-start=\"810\" data-end=\"836\">cameluspark@gmail.com<\/a><br data-start=\"836\" data-end=\"839\" \/><strong data-start=\"839\" data-end=\"851\">Site web :<\/strong> <a class=\"\" href=\"https:\/\/camelpark.es\/fr\/\" target=\"_new\" rel=\"noopener\" data-start=\"852\" data-end=\"872\">https:\/\/camelpark.es<\/a><\/p>\n<hr data-start=\"874\" data-end=\"877\" \/>\n<h3 data-start=\"879\" data-end=\"908\">2. Conditions g\u00e9n\u00e9rales d'utilisation<\/h3>\n<p data-start=\"909\" data-end=\"1199\">L'utilisateur acc\u00e8de volontairement \u00e0 ce site web. L'acc\u00e8s et la navigation sur ce site impliquent l'acceptation et la connaissance des mentions l\u00e9gales, des conditions et des termes d'utilisation contenus dans ce site. Le simple acc\u00e8s n'implique pas l'\u00e9tablissement d'une relation commerciale entre CAMEL PARK et l'utilisateur.<\/p>\n<p data-start=\"1201\" data-end=\"1549\">Les mentions l\u00e9gales et\/ou les conditions des services fournis \u00e0 travers ce site peuvent \u00eatre modifi\u00e9es \u00e0 tout moment, lorsque CAMEL PARK le juge opportun, ou afin de se conformer \u00e0 de futures \u00e9volutions l\u00e9gales ou technologiques. Ces modifications seront d\u00fbment notifi\u00e9es et entreront en vigueur \u00e0 compter de leur publication sur ce site, sauf indication contraire.<\/p>\n<p data-start=\"1551\" data-end=\"1894\">CAMEL PARK se r\u00e9serve le droit de suspendre ou d'annuler l'acc\u00e8s si le site Web est utilis\u00e9 en violation de toute loi applicable ou des normes communes d'utilisation d'Internet, ou si son domaine est utilis\u00e9 dans le cadre d'activit\u00e9s ill\u00e9gales, ainsi que sur r\u00e9ception d'une notification \u00e0 cet effet de la part d'une autorit\u00e9 comp\u00e9tente ou dans tout autre cas pr\u00e9vu par la l\u00e9gislation en vigueur.<\/p>\n<hr data-start=\"1896\" data-end=\"1899\" \/>\n<h3 data-start=\"1901\" data-end=\"1917\">3. Contenu<\/h3>\n<p data-start=\"1918\" data-end=\"2246\">CAMEL PARK s'efforce d'\u00e9viter les erreurs dans les contenus publi\u00e9s sur le site. Tous les contenus sont mis \u00e0 jour, CAMEL PARK se r\u00e9servant le droit de les modifier \u00e0 tout moment. CAMEL PARK n'est pas responsable des cons\u00e9quences qui pourraient d\u00e9couler d'erreurs dans les contenus fournis par des tiers et qui pourraient appara\u00eetre sur ce site.<\/p>\n<hr data-start=\"2248\" data-end=\"2251\" \/>\n<h3 data-start=\"2253\" data-end=\"2285\">4. Limitation de la responsabilit\u00e9<\/h3>\n<p data-start=\"2286\" data-end=\"2356\">CAMEL PARK ne peut \u00eatre tenu pour responsable, y compris, mais sans s'y limiter :<\/p>\n<ul data-start=\"2358\" data-end=\"2801\">\n<li data-start=\"2358\" data-end=\"2465\">\n<p data-start=\"2360\" data-end=\"2465\">la qualit\u00e9 du service, la vitesse d'acc\u00e8s, le bon fonctionnement, la disponibilit\u00e9 ou la continuit\u00e9 du site web.<\/p>\n<\/li>\n<li data-start=\"2466\" data-end=\"2539\">\n<p data-start=\"2468\" data-end=\"2539\">Tout dommage aux appareils de l'utilisateur r\u00e9sultant de l'utilisation du site Web.<\/p>\n<\/li>\n<li data-start=\"2540\" data-end=\"2643\">\n<p data-start=\"2542\" data-end=\"2643\">les d\u00e9fauts ou imperfections de quelque nature que ce soit dans le contenu transmis, diffus\u00e9, stock\u00e9 ou mis \u00e0 disposition.<\/p>\n<\/li>\n<li data-start=\"2644\" data-end=\"2801\">\n<p data-start=\"2646\" data-end=\"2801\">Elle ne contr\u00f4le ni ne garantit l'absence de virus ou d'autres \u00e9l\u00e9ments nuisibles dans le contenu ou les services fournis par des tiers par l'interm\u00e9diaire du site web.<\/p>\n<\/li>\n<\/ul>\n<p data-start=\"2803\" data-end=\"3128\">CAMEL PARK n'est pas responsable du contenu des sites Internet li\u00e9s \u00e0 sa propre page. Il n'est pas non plus responsable des dommages ou des pertes qui pourraient r\u00e9sulter de la connexion \u00e0 un contenu, \u00e0 un produit ou \u00e0 un service disponible sur les sites web li\u00e9s ou de leur utilisation. CAMEL PARK ne peut garantir la disponibilit\u00e9 ou le bon fonctionnement des liens vers d'autres sites web.<\/p>\n<hr data-start=\"3130\" data-end=\"3133\" \/>\n<h3 data-start=\"3135\" data-end=\"3180\">5. Propri\u00e9t\u00e9 intellectuelle et industrielle<\/h3>\n<p data-start=\"3181\" data-end=\"3670\">Ce site et son contenu sont prot\u00e9g\u00e9s par les lois en vigueur sur la propri\u00e9t\u00e9 intellectuelle. Il est interdit de modifier, copier, reproduire, t\u00e9l\u00e9charger, transmettre, distribuer ou transformer le contenu du site sans l'autorisation du d\u00e9tenteur des droits ou sans y \u00eatre l\u00e9galement autoris\u00e9. L'acc\u00e8s au site ne conf\u00e8re en aucun cas \u00e0 l'utilisateur un droit de propri\u00e9t\u00e9 sur le contenu affich\u00e9. L'utilisation, appropri\u00e9e ou non, de ce site et de son contenu rel\u00e8ve de la seule responsabilit\u00e9 de l'utilisateur.<\/p>\n<hr data-start=\"3672\" data-end=\"3675\" \/>\n<h3 data-start=\"3677\" data-end=\"3707\">6. Navigation et s\u00e9curit\u00e9<\/h3>\n<p data-start=\"3708\" data-end=\"3927\">Ce site web utilise un certificat SSL (Secure Socket Layer) soutenu par VeriSign, identifi\u00e9 sur le site par le sceau VeriSign Secured\u2122, pour assurer la s\u00e9curit\u00e9 de la transmission des donn\u00e9es entre votre navigateur et notre site web.<\/p>\n<p data-start=\"3929\" data-end=\"4149\">Le serveur s\u00e9curis\u00e9 \u00e9tablit une connexion afin que les informations soient transmises de mani\u00e8re crypt\u00e9e \u00e0 l'aide d'algorithmes de 128 bits, ce qui garantit qu'elles ne sont intelligibles que pour l'appareil du client et le serveur du site web. L'utilisation de SSL garantit :<\/p>\n<ul data-start=\"4151\" data-end=\"4378\">\n<li data-start=\"4151\" data-end=\"4242\">\n<p data-start=\"4153\" data-end=\"4242\">que le client communique ses donn\u00e9es au serveur du site web et non \u00e0 un autre.<\/p>\n<\/li>\n<li data-start=\"4243\" data-end=\"4378\">\n<p data-start=\"4245\" data-end=\"4378\">Les donn\u00e9es transmises entre le client et le site Web sont crypt\u00e9es, ce qui emp\u00eache qu'elles soient lues ou manipul\u00e9es par des tiers.<\/p>\n<\/li>\n<\/ul>\n<p data-start=\"4380\" data-end=\"4618\">En outre, La Natural d\u00e9clare qu'elle n'acc\u00e8de pas aux donn\u00e9es sensibles concernant la m\u00e9thode de paiement utilis\u00e9e par le client et qu'elle ne les stocke pas. Seule l'entit\u00e9 de traitement des paiements concern\u00e9e a acc\u00e8s \u00e0 ces donn\u00e9es dans le cadre de la gestion des transactions.<\/p>\n<p data-start=\"4620\" data-end=\"4828\">Pour v\u00e9rifier qu'il se trouve dans un environnement s\u00e9curis\u00e9, le client doit s'assurer que l'adresse du site web commence par \"https:\/\/\". Vous pouvez \u00e9galement identifier un site web s\u00e9curis\u00e9 par la pr\u00e9sence d'une ic\u00f4ne de cadenas dans la barre d'adresse.<\/p>\n<p data-start=\"4830\" data-end=\"4944\">Enfin, la pr\u00e9sence du certificat SSL peut \u00eatre v\u00e9rifi\u00e9e en consultant les propri\u00e9t\u00e9s du site web dans votre navigateur.<\/p>\n<hr data-start=\"4946\" data-end=\"4949\" \/>\n<h3 data-start=\"4951\" data-end=\"4974\">7. Droit applicable<\/h3>\n<p data-start=\"4975\" data-end=\"5103\">Les termes et conditions r\u00e9gissant ce site web, ainsi que toute relation connexe, sont prot\u00e9g\u00e9s et soumis \u00e0 la loi espagnole.<\/p>\n\t\t\t\t\t\t\t\t<\/div>\n\t\t\t\t<\/div>\n\t\t\t\t\t<\/div>\n\t\t\t\t<\/div>\n\t\t\t\t<\/div>","protected":false},"excerpt":{"rendered":"<p>Legal Notice 1. Domain Ownership In compliance with Article 10 of Law 34\/2002, of July 11, on Information Society Services and Electronic Commerce (LSSI-CE), the following information is expressly, precisely, and unequivocally provided to users and competent authorities regarding the provider of information society services: Name: Samantha Jayne Lopez LynchN.I.F: 43358910TCompany: Aquikaguaya S.L.CIF: B76785633Business Activity:Professional [&hellip;]<\/p>\n","protected":false},"author":18,"featured_media":0,"parent":0,"menu_order":0,"comment_status":"closed","ping_status":"closed","template":"","meta":{"_acf_changed":false,"footnotes":""},"class_list":["post-423","page","type-page","status-publish","hentry"],"acf":[],"_links":{"self":[{"href":"https:\/\/camelpark.es\/fr\/wp-json\/wp\/v2\/pages\/423","targetHints":{"allow":["GET"]}}],"collection":[{"href":"https:\/\/camelpark.es\/fr\/wp-json\/wp\/v2\/pages"}],"about":[{"href":"https:\/\/camelpark.es\/fr\/wp-json\/wp\/v2\/types\/page"}],"author":[{"embeddable":true,"href":"https:\/\/camelpark.es\/fr\/wp-json\/wp\/v2\/users\/18"}],"replies":[{"embeddable":true,"href":"https:\/\/camelpark.es\/fr\/wp-json\/wp\/v2\/comments?post=423"}],"version-history":[{"count":5,"href":"https:\/\/camelpark.es\/fr\/wp-json\/wp\/v2\/pages\/423\/revisions"}],"predecessor-version":[{"id":2041,"href":"https:\/\/camelpark.es\/fr\/wp-json\/wp\/v2\/pages\/423\/revisions\/2041"}],"wp:attachment":[{"href":"https:\/\/camelpark.es\/fr\/wp-json\/wp\/v2\/media?parent=423"}],"curies":[{"name":"wp","href":"https:\/\/api.w.org\/{rel}","templated":true}]}}