{"id":425,"date":"2024-09-02T19:33:22","date_gmt":"2024-09-02T18:33:22","guid":{"rendered":"https:\/\/base.thebluegrow.com\/?page_id=425"},"modified":"2025-09-09T18:08:35","modified_gmt":"2025-09-09T17:08:35","slug":"politique-en-matiere-de-cookies","status":"publish","type":"page","link":"https:\/\/camelpark.es\/fr\/politique-en-matiere-de-cookies\/","title":{"rendered":"Politique en mati\u00e8re de cookies"},"content":{"rendered":"<div data-elementor-type=\"wp-page\" data-elementor-id=\"425\" class=\"elementor elementor-425\" data-elementor-post-type=\"page\">\n\t\t\t\t<div class=\"elementor-element elementor-element-723326f e-flex e-con-boxed e-con e-parent\" data-id=\"723326f\" data-element_type=\"container\" data-e-type=\"container\" data-settings=\"{&quot;background_background&quot;:&quot;classic&quot;}\">\n\t\t\t\t\t<div class=\"e-con-inner\">\n\t\t\t\t<div class=\"elementor-element elementor-element-ae36412 elementor-widget elementor-widget-heading\" data-id=\"ae36412\" data-element_type=\"widget\" data-e-type=\"widget\" data-widget_type=\"heading.default\">\n\t\t\t\t<div class=\"elementor-widget-container\">\n\t\t\t\t\t<h1 class=\"elementor-heading-title elementor-size-default\">Politique en mati\u00e8re de cookies<\/h1>\t\t\t\t<\/div>\n\t\t\t\t<\/div>\n\t\t\t\t\t<\/div>\n\t\t\t\t<\/div>\n\t\t<div class=\"elementor-element elementor-element-645e8ca2 e-flex e-con-boxed e-con e-parent\" data-id=\"645e8ca2\" data-element_type=\"container\" data-e-type=\"container\">\n\t\t\t\t\t<div class=\"e-con-inner\">\n\t\t\t\t<div class=\"elementor-element elementor-element-536de7ed elementor-widget elementor-widget-text-editor\" data-id=\"536de7ed\" data-element_type=\"widget\" data-e-type=\"widget\" data-widget_type=\"text-editor.default\">\n\t\t\t\t<div class=\"elementor-widget-container\">\n\t\t\t\t\t\t\t\t\t\n<pre class=\"cookie-policy-h1\"><span style=\"font-size: 16px;\">Date d'entr\u00e9e en vigueur : 09 septembre 2025<br \/><\/span><span style=\"font-size: 16px;\">Derni\u00e8re mise \u00e0 jour : 09 septembre 2025<\/span><\/pre>\n<p>\u00a0<\/p>\n<h2>Qu'est-ce qu'un biscuit ?<\/h2>\n<div class=\"cookie-policy-p\">\n<p>La pr\u00e9sente politique en mati\u00e8re de cookies explique ce que sont les cookies, comment nous les utilisons, les types de cookies que nous utilisons (c'est-\u00e0-dire les informations que nous collectons \u00e0 l'aide des cookies et la mani\u00e8re dont ces informations sont utilis\u00e9es) et comment g\u00e9rer vos param\u00e8tres de cookies.<\/p>\n<p>Les cookies sont de petits fichiers texte utilis\u00e9s pour stocker de petits \u00e9l\u00e9ments d'information. Ils sont stock\u00e9s sur votre appareil lorsqu'un site web se charge dans votre navigateur. Ces cookies permettent de garantir le bon fonctionnement du site web, de renforcer la s\u00e9curit\u00e9, d'offrir une meilleure exp\u00e9rience \u00e0 l'utilisateur et d'analyser les performances afin d'identifier ce qui fonctionne et ce qui doit \u00eatre am\u00e9lior\u00e9.<\/p>\n<\/div>\n<p>\u00a0<\/p>\n<h2>Comment utilisons-nous les cookies ?<\/h2>\n<div class=\"cookie-policy-p\">\n<p>Comme la plupart des services en ligne, notre site web utilise des cookies de premi\u00e8re partie et de tierce partie \u00e0 diverses fins. Les cookies de premi\u00e8re partie sont principalement n\u00e9cessaires au bon fonctionnement du site web et ne collectent pas de donn\u00e9es personnelles identifiables.<\/p>\n<p>Les cookies tiers utilis\u00e9s sur notre site web nous aident principalement \u00e0 comprendre comment le site web fonctionne, \u00e0 suivre la fa\u00e7on dont vous interagissez avec lui, \u00e0 assurer la s\u00e9curit\u00e9 de nos services, \u00e0 fournir des publicit\u00e9s pertinentes et \u00e0 am\u00e9liorer votre exp\u00e9rience globale d'utilisateur tout en acc\u00e9l\u00e9rant vos interactions futures avec notre site web.<\/p>\n<\/div>\n<p>\u00a0<\/p>\n<h2>Types de cookies que nous utilisons<\/h2>\n<div class=\"cky-audit-table-element\">\n<div>\n<p class=\"text-xl font-semibold mb-2\">N\u00e9cessaire<\/p>\n<div class=\"cky-category-des\">\n<p>Les cookies n\u00e9cessaires permettent d'activer les fonctions de base de ce site, telles que la connexion s\u00e9curis\u00e9e ou l'ajustement de vos pr\u00e9f\u00e9rences en mati\u00e8re de consentement. Ces cookies ne stockent aucune donn\u00e9e personnelle identifiable.<\/p>\n<\/div>\n<div class=\"cky-table-wrapper\">\n<table class=\"cky-cookie-audit-table\">\n<thead>\n<tr>\n<th>Cookie<\/th>\n<th>La dur\u00e9e<\/th>\n<th>Description<\/th>\n<\/tr>\n<\/thead>\n<tbody>\n<tr>\n<td>__cf_bm<\/td>\n<td>1 heure<\/td>\n<td>Ce cookie, d\u00e9fini par Cloudflare, est utilis\u00e9 pour prendre en charge Cloudflare Bot Management.<\/td>\n<\/tr>\n<tr>\n<td>m<\/td>\n<td>1 an 1 mois 4 jours<\/td>\n<td>Stripe installe ce cookie \u00e0 des fins de pr\u00e9vention de la fraude. Il identifie l'appareil utilis\u00e9 pour acc\u00e9der au site web, ce qui permet de formater le site en cons\u00e9quence.<\/td>\n<\/tr>\n<tr>\n<td>__stripe_mid<\/td>\n<td>1 an<\/td>\n<td>Stripe utilise ce cookie pour d\u00e9finir un identifiant de session unique afin de reconna\u00eetre les utilisateurs entre les sessions.<\/td>\n<\/tr>\n<tr>\n<td>__stripe_sid<\/td>\n<td>1 heure<\/td>\n<td>Stripe utilise ce cookie pour d\u00e9finir un identifiant de session unique pour une seule session.<\/td>\n<\/tr>\n<tr>\n<td>wp_consent_preferences<\/td>\n<td>1 mois<\/td>\n<td>WP Consent API d\u00e9finit ce cookie pour enregistrer les choix de consentement des utilisateurs pour diff\u00e9rents types de cookies sur le site web. Cela permet de garantir une exp\u00e9rience de navigation personnalis\u00e9e en appliquant les pr\u00e9f\u00e9rences des utilisateurs de mani\u00e8re coh\u00e9rente lors de leurs visites.<\/td>\n<\/tr>\n<tr>\n<td>wp_consent_statistics<\/td>\n<td>1 mois<\/td>\n<td>WP Consent API place ce cookie pour collecter des donn\u00e9es anonymes sur l'utilisation du site web et aider \u00e0 analyser et \u00e0 am\u00e9liorer les performances du site.<\/td>\n<\/tr>\n<tr>\n<td>wp_consent_statistiques-anonymes<\/td>\n<td>1 mois<\/td>\n<td>WP Consent API place ce cookie pour comprendre comment le site web est utilis\u00e9, ce qui permet d'am\u00e9liorer le contenu et les services aux utilisateurs et de respecter la vie priv\u00e9e.<\/td>\n<\/tr>\n<tr>\n<td>wp_consent_functional<\/td>\n<td>1 mois<\/td>\n<td>WP Consent API utilise ce cookie pour m\u00e9moriser les pr\u00e9f\u00e9rences de l'utilisateur en ce qui concerne les fonctionnalit\u00e9s essentielles du site web, afin de garantir une exp\u00e9rience transparente et personnalis\u00e9e.<\/td>\n<\/tr>\n<tr>\n<td>wp_consent_marketing<\/td>\n<td>1 mois<\/td>\n<td>WP Consent API d\u00e9finit ce cookie pour enregistrer les choix des utilisateurs en mati\u00e8re de cookies marketing. Cela permet de s'assurer que les utilisateurs ne re\u00e7oivent que des publicit\u00e9s adapt\u00e9es \u00e0 leurs centres d'int\u00e9r\u00eat.<\/td>\n<\/tr>\n<tr>\n<td>cookieyes-consent<\/td>\n<td>1 an<\/td>\n<td>CookieYes met en place ce cookie pour m\u00e9moriser les pr\u00e9f\u00e9rences des utilisateurs en mati\u00e8re de consentement afin que ces pr\u00e9f\u00e9rences soient respect\u00e9es lors des visites ult\u00e9rieures sur ce site. Il ne recueille ni ne stocke aucune information personnelle sur les visiteurs du site.<\/td>\n<\/tr>\n<tr>\n<td>rc::a<\/td>\n<td>N'expire jamais<\/td>\n<td>Ce cookie est d\u00e9fini par le service Google recaptcha pour identifier les robots afin de prot\u00e9ger le site web contre les attaques de spam malveillantes.<\/td>\n<\/tr>\n<tr>\n<td>rc::c<\/td>\n<td>session<\/td>\n<td>Ce cookie est d\u00e9fini par le service Google recaptcha pour identifier les robots afin de prot\u00e9ger le site web contre les attaques de spam malveillantes.<\/td>\n<\/tr>\n<\/tbody>\n<\/table>\n<\/div>\n<\/div>\n<div>\n<p class=\"text-xl font-semibold mb-2\">Fonctionnel<\/p>\n<div class=\"cky-category-des\">\n<p>Les cookies fonctionnels permettent de r\u00e9aliser certaines fonctionnalit\u00e9s telles que le partage du contenu du site web sur des plateformes de m\u00e9dias sociaux, la collecte de commentaires et d'autres fonctions de tiers.<\/p>\n<\/div>\n<div class=\"cky-table-wrapper\">\n<table class=\"cky-cookie-audit-table\">\n<thead>\n<tr>\n<th>Cookie<\/th>\n<th>La dur\u00e9e<\/th>\n<th>Description<\/th>\n<\/tr>\n<\/thead>\n<tbody>\n<tr>\n<td>ea11y-global-state<\/td>\n<td>N'expire jamais<\/td>\n<td>Elementor utilise ce cookie pour stocker les pr\u00e9f\u00e9rences d'accessibilit\u00e9 persistantes s\u00e9lectionn\u00e9es par l'utilisateur, telles que la visibilit\u00e9 des panneaux ou les ajustements de l'interface, afin que ces param\u00e8tres restent les m\u00eames lorsque l'utilisateur revisite le site.<\/td>\n<\/tr>\n<tr>\n<td>ea11y-session-state<\/td>\n<td>session<\/td>\n<td>Elementor utilise ce cookie pour stocker temporairement les pr\u00e9f\u00e9rences d'accessibilit\u00e9 pour la dur\u00e9e de la session de navigation en cours, afin de garantir que les param\u00e8tres s\u00e9lectionn\u00e9s restent coh\u00e9rents lorsque l'utilisateur navigue sur le site.<\/td>\n<\/tr>\n<\/tbody>\n<\/table>\n<\/div>\n<\/div>\n<div>\n<p class=\"text-xl font-semibold mb-2\">Analyse<\/p>\n<div class=\"cky-category-des\">\n<p>Les cookies analytiques sont utilis\u00e9s pour comprendre comment les visiteurs interagissent avec le site web. Ces cookies fournissent des informations sur des param\u00e8tres tels que le nombre de visiteurs, le taux de rebond, la source du trafic, etc.<\/p>\n<\/div>\n<div class=\"cky-table-wrapper\">\n<table class=\"cky-cookie-audit-table\">\n<thead>\n<tr>\n<th>Cookie<\/th>\n<th>La dur\u00e9e<\/th>\n<th>Description<\/th>\n<\/tr>\n<\/thead>\n<tbody>\n<tr>\n<td>_ga<\/td>\n<td>1 an 1 mois 4 jours<\/td>\n<td>Google Analytics utilise ce cookie pour calculer les donn\u00e9es relatives aux visiteurs, aux sessions et aux campagnes et pour suivre l'utilisation du site dans le cadre du rapport d'analyse du site. Le cookie stocke les informations de mani\u00e8re anonyme et attribue un num\u00e9ro g\u00e9n\u00e9r\u00e9 de mani\u00e8re al\u00e9atoire pour reconna\u00eetre les visiteurs uniques.<\/td>\n<\/tr>\n<tr>\n<td>La loi sur l'immigration et la protection des r\u00e9fugi\u00e9s (LIPR)<\/td>\n<td>1 an 1 mois 4 jours<\/td>\n<td>Google Analytics utilise ce cookie pour stocker et compter les pages vues.<\/td>\n<\/tr>\n<\/tbody>\n<\/table>\n<\/div>\n<\/div>\n<div>\n<p class=\"text-xl font-semibold mb-2\">Publicit\u00e9<\/p>\n<div class=\"cky-category-des\">\n<p>Les cookies publicitaires sont utilis\u00e9s pour fournir aux visiteurs des publicit\u00e9s personnalis\u00e9es bas\u00e9es sur les pages que vous avez visit\u00e9es pr\u00e9c\u00e9demment et pour analyser l'efficacit\u00e9 des campagnes publicitaires.<\/p>\n<\/div>\n<div class=\"cky-table-wrapper\">\n<table class=\"cky-cookie-audit-table\">\n<thead>\n<tr>\n<th>Cookie<\/th>\n<th>La dur\u00e9e<\/th>\n<th>Description<\/th>\n<\/tr>\n<\/thead>\n<tbody>\n<tr>\n<td>_gcl_au<\/td>\n<td>3 mois<\/td>\n<td>Google Tag Manager d\u00e9finit ce cookie pour exp\u00e9rimenter l'efficacit\u00e9 publicitaire des sites web utilisant ses services.<\/td>\n<\/tr>\n<tr>\n<td>test_cookie<\/td>\n<td>15 minutes<\/td>\n<td>doubleclick.net met en place ce cookie pour d\u00e9terminer si le navigateur de l'utilisateur accepte les cookies.<\/td>\n<\/tr>\n<\/tbody>\n<\/table>\n<\/div>\n<\/div>\n<\/div>\n<p>\u00a0<\/p>\n<h2>G\u00e9rer les pr\u00e9f\u00e9rences en mati\u00e8re de cookies<\/h2>\n<p><a class=\"cky-banner-element\">Pr\u00e9f\u00e9rences en mati\u00e8re de consentement<\/a><\/p>\n<div>\n<p>Vous pouvez modifier vos param\u00e8tres en mati\u00e8re de cookies \u00e0 tout moment en cliquant sur le bouton \"Pr\u00e9f\u00e9rences de consentement\" ci-dessus. Cela vous permettra de revenir sur la banni\u00e8re de consentement aux cookies et de mettre \u00e0 jour vos pr\u00e9f\u00e9rences ou de retirer votre consentement imm\u00e9diatement.<\/p>\n<p>En outre, les diff\u00e9rents navigateurs proposent diverses m\u00e9thodes pour bloquer et supprimer les cookies utilis\u00e9s par les sites web. Vous pouvez ajuster les param\u00e8tres de votre navigateur pour bloquer ou supprimer les cookies. Vous trouverez ci-dessous des liens vers des documents d'assistance sur la gestion et la suppression des cookies dans les principaux navigateurs web.<\/p>\n<p>Chrome :\u00a0<a href=\"https:\/\/support.google.com\/accounts\/answer\/32050\" target=\"_blank\" rel=\"noopener noreferrer nofollow\">https:\/\/support.google.com\/accounts\/answer\/32050<\/a><\/p>\n<p>Safari :\u00a0<a href=\"https:\/\/support.apple.com\/en-in\/guide\/safari\/sfri11471\/mac\" target=\"_blank\" rel=\"noopener noreferrer nofollow\">https:\/\/support.apple.com\/en-in\/guide\/safari\/sfri11471\/mac<\/a><\/p>\n<p>Firefox :\u00a0<a href=\"https:\/\/support.mozilla.org\/en-US\/kb\/clear-cookies-and-site-data-firefox?redirectslug=delete-cookies-remove-info-websites-stored&amp;redirectlocale=en-US\" target=\"_blank\" rel=\"noopener noreferrer nofollow\">https:\/\/support.mozilla.org\/en-US\/kb\/clear-cookies-and-site-data-firefox?redirectslug=delete-cookies-remove-info-websites-stored&amp;redirectlocale=en-US<\/a><\/p>\n<p>Internet Explorer :\u00a0<a href=\"https:\/\/support.microsoft.com\/en-us\/topic\/how-to-delete-cookie-files-in-internet-explorer-bca9446f-d873-78de-77ba-d42645fa52fc\" target=\"_blank\" rel=\"noopener noreferrer nofollow\">https:\/\/support.microsoft.com\/en-us\/topic\/how-to-delete-cookie-files-in-internet-explorer-bca9446f-d873-78de-77ba-d42645fa52fc<\/a><\/p>\n<p>Si vous utilisez un autre navigateur web, veuillez vous r\u00e9f\u00e9rer \u00e0 sa documentation officielle.<\/p>\n<\/div>\n\t\t\t\t\t\t\t\t<\/div>\n\t\t\t\t<\/div>\n\t\t\t\t\t<\/div>\n\t\t\t\t<\/div>\n\t\t\t\t<\/div>","protected":false},"excerpt":{"rendered":"<p>Cookie Policy Effective date: September 09, 2025Last updated: September 09, 2025 \u00a0 What are cookies? This Cookie Policy explains what cookies are, how we use them, the types of cookies we use (i.e., the information we collect using cookies and how that information is used), and how to manage your cookie settings. Cookies are small [&hellip;]<\/p>\n","protected":false},"author":18,"featured_media":0,"parent":0,"menu_order":0,"comment_status":"closed","ping_status":"closed","template":"","meta":{"_acf_changed":false,"footnotes":""},"class_list":["post-425","page","type-page","status-publish","hentry"],"acf":[],"_links":{"self":[{"href":"https:\/\/camelpark.es\/fr\/wp-json\/wp\/v2\/pages\/425","targetHints":{"allow":["GET"]}}],"collection":[{"href":"https:\/\/camelpark.es\/fr\/wp-json\/wp\/v2\/pages"}],"about":[{"href":"https:\/\/camelpark.es\/fr\/wp-json\/wp\/v2\/types\/page"}],"author":[{"embeddable":true,"href":"https:\/\/camelpark.es\/fr\/wp-json\/wp\/v2\/users\/18"}],"replies":[{"embeddable":true,"href":"https:\/\/camelpark.es\/fr\/wp-json\/wp\/v2\/comments?post=425"}],"version-history":[{"count":5,"href":"https:\/\/camelpark.es\/fr\/wp-json\/wp\/v2\/pages\/425\/revisions"}],"predecessor-version":[{"id":2180,"href":"https:\/\/camelpark.es\/fr\/wp-json\/wp\/v2\/pages\/425\/revisions\/2180"}],"wp:attachment":[{"href":"https:\/\/camelpark.es\/fr\/wp-json\/wp\/v2\/media?parent=425"}],"curies":[{"name":"wp","href":"https:\/\/api.w.org\/{rel}","templated":true}]}}