{"id":806,"date":"2025-07-02T23:20:26","date_gmt":"2025-07-02T22:20:26","guid":{"rendered":"https:\/\/testing.websbg.com\/?page_id=806"},"modified":"2025-08-03T15:30:24","modified_gmt":"2025-08-03T14:30:24","slug":"notre-histoire","status":"publish","type":"page","link":"https:\/\/camelpark.es\/fr\/notre-histoire\/","title":{"rendered":"Notre histoire"},"content":{"rendered":"<div data-elementor-type=\"wp-page\" data-elementor-id=\"806\" class=\"elementor elementor-806\" data-elementor-post-type=\"page\">\n\t\t\t\t<div class=\"elementor-element elementor-element-33b86e8d e-flex e-con-boxed e-con e-parent\" data-id=\"33b86e8d\" data-element_type=\"container\" data-e-type=\"container\" data-settings=\"{&quot;background_background&quot;:&quot;classic&quot;}\">\n\t\t\t\t\t<div class=\"e-con-inner\">\n\t\t\t\t<div class=\"elementor-element elementor-element-5f0bb727 elementor-widget__width-inherit elementor-widget elementor-widget-heading\" data-id=\"5f0bb727\" data-element_type=\"widget\" data-e-type=\"widget\" data-widget_type=\"heading.default\">\n\t\t\t\t<div class=\"elementor-widget-container\">\n\t\t\t\t\t<h1 class=\"elementor-heading-title elementor-size-default\">Notre histoire<\/h1>\t\t\t\t<\/div>\n\t\t\t\t<\/div>\n\t\t<div class=\"elementor-element elementor-element-462a4fbc e-con-full e-flex e-con e-child\" data-id=\"462a4fbc\" data-element_type=\"container\" data-e-type=\"container\">\n\t\t\t\t<div class=\"elementor-element elementor-element-15d9ff63 elementor-icon-list--layout-inline elementor-mobile-align-center elementor-widget-mobile__width-initial elementor-list-item-link-full_width elementor-widget elementor-widget-icon-list\" data-id=\"15d9ff63\" data-element_type=\"widget\" data-e-type=\"widget\" data-widget_type=\"icon-list.default\">\n\t\t\t\t<div class=\"elementor-widget-container\">\n\t\t\t\t\t\t\t<ul class=\"elementor-icon-list-items elementor-inline-items\">\n\t\t\t\t\t\t\t<li class=\"elementor-icon-list-item elementor-inline-item\">\n\t\t\t\t\t\t\t\t\t\t\t<a href=\"https:\/\/camelpark.es\/fr\/\">\n\n\t\t\t\t\t\t\t\t\t\t\t<span class=\"elementor-icon-list-text\">Accueil<\/span>\n\t\t\t\t\t\t\t\t\t\t\t<\/a>\n\t\t\t\t\t\t\t\t\t<\/li>\n\t\t\t\t\t\t\t\t<li class=\"elementor-icon-list-item elementor-inline-item\">\n\t\t\t\t\t\t\t\t\t\t\t<span class=\"elementor-icon-list-icon\">\n\t\t\t\t\t\t\t<i aria-hidden=\"true\" class=\"icon icon-right-arrow1\"><\/i>\t\t\t\t\t\t<\/span>\n\t\t\t\t\t\t\t\t\t\t<span class=\"elementor-icon-list-text\">\u00c0 propos de nous<\/span>\n\t\t\t\t\t\t\t\t\t<\/li>\n\t\t\t\t\t\t\t\t<li class=\"elementor-icon-list-item elementor-inline-item\">\n\t\t\t\t\t\t\t\t\t\t\t<span class=\"elementor-icon-list-icon\">\n\t\t\t\t\t\t\t<i aria-hidden=\"true\" class=\"icon icon-right-arrow1\"><\/i>\t\t\t\t\t\t<\/span>\n\t\t\t\t\t\t\t\t\t\t<span class=\"elementor-icon-list-text\">Notre histoire<\/span>\n\t\t\t\t\t\t\t\t\t<\/li>\n\t\t\t\t\t\t<\/ul>\n\t\t\t\t\t\t<\/div>\n\t\t\t\t<\/div>\n\t\t\t\t<\/div>\n\t\t\t\t\t<\/div>\n\t\t\t\t<\/div>\n\t\t<div class=\"elementor-element elementor-element-255b9123 e-flex e-con-boxed e-con e-parent\" data-id=\"255b9123\" data-element_type=\"container\" data-e-type=\"container\" data-settings=\"{&quot;background_background&quot;:&quot;classic&quot;}\">\n\t\t\t\t\t<div class=\"e-con-inner\">\n\t\t<div class=\"elementor-element elementor-element-63c9fe56 e-con-full e-flex e-con e-child\" data-id=\"63c9fe56\" data-element_type=\"container\" data-e-type=\"container\">\n\t\t<div class=\"elementor-element elementor-element-4c6eada8 e-con-full e-flex e-con e-child\" data-id=\"4c6eada8\" data-element_type=\"container\" data-e-type=\"container\">\n\t\t<div class=\"elementor-element elementor-element-5a6c0cc0 e-con-full e-flex e-con e-child\" data-id=\"5a6c0cc0\" data-element_type=\"container\" data-e-type=\"container\">\n\t\t\t\t<div class=\"elementor-element elementor-element-1392d634 ekit-equal-height-disable elementor-widget elementor-widget-elementskit-icon-box\" data-id=\"1392d634\" data-element_type=\"widget\" data-e-type=\"widget\" data-widget_type=\"elementskit-icon-box.default\">\n\t\t\t\t<div class=\"elementor-widget-container\">\n\t\t\t\t\t<div class=\"ekit-wid-con\" >        <!-- link opening -->\n                <!-- end link opening -->\n\n        <div class=\"elementskit-infobox text- text-left icon-lef-right-aligin elementor-animation- media\">\n                            <div class=\"elementskit-box-header\">\n                <div class=\"elementskit-info-box-icon text-center\">\n                    <img fetchpriority=\"high\" decoding=\"async\" width=\"513\" height=\"512\" src=\"https:\/\/camelpark.es\/wp-content\/uploads\/2025\/07\/icon-tree-brown.png\" class=\"attachment- size-\" alt=\"\" srcset=\"https:\/\/camelpark.es\/wp-content\/uploads\/2025\/07\/icon-tree-brown.png 513w, https:\/\/camelpark.es\/wp-content\/uploads\/2025\/07\/icon-tree-brown-300x300.png 300w, https:\/\/camelpark.es\/wp-content\/uploads\/2025\/07\/icon-tree-brown-150x150.png 150w, https:\/\/camelpark.es\/wp-content\/uploads\/2025\/07\/icon-tree-brown-12x12.png 12w\" sizes=\"(max-width: 513px) 100vw, 513px\" title=\"\">                <\/div>\n          <\/div>\n                <div class=\"box-body\">\n                            <span class=\"elementskit-info-box-title\">\n                    Le parc                <\/span>\n                                            <\/div>\n        \n        \n                <\/div>\n        <\/div>\t\t\t\t<\/div>\n\t\t\t\t<\/div>\n\t\t\t\t<div class=\"elementor-element elementor-element-61878229 elementor-widget__width-initial elementor-widget elementor-widget-heading\" data-id=\"61878229\" data-element_type=\"widget\" data-e-type=\"widget\" data-widget_type=\"heading.default\">\n\t\t\t\t<div class=\"elementor-widget-container\">\n\t\t\t\t\t<h2 class=\"elementor-heading-title elementor-size-default\">Le premier centre d'\u00e9levage de chameaux \u00e0 Tenerife<\/h2>\t\t\t\t<\/div>\n\t\t\t\t<\/div>\n\t\t\t\t<div class=\"elementor-element elementor-element-44809e2 elementor-widget__width-initial elementor-widget-tablet__width-inherit elementor-widget elementor-widget-text-editor\" data-id=\"44809e2\" data-element_type=\"widget\" data-e-type=\"widget\" data-widget_type=\"text-editor.default\">\n\t\t\t\t<div class=\"elementor-widget-container\">\n\t\t\t\t\t\t\t\t\t<p><strong>Parc des chameaux<\/strong> a \u00e9t\u00e9 fond\u00e9 en 1988 en tant que premier centre d'\u00e9levage de chameaux de l'Union europ\u00e9enne. <strong>Tenerife<\/strong>. Nous avons commenc\u00e9 par <strong>15 chameaux<\/strong> dans une petite plantation de bananes \u00e0 <strong>Guaza<\/strong>Nous sommes situ\u00e9s dans un coin tranquille de l'\u00eele et, au fil des ans, nous sommes devenus une r\u00e9f\u00e9rence en mati\u00e8re de culture et de tradition canariennes. En 1993, nous avions d\u00e9j\u00e0 plus de <strong>60 animaux<\/strong>Depuis, nous avons travaill\u00e9 sans rel\u00e2che pour continuer \u00e0 nous d\u00e9velopper et \u00e0 offrir un espace unique sur l'\u00eele.<\/p>\t\t\t\t\t\t\t\t<\/div>\n\t\t\t\t<\/div>\n\t\t\t\t<\/div>\n\t\t<div class=\"elementor-element elementor-element-2603ce5d e-con-full e-flex e-con e-child\" data-id=\"2603ce5d\" data-element_type=\"container\" data-e-type=\"container\">\n\t\t\t\t<div class=\"elementor-element elementor-element-2eb0a49 elementor-widget elementor-widget-image\" data-id=\"2eb0a49\" data-element_type=\"widget\" data-e-type=\"widget\" data-widget_type=\"image.default\">\n\t\t\t\t<div class=\"elementor-widget-container\">\n\t\t\t\t\t\t\t\t\t\t\t\t\t\t\t<img decoding=\"async\" width=\"800\" height=\"1016\" src=\"https:\/\/camelpark.es\/wp-content\/uploads\/2025\/07\/unnamed-1.webp\" class=\"attachment-large size-large wp-image-1436\" alt=\"\" srcset=\"https:\/\/camelpark.es\/wp-content\/uploads\/2025\/07\/unnamed-1.webp 803w, https:\/\/camelpark.es\/wp-content\/uploads\/2025\/07\/unnamed-1-236x300.webp 236w, https:\/\/camelpark.es\/wp-content\/uploads\/2025\/07\/unnamed-1-768x976.webp 768w, https:\/\/camelpark.es\/wp-content\/uploads\/2025\/07\/unnamed-1-9x12.webp 9w\" sizes=\"(max-width: 800px) 100vw, 800px\" title=\"\">\t\t\t\t\t\t\t\t\t\t\t\t\t\t\t<\/div>\n\t\t\t\t<\/div>\n\t\t\t\t<div class=\"elementor-element elementor-element-d1df3f3 elementor-widget__width-initial elementor-absolute elementor-widget elementor-widget-image\" data-id=\"d1df3f3\" data-element_type=\"widget\" data-e-type=\"widget\" data-settings=\"{&quot;_position&quot;:&quot;absolute&quot;}\" data-widget_type=\"image.default\">\n\t\t\t\t<div class=\"elementor-widget-container\">\n\t\t\t\t\t\t\t\t\t\t\t\t\t\t\t<img decoding=\"async\" width=\"694\" height=\"699\" src=\"https:\/\/camelpark.es\/wp-content\/uploads\/2025\/07\/Group-864.png\" class=\"attachment-large size-large wp-image-1295\" alt=\"logo del camel park en tenerife\" srcset=\"https:\/\/camelpark.es\/wp-content\/uploads\/2025\/07\/Group-864.png 694w, https:\/\/camelpark.es\/wp-content\/uploads\/2025\/07\/Group-864-298x300.png 298w, https:\/\/camelpark.es\/wp-content\/uploads\/2025\/07\/Group-864-150x150.png 150w, https:\/\/camelpark.es\/wp-content\/uploads\/2025\/07\/Group-864-12x12.png 12w\" sizes=\"(max-width: 694px) 100vw, 694px\" title=\"\">\t\t\t\t\t\t\t\t\t\t\t\t\t\t\t<\/div>\n\t\t\t\t<\/div>\n\t\t\t\t<\/div>\n\t\t\t\t<\/div>\n\t\t\t\t<div class=\"elementor-element elementor-element-1f11e6e7 elementor-widget-divider--view-line elementor-widget elementor-widget-divider\" data-id=\"1f11e6e7\" data-element_type=\"widget\" data-e-type=\"widget\" data-widget_type=\"divider.default\">\n\t\t\t\t<div class=\"elementor-widget-container\">\n\t\t\t\t\t\t\t<div class=\"elementor-divider\">\n\t\t\t<span class=\"elementor-divider-separator\">\n\t\t\t\t\t\t<\/span>\n\t\t<\/div>\n\t\t\t\t\t\t<\/div>\n\t\t\t\t<\/div>\n\t\t<div class=\"elementor-element elementor-element-6ff69667 e-con-full e-flex e-con e-child\" data-id=\"6ff69667\" data-element_type=\"container\" data-e-type=\"container\">\n\t\t\t\t<div class=\"elementor-element elementor-element-19d1f219 elementor-widget__width-initial elementor-widget-tablet__width-initial elementor-widget-mobile__width-initial elementor-widget elementor-widget-counter\" data-id=\"19d1f219\" data-element_type=\"widget\" data-e-type=\"widget\" data-widget_type=\"counter.default\">\n\t\t\t\t<div class=\"elementor-widget-container\">\n\t\t\t\t\t\t\t<div class=\"elementor-counter\">\n\t\t\t<div class=\"elementor-counter-title\">Visiteurs<\/div>\t\t\t<div class=\"elementor-counter-number-wrapper\">\n\t\t\t\t<span class=\"elementor-counter-number-prefix\"><\/span>\n\t\t\t\t<span class=\"elementor-counter-number\" data-duration=\"2000\" data-to-value=\"99\" data-from-value=\"0\" data-delimiter=\",\">0<\/span>\n\t\t\t\t<span class=\"elementor-counter-number-suffix\">K<\/span>\n\t\t\t<\/div>\n\t\t<\/div>\n\t\t\t\t\t\t<\/div>\n\t\t\t\t<\/div>\n\t\t\t\t<div class=\"elementor-element elementor-element-1d7c20d2 elementor-widget__width-initial elementor-widget-tablet__width-initial elementor-widget-mobile__width-initial elementor-widget elementor-widget-counter\" data-id=\"1d7c20d2\" data-element_type=\"widget\" data-e-type=\"widget\" data-widget_type=\"counter.default\">\n\t\t\t\t<div class=\"elementor-widget-container\">\n\t\t\t\t\t\t\t<div class=\"elementor-counter\">\n\t\t\t<div class=\"elementor-counter-title\">Ann\u00e9es d'exp\u00e9rience<\/div>\t\t\t<div class=\"elementor-counter-number-wrapper\">\n\t\t\t\t<span class=\"elementor-counter-number-prefix\"><\/span>\n\t\t\t\t<span class=\"elementor-counter-number\" data-duration=\"2000\" data-to-value=\"37\" data-from-value=\"0\" data-delimiter=\",\">0<\/span>\n\t\t\t\t<span class=\"elementor-counter-number-suffix\">+<\/span>\n\t\t\t<\/div>\n\t\t<\/div>\n\t\t\t\t\t\t<\/div>\n\t\t\t\t<\/div>\n\t\t\t\t<div class=\"elementor-element elementor-element-f02a2c6 elementor-widget elementor-widget-heading\" data-id=\"f02a2c6\" data-element_type=\"widget\" data-e-type=\"widget\" data-widget_type=\"heading.default\">\n\t\t\t\t<div class=\"elementor-widget-container\">\n\t\t\t\t\t<h2 class=\"elementor-heading-title elementor-size-default\">Travailler \u00e0 la pr\u00e9servation des chameaux sur l'\u00eele depuis 1988<\/h2>\t\t\t\t<\/div>\n\t\t\t\t<\/div>\n\t\t\t\t<\/div>\n\t\t\t\t<\/div>\n\t\t\t\t\t<\/div>\n\t\t\t\t<\/div>\n\t\t<div class=\"elementor-element elementor-element-24e48fba e-flex e-con-boxed e-con e-parent\" data-id=\"24e48fba\" data-element_type=\"container\" data-e-type=\"container\" data-settings=\"{&quot;background_background&quot;:&quot;classic&quot;}\">\n\t\t\t\t\t<div class=\"e-con-inner\">\n\t\t<div class=\"elementor-element elementor-element-384b878c e-con-full e-flex e-con e-child\" data-id=\"384b878c\" data-element_type=\"container\" data-e-type=\"container\">\n\t\t<div class=\"elementor-element elementor-element-399bebb1 e-con-full e-flex e-con e-child\" data-id=\"399bebb1\" data-element_type=\"container\" data-e-type=\"container\">\n\t\t\t\t<div class=\"elementor-element elementor-element-5a6cfd72 elementor-widget elementor-widget-image\" data-id=\"5a6cfd72\" data-element_type=\"widget\" data-e-type=\"widget\" data-widget_type=\"image.default\">\n\t\t\t\t<div class=\"elementor-widget-container\">\n\t\t\t\t\t\t\t\t\t\t\t\t\t\t\t<img loading=\"lazy\" decoding=\"async\" width=\"765\" height=\"1020\" src=\"https:\/\/camelpark.es\/wp-content\/uploads\/2025\/07\/unnamed.webp\" class=\"attachment-large size-large wp-image-1345\" alt=\"\" srcset=\"https:\/\/camelpark.es\/wp-content\/uploads\/2025\/07\/unnamed.webp 765w, https:\/\/camelpark.es\/wp-content\/uploads\/2025\/07\/unnamed-225x300.webp 225w, https:\/\/camelpark.es\/wp-content\/uploads\/2025\/07\/unnamed-9x12.webp 9w\" sizes=\"(max-width: 765px) 100vw, 765px\" title=\"\">\t\t\t\t\t\t\t\t\t\t\t\t\t\t\t<\/div>\n\t\t\t\t<\/div>\n\t\t\t\t<\/div>\n\t\t<div class=\"elementor-element elementor-element-1cae2190 e-con-full e-flex e-con e-child\" data-id=\"1cae2190\" data-element_type=\"container\" data-e-type=\"container\">\n\t\t<div class=\"elementor-element elementor-element-2728d2f8 e-con-full e-flex e-con e-child\" data-id=\"2728d2f8\" data-element_type=\"container\" data-e-type=\"container\">\n\t\t\t\t<div class=\"elementor-element elementor-element-5fabb7b1 ekit-equal-height-disable elementor-widget elementor-widget-elementskit-icon-box\" data-id=\"5fabb7b1\" data-element_type=\"widget\" data-e-type=\"widget\" data-widget_type=\"elementskit-icon-box.default\">\n\t\t\t\t<div class=\"elementor-widget-container\">\n\t\t\t\t\t<div class=\"ekit-wid-con\" >        <!-- link opening -->\n                <!-- end link opening -->\n\n        <div class=\"elementskit-infobox text- text-left icon-lef-right-aligin elementor-animation- media\">\n                            <div class=\"elementskit-box-header\">\n                <div class=\"elementskit-info-box-icon text-center\">\n                    <img loading=\"lazy\" decoding=\"async\" width=\"512\" height=\"512\" src=\"https:\/\/camelpark.es\/wp-content\/uploads\/2025\/07\/icon-treewhite.png\" class=\"attachment- size-\" alt=\"\" srcset=\"https:\/\/camelpark.es\/wp-content\/uploads\/2025\/07\/icon-treewhite.png 512w, https:\/\/camelpark.es\/wp-content\/uploads\/2025\/07\/icon-treewhite-300x300.png 300w, https:\/\/camelpark.es\/wp-content\/uploads\/2025\/07\/icon-treewhite-150x150.png 150w, https:\/\/camelpark.es\/wp-content\/uploads\/2025\/07\/icon-treewhite-12x12.png 12w\" sizes=\"(max-width: 512px) 100vw, 512px\" title=\"\">                <\/div>\n          <\/div>\n                <div class=\"box-body\">\n                            <span class=\"elementskit-info-box-title\">\n                    Entreprise familiale                <\/span>\n                                            <\/div>\n        \n        \n                <\/div>\n        <\/div>\t\t\t\t<\/div>\n\t\t\t\t<\/div>\n\t\t\t\t<div class=\"elementor-element elementor-element-2b3c0cc0 elementor-widget__width-initial elementor-widget elementor-widget-heading\" data-id=\"2b3c0cc0\" data-element_type=\"widget\" data-e-type=\"widget\" data-widget_type=\"heading.default\">\n\t\t\t\t<div class=\"elementor-widget-container\">\n\t\t\t\t\t<h2 class=\"elementor-heading-title elementor-size-default\">Une entreprise familiale passionn\u00e9e par les animaux<\/h2>\t\t\t\t<\/div>\n\t\t\t\t<\/div>\n\t\t\t\t<div class=\"elementor-element elementor-element-3290ec4c elementor-widget__width-initial elementor-widget-tablet__width-inherit elementor-widget elementor-widget-text-editor\" data-id=\"3290ec4c\" data-element_type=\"widget\" data-e-type=\"widget\" data-widget_type=\"text-editor.default\">\n\t\t\t\t<div class=\"elementor-widget-container\">\n\t\t\t\t\t\t\t\t\t<p>En tant que petite entreprise familiale, <strong>Parc des chameaux<\/strong> a toujours \u00e9t\u00e9 g\u00e9r\u00e9 avec amour et d\u00e9vouement. Nos chameaux, chevaux, \u00e2nes, ch\u00e8vres et autres animaux sont plus qu'un simple \u00e9l\u00e9ment du parc ; ils sont des membres de notre soci\u00e9t\u00e9. <strong>famille<\/strong>. Chaque jour, nous veillons \u00e0 ce que leur bien-\u00eatre soit notre priorit\u00e9, en nous effor\u00e7ant toujours d'am\u00e9liorer leur qualit\u00e9 de vie et, bien s\u00fbr, l'exp\u00e9rience de tous nos visiteurs.<\/p><p>Depuis sa cr\u00e9ation, nous nous effor\u00e7ons de cr\u00e9er un environnement dans lequel les animaux et les visiteurs se sentent \u00e0 l'aise. <strong>Parc des chameaux<\/strong> n'offre pas seulement des promenades \u00e0 dos de chameau ; nous offrons un espace o\u00f9 vous pouvez interagir avec les animaux et apprendre d'eux.<\/p>\t\t\t\t\t\t\t\t<\/div>\n\t\t\t\t<\/div>\n\t\t\t\t<div class=\"elementor-element elementor-element-7e503763 elementor-widget-divider--view-line elementor-widget elementor-widget-divider\" data-id=\"7e503763\" data-element_type=\"widget\" data-e-type=\"widget\" data-widget_type=\"divider.default\">\n\t\t\t\t<div class=\"elementor-widget-container\">\n\t\t\t\t\t\t\t<div class=\"elementor-divider\">\n\t\t\t<span class=\"elementor-divider-separator\">\n\t\t\t\t\t\t<\/span>\n\t\t<\/div>\n\t\t\t\t\t\t<\/div>\n\t\t\t\t<\/div>\n\t\t\t\t<\/div>\n\t\t\t\t<\/div>\n\t\t\t\t<\/div>\n\t\t\t\t\t<\/div>\n\t\t\t\t<\/div>\n\t\t<div class=\"elementor-element elementor-element-1f72044d e-flex e-con-boxed e-con e-parent\" data-id=\"1f72044d\" data-element_type=\"container\" data-e-type=\"container\" data-settings=\"{&quot;background_background&quot;:&quot;classic&quot;}\">\n\t\t\t\t\t<div class=\"e-con-inner\">\n\t\t<div class=\"elementor-element elementor-element-7edd7da7 e-con-full e-flex e-con e-child\" data-id=\"7edd7da7\" data-element_type=\"container\" data-e-type=\"container\">\n\t\t<div class=\"elementor-element elementor-element-5eff2cf5 e-con-full e-flex e-con e-child\" data-id=\"5eff2cf5\" data-element_type=\"container\" data-e-type=\"container\">\n\t\t<div class=\"elementor-element elementor-element-aa5c216 e-con-full e-flex e-con e-child\" data-id=\"aa5c216\" data-element_type=\"container\" data-e-type=\"container\">\n\t\t\t\t<div class=\"elementor-element elementor-element-e3d21cf ekit-equal-height-disable elementor-widget elementor-widget-elementskit-icon-box\" data-id=\"e3d21cf\" data-element_type=\"widget\" data-e-type=\"widget\" data-widget_type=\"elementskit-icon-box.default\">\n\t\t\t\t<div class=\"elementor-widget-container\">\n\t\t\t\t\t<div class=\"ekit-wid-con\" >        <!-- link opening -->\n                <!-- end link opening -->\n\n        <div class=\"elementskit-infobox text- text-left icon-lef-right-aligin elementor-animation- media\">\n                            <div class=\"elementskit-box-header\">\n                <div class=\"elementskit-info-box-icon text-center\">\n                    <img fetchpriority=\"high\" decoding=\"async\" width=\"513\" height=\"512\" src=\"https:\/\/camelpark.es\/wp-content\/uploads\/2025\/07\/icon-tree-brown.png\" class=\"attachment- size-\" alt=\"\" srcset=\"https:\/\/camelpark.es\/wp-content\/uploads\/2025\/07\/icon-tree-brown.png 513w, https:\/\/camelpark.es\/wp-content\/uploads\/2025\/07\/icon-tree-brown-300x300.png 300w, https:\/\/camelpark.es\/wp-content\/uploads\/2025\/07\/icon-tree-brown-150x150.png 150w, https:\/\/camelpark.es\/wp-content\/uploads\/2025\/07\/icon-tree-brown-12x12.png 12w\" sizes=\"(max-width: 513px) 100vw, 513px\" title=\"\">                <\/div>\n          <\/div>\n                <div class=\"box-body\">\n                            <span class=\"elementskit-info-box-title\">\n                    Nous conna\u00eetre                <\/span>\n                                            <\/div>\n        \n        \n                <\/div>\n        <\/div>\t\t\t\t<\/div>\n\t\t\t\t<\/div>\n\t\t\t\t<div class=\"elementor-element elementor-element-2a6018fe elementor-widget__width-initial elementor-widget elementor-widget-heading\" data-id=\"2a6018fe\" data-element_type=\"widget\" data-e-type=\"widget\" data-widget_type=\"heading.default\">\n\t\t\t\t<div class=\"elementor-widget-container\">\n\t\t\t\t\t<h2 class=\"elementor-heading-title elementor-size-default\">Venez nous rencontrer et faites partie de notre histoire.<\/h2>\t\t\t\t<\/div>\n\t\t\t\t<\/div>\n\t\t\t\t<div class=\"elementor-element elementor-element-3f407f7 elementor-widget__width-initial elementor-widget-tablet__width-initial elementor-widget elementor-widget-text-editor\" data-id=\"3f407f7\" data-element_type=\"widget\" data-e-type=\"widget\" data-widget_type=\"text-editor.default\">\n\t\t\t\t<div class=\"elementor-widget-container\">\n\t\t\t\t\t\t\t\t\t<p><strong>Parc des chameaux<\/strong> n'est pas un zoo ou un parc conventionnel. C'est une ferme, un <strong>petite entreprise familiale<\/strong> qui travaille honn\u00eatement et avec diligence depuis des ann\u00e9es \u00e0 T\u00e9n\u00e9rife. Nous sommes fiers d'entendre de nombreux visiteurs nous raconter comment leurs proches nous ont rendu visite il y a des ann\u00e9es ou nous montrer des photos prises dans le parc il y a 20 ans.<\/p>\t\t\t\t\t\t\t\t<\/div>\n\t\t\t\t<\/div>\n\t\t\t\t<div class=\"elementor-element elementor-element-ff25bc2 elementor-widget elementor-widget-text-editor\" data-id=\"ff25bc2\" data-element_type=\"widget\" data-e-type=\"widget\" data-widget_type=\"text-editor.default\">\n\t\t\t\t<div class=\"elementor-widget-container\">\n\t\t\t\t\t\t\t\t\t<p>Nous continuons \u00e0 travailler avec la m\u00eame passion pour offrir un endroit sp\u00e9cial \u00e0 Tenerife.<\/p>\t\t\t\t\t\t\t\t<\/div>\n\t\t\t\t<\/div>\n\t\t\t\t<div class=\"elementor-element elementor-element-2fcb9e69 elementor-widget__width-initial elementor-widget-tablet__width-initial elementor-widget elementor-widget-text-editor\" data-id=\"2fcb9e69\" data-element_type=\"widget\" data-e-type=\"widget\" data-widget_type=\"text-editor.default\">\n\t\t\t\t<div class=\"elementor-widget-container\">\n\t\t\t\t\t\t\t\t\t<p>Gr\u00e2ce \u00e0 des visiteurs comme vous, nous esp\u00e9rons continuer \u00e0 offrir cette exp\u00e9rience pendant de nombreuses ann\u00e9es. Nous continuons \u00e0 nous am\u00e9liorer chaque jour pour vous offrir le meilleur et perp\u00e9tuer notre tradition.<\/p>\t\t\t\t\t\t\t\t<\/div>\n\t\t\t\t<\/div>\n\t\t\t\t<\/div>\n\t\t\t\t<\/div>\n\t\t<div class=\"elementor-element elementor-element-5662f26b e-con-full e-flex e-con e-child\" data-id=\"5662f26b\" data-element_type=\"container\" data-e-type=\"container\">\n\t\t<div class=\"elementor-element elementor-element-7bb7a475 e-con-full e-flex e-con e-child\" data-id=\"7bb7a475\" data-element_type=\"container\" data-e-type=\"container\">\n\t\t<div class=\"elementor-element elementor-element-53d6a5b9 e-con-full e-flex e-con e-child\" data-id=\"53d6a5b9\" data-element_type=\"container\" data-e-type=\"container\" data-settings=\"{&quot;background_background&quot;:&quot;classic&quot;}\">\n\t\t\t\t<div class=\"elementor-element elementor-element-909fac0 elementor-widget elementor-widget-image\" data-id=\"909fac0\" data-element_type=\"widget\" data-e-type=\"widget\" data-widget_type=\"image.default\">\n\t\t\t\t<div class=\"elementor-widget-container\">\n\t\t\t\t\t\t\t\t\t\t\t\t\t\t\t<img decoding=\"async\" width=\"694\" height=\"699\" src=\"https:\/\/camelpark.es\/wp-content\/uploads\/2025\/07\/Group-864.png\" class=\"attachment-large size-large wp-image-1295\" alt=\"logo del camel park en tenerife\" srcset=\"https:\/\/camelpark.es\/wp-content\/uploads\/2025\/07\/Group-864.png 694w, https:\/\/camelpark.es\/wp-content\/uploads\/2025\/07\/Group-864-298x300.png 298w, https:\/\/camelpark.es\/wp-content\/uploads\/2025\/07\/Group-864-150x150.png 150w, https:\/\/camelpark.es\/wp-content\/uploads\/2025\/07\/Group-864-12x12.png 12w\" sizes=\"(max-width: 694px) 100vw, 694px\" title=\"\">\t\t\t\t\t\t\t\t\t\t\t\t\t\t\t<\/div>\n\t\t\t\t<\/div>\n\t\t\t\t<\/div>\n\t\t<div class=\"elementor-element elementor-element-4693e744 e-con-full e-flex e-con e-child\" data-id=\"4693e744\" data-element_type=\"container\" data-e-type=\"container\" data-settings=\"{&quot;background_background&quot;:&quot;classic&quot;}\">\n\t\t\t\t<\/div>\n\t\t\t\t<\/div>\n\t\t<div class=\"elementor-element elementor-element-2b5fe70a e-con-full e-flex e-con e-child\" data-id=\"2b5fe70a\" data-element_type=\"container\" data-e-type=\"container\" data-settings=\"{&quot;background_background&quot;:&quot;classic&quot;}\">\n\t\t\t\t<\/div>\n\t\t\t\t<\/div>\n\t\t\t\t<\/div>\n\t\t\t\t\t<\/div>\n\t\t\t\t<\/div>\n\t\t\t\t<\/div>","protected":false},"excerpt":{"rendered":"<p>Our History Home About Us Our History The park The first camel breeding centre in Tenerife Camel Park was founded in 1988 as the first camel breeding centre in Tenerife. We started with 15 camels on a small banana plantation in Guaza, a quiet corner of the island, and over the years we have become [&hellip;]<\/p>\n","protected":false},"author":24,"featured_media":0,"parent":0,"menu_order":0,"comment_status":"closed","ping_status":"closed","template":"","meta":{"_acf_changed":false,"footnotes":""},"class_list":["post-806","page","type-page","status-publish","hentry"],"acf":[],"_links":{"self":[{"href":"https:\/\/camelpark.es\/fr\/wp-json\/wp\/v2\/pages\/806","targetHints":{"allow":["GET"]}}],"collection":[{"href":"https:\/\/camelpark.es\/fr\/wp-json\/wp\/v2\/pages"}],"about":[{"href":"https:\/\/camelpark.es\/fr\/wp-json\/wp\/v2\/types\/page"}],"author":[{"embeddable":true,"href":"https:\/\/camelpark.es\/fr\/wp-json\/wp\/v2\/users\/24"}],"replies":[{"embeddable":true,"href":"https:\/\/camelpark.es\/fr\/wp-json\/wp\/v2\/comments?post=806"}],"version-history":[{"count":4,"href":"https:\/\/camelpark.es\/fr\/wp-json\/wp\/v2\/pages\/806\/revisions"}],"predecessor-version":[{"id":1827,"href":"https:\/\/camelpark.es\/fr\/wp-json\/wp\/v2\/pages\/806\/revisions\/1827"}],"wp:attachment":[{"href":"https:\/\/camelpark.es\/fr\/wp-json\/wp\/v2\/media?parent=806"}],"curies":[{"name":"wp","href":"https:\/\/api.w.org\/{rel}","templated":true}]}}