{"id":421,"date":"2024-09-02T19:32:48","date_gmt":"2024-09-02T18:32:48","guid":{"rendered":"https:\/\/base.thebluegrow.com\/?page_id=421"},"modified":"2025-08-06T18:40:13","modified_gmt":"2025-08-06T17:40:13","slug":"informativa-sulla-privacy","status":"publish","type":"page","link":"https:\/\/camelpark.es\/it\/informativa-sulla-privacy\/","title":{"rendered":"Informativa sulla privacy"},"content":{"rendered":"<div data-elementor-type=\"wp-page\" data-elementor-id=\"421\" class=\"elementor elementor-421\" data-elementor-post-type=\"page\">\n\t\t\t\t<div class=\"elementor-element elementor-element-5c93b32 e-flex e-con-boxed e-con e-parent\" data-id=\"5c93b32\" data-element_type=\"container\" data-e-type=\"container\" data-settings=\"{&quot;background_background&quot;:&quot;classic&quot;}\">\n\t\t\t\t\t<div class=\"e-con-inner\">\n\t\t\t\t<div class=\"elementor-element elementor-element-d8fc2d0 elementor-widget elementor-widget-heading\" data-id=\"d8fc2d0\" data-element_type=\"widget\" data-e-type=\"widget\" data-widget_type=\"heading.default\">\n\t\t\t\t<div class=\"elementor-widget-container\">\n\t\t\t\t\t<h1 class=\"elementor-heading-title elementor-size-default\">Informativa sulla privacy<\/h1>\t\t\t\t<\/div>\n\t\t\t\t<\/div>\n\t\t\t\t\t<\/div>\n\t\t\t\t<\/div>\n\t\t<div class=\"elementor-element elementor-element-7d5cd03 e-flex e-con-boxed e-con e-parent\" data-id=\"7d5cd03\" data-element_type=\"container\" data-e-type=\"container\">\n\t\t\t\t\t<div class=\"e-con-inner\">\n\t\t\t\t<div class=\"elementor-element elementor-element-ce565ac elementor-widget elementor-widget-text-editor\" data-id=\"ce565ac\" data-element_type=\"widget\" data-e-type=\"widget\" data-widget_type=\"text-editor.default\">\n\t\t\t\t<div class=\"elementor-widget-container\">\n\t\t\t\t\t\t\t\t\t<p>La presente Informativa sulla privacy si applica quando si utilizzano i servizi di CAMEL, i nostri siti web e quando ci si mette in contatto con i metodi che mettiamo a disposizione (telefono, chat, e-mail e social media). Attraverso questa informativa, e in linea con il nostro impegno alla trasparenza, vi informiamo sui dati che raccogliamo e su come li utilizziamo.<\/p><p>CAMEL PARK tratta i dati in modo lecito, corretto e trasparente. Trattiamo solo dati adeguati, pertinenti e limitati a quanto necessario per le finalit\u00e0 specifiche, esplicite e legittime per le quali sono stati raccolti, e non li trattiamo per finalit\u00e0 incompatibili con queste.<\/p><p>La presente Informativa \u00e8 costantemente accessibile attraverso il link \"Privacy\" del sito web e pu\u00f2 essere aggiornata in qualsiasi momento, sia a seguito di una modifica normativa, sia a seguito di una modifica della configurazione dei servizi o del tipo di business sviluppato. Eventuali modifiche che comportino cambiamenti nell'erogazione del servizio oggetto del contratto o che richiedano il consenso degli interessati saranno comunicate con un periodo di preavviso di quindici giorni, in modo che gli interessati possano opporsi al trattamento dei loro dati come descritto nella modifica, o in modo che i clienti possano adottare le misure che ritengono appropriate in merito alla modifica comunicata. Se, trascorso il periodo previsto, l'utente accede nuovamente ai propri servizi o non comunica la propria obiezione, le nuove condizioni si riterranno accettate.<\/p><hr \/><p>\u00a0<\/p><h3><b>Chi \u00e8 il Titolare del trattamento?<\/b><\/h3><p>\u00a0<\/p><ul><li><p><b>Nome:<\/b> Samantha Jayne Lopez Lynch<\/p><\/li><li><p><b>N.I.F:<\/b> 43358910T<\/p><\/li><li><p><b>Azienda:<\/b> Aquikaguaya S.L.<\/p><\/li><li><p><b>CIF:<\/b> B76785633<\/p><\/li><li><p><b>Indirizzo postale:<\/b> Ctra. Gral. s\/n Los Cristianos-La Camella. Arona . Tenerife, 38627 La Camella, Arona, Santa Cruz de Tenerife<\/p><\/li><li><p><b>Telefono\/i:<\/b> 922 72 11 21<\/p><\/li><li><p><b>E-mail:<\/b> cameluspark@gmail.com<\/p><\/li><li><p><b>Sito web:<\/b> <a class=\"ng-star-inserted\" href=\"https:\/\/camelpark.es\/it\/\" target=\"_blank\" rel=\"noopener\">https:\/\/camelpark.es<\/a><\/p><\/li><\/ul><hr \/><p>\u00a0<\/p><h3><b>Per quale scopo trattiamo i dati?<\/b><\/h3><p>\u00a0<\/p><p>Per accedere e\/o navigare nel sito web di CAMEL PARK non \u00e8 necessario fornire alcun dato. La natura obbligatoria della risposta a domande o dati richiesti attraverso il sito web \u00e8 indicata da un asterisco (*) accanto alla domanda o al campo del modulo. In caso di mancato conferimento dei dati richiesti, non sar\u00e0 possibile fornire il servizio o la funzionalit\u00e0 richiesta.<\/p><p>CAMEL PARK non tratta i dati dei minori in nessun caso, come la registrazione come utente e la contrattazione di servizi attraverso il sito web. <a class=\"ng-star-inserted\" href=\"https:\/\/camelpark.es\/it\/\" target=\"_blank\" rel=\"noopener\">https:\/\/camelpark.es<\/a> \u00e8 consentito solo agli adulti con piena capacit\u00e0 di agire.<\/p><p>CAMEL PARK tratta le informazioni registrate in base alle seguenti finalit\u00e0:<\/p><ul><li><p><b>Clienti:<\/b> I dati forniti al momento della registrazione dell'utente, raccolti attraverso uno qualsiasi dei mezzi o canali di contatto individuati sul sito (incluse chat o telefonate), e raccolti attraverso i servizi di CAMEL PARK, sono utilizzati per gestire l'account dell'utente e i servizi contrattati, sia a livello tecnico che contabile, fiscale, <span class=\"citation-771 citation-end-771\">e amministrativo, e\/o per notificare loro incidenti o qualsiasi informazione di interesse sui loro servizi. A tal fine, e nel rispetto delle norme fiscali e di protezione dei dati, i dati di fatturazione forniti dagli utenti <\/span>viene verificata consultando il servizio di qualit\u00e0 dei dati dell'amministrazione fiscale e i dati inesatti vengono rettificati. La base giuridica del trattamento \u00e8 la fornitura del servizio o l'esecuzione del contratto.<\/p><div class=\"source-inline-chip-container ng-star-inserted\">\u00a0<\/div><\/li><li><p><b>Promozioni:<\/b> CAMEL PARK utilizza i dati di contatto forniti dagli utenti per inviare loro, per via elettronica o con altri mezzi, informazioni sui miglioramenti in corso di attuazione nei servizi da loro contrattati e per tenerli informati sulle novit\u00e0 che potrebbero interessarli (offerte e promozioni), ovvero per finalit\u00e0 di marketing diretto. CAMEL PARK si oppone rigorosamente allo spamming: \u00e8 l'utente che decide - e autorizza - a ricevere o meno questo tipo di comunicazioni, registrandosi come utente sul sito di CAMEL PARK. <a class=\"ng-star-inserted\" href=\"https:\/\/camelpark.es\/it\/\" target=\"_blank\" rel=\"noopener\">https:\/\/camelpark.es<\/a> e, quindi, accettando la presente Informativa, oppure richiedendo questo tipo di informazioni attraverso una qualsiasi delle modalit\u00e0 di contatto previste sul sito web. La base giuridica del trattamento \u00e8 il consenso.<\/p><\/li><li><p><b>Dati sul traffico e sulla posizione:<\/b> CAMEL PARK conserva i dati generati nell'ambito della fornitura di servizi di comunicazione elettronica, mettendoli a disposizione delle autorit\u00e0 competenti, in conformit\u00e0 alla Legge 25\/2007 del 18 ottobre. Questi dati non vengono utilizzati per scopi di promozione commerciale. La base giuridica del trattamento \u00e8 il rispetto di un obbligo di legge.<\/p><\/li><li><p><b>Candidati:<\/b> I dati forniti da coloro che sono interessati a lavorare al CAMEL PARK sono utilizzati nei processi di selezione dei dipendenti da noi condotti. La base giuridica del trattamento \u00e8 il consenso.<\/p><\/li><li><p><b>Abuso:<\/b> I dati forniti al momento della segnalazione di un reclamo vengono utilizzati per analizzare il caso, fornire la relativa risposta e dimostrare la conformit\u00e0 agli obblighi associati alla sua gestione, nonch\u00e9 per la difesa in caso di potenziali reclami. La base giuridica del trattamento \u00e8 il consenso.<\/p><\/li><li><p><b>Contatto:<\/b> I dati ricevuti attraverso uno dei mezzi e\/o canali di contatto indicati sul sito web sono utilizzati per contattare e\/o gestire la richiesta o l'incidente comunicato. Le chiamate possono essere registrate per migliorare la qualit\u00e0 dei servizi e per motivi di sicurezza per verificare le istruzioni ricevute o le informazioni fornite. La base giuridica del trattamento \u00e8 la fornitura del servizio o l'esecuzione del contratto, nonch\u00e9 il legittimo interesse di CAMEL PARK.<\/p><\/li><li><p><b>Pubblicazione automatizzata sui social media:<\/b> Gli utenti che utilizzano il servizio di pubblicazione automatica sui social media devono fornire le proprie credenziali di accesso (nome utente\/indirizzo e-mail e password) a tali reti. Tali credenziali vengono utilizzate al solo scopo di pubblicare i contenuti forniti dagli utenti a loro nome. Tali contenuti devono essere conformi sia alla normativa vigente sia alle condizioni d'uso dei social network stessi. La base giuridica del trattamento \u00e8 la fornitura di un servizio.<\/p><\/li><li><p><b>Attivit\u00e0 promozionali sui social media:<\/b> I dati dei partecipanti ad azioni promozionali attraverso i social media vengono trattati al solo scopo di svolgere la corrispondente attivit\u00e0 promozionale, lotteria o concorso, nonch\u00e9 di consegnare il premio corrispondente, se applicabile. La base giuridica del trattamento \u00e8 il consenso.<\/p><\/li><li><p><b>Sicurezza:<\/b> I registri di controllo dei sistemi informativi e delle reti di CAMEL PARK sono conservati per mantenere la sicurezza delle reti, dell'infrastruttura tecnica e dei servizi e per individuare o prevenire un uso abusivo o fraudolento dei servizi. La base giuridica del trattamento \u00e8 il legittimo interesse di CAMEL PARK.<\/p><\/li><li><p><b><i>Gestione dei tag e analisi:<\/i><\/b> <i>Utilizziamo Google Tag Manager per gestire i tag e gli script sul nostro sito web. Questo strumento ci permette di controllare la distribuzione di vari servizi e tecnologie di tracciamento per comprendere meglio il comportamento degli utenti e migliorare le prestazioni del nostro sito web. Google Tag Manager non raccoglie dati personali. La base giuridica per il trattamento dei dati attraverso i tag da noi gestiti si basa sul nostro legittimo interesse a migliorare i nostri servizi e, ove applicabile, sul vostro consenso.<\/i><\/p><\/li><\/ul><hr \/><p>\u00a0<\/p><h3><b>Biscotti<\/b><\/h3><p>\u00a0<\/p><p>Se lasciate un commento sul nostro sito, potete scegliere di salvare il vostro nome, indirizzo e-mail e sito web nei cookie. Questo per comodit\u00e0, in modo che non dobbiate inserire nuovamente i vostri dati quando lasciate un altro commento. Questi cookie durano un anno.<\/p><p>Se avete un account e accedete a questo sito, imposteremo un cookie temporaneo per determinare se il vostro browser accetta i cookie. Questo cookie non contiene dati personali e viene cancellato quando si chiude il browser.<\/p><p>Quando si accede, vengono impostati anche diversi cookie per salvare le informazioni di accesso e le opzioni di visualizzazione dello schermo. I cookie di accesso durano due giorni, mentre quelli relativi alle opzioni dello schermo durano un anno. Se selezionate \"Ricordami\", il vostro login rimarr\u00e0 attivo per due settimane. Se si esce dal proprio account, i cookie di accesso verranno rimossi.<\/p><p>Se modificate o pubblicate un articolo, nel vostro browser verr\u00e0 salvato un ulteriore cookie. Questo cookie non contiene dati personali e indica semplicemente l'ID dell'articolo appena modificato. Scade dopo 1 giorno.<\/p><p>CAMEL PARK utilizza cookie anonimi che non forniscono riferimenti che consentano di dedurre i dati personali dei visitatori. Gli unici cookie non anonimi, cio\u00e8 che consentono l'identificazione dell'utente, sono quelli che l'utente attiva volontariamente quando accede all'\"Area Clienti\" del sito. Questi cookie memorizzano il nome utente sul terminale dell'utente, nonch\u00e9 un hash del nome utente e della password, per quindici giorni, al solo scopo di facilitare l'accesso alle aree riservate senza la necessit\u00e0 di inserire manualmente ogni volta le credenziali di accesso. Per conoscere la nostra politica di installazione e gestione dei dispositivi di archiviazione e recupero dei dati sulle apparecchiature terminali, si prega di fare riferimento al nostro sito web <b>Informativa sui cookie<\/b>.<\/p><p>CAMEL PARK tratter\u00e0 i dati personali forniti dagli utenti solo in conformit\u00e0 alle finalit\u00e0 descritte nella presente Informativa e nelle Condizioni generali di contratto per i servizi contrattati dagli utenti.<\/p><p>Gli utenti sono informati del trattamento dei loro dati nei termini sopra indicati accettando la presente Informativa sulla privacy al momento della registrazione come utente di CAMEL PARK, o al momento della contrattazione di un servizio specifico che richiede tale trattamento in conformit\u00e0 alle corrispondenti Condizioni generali di contratto.<\/p><p>Gli utenti devono astenersi dal fornire dati personali di altri soggetti, a meno che non dispongano della relativa autorizzazione, in base alla quale tali soggetti sono stati preventivamente e adeguatamente informati del contenuto della presente Informativa sulla privacy e, in particolare, acconsentono a che i loro dati siano forniti a CAMEL PARK per il trattamento in conformit\u00e0 con le relative finalit\u00e0.<\/p><hr \/><p>\u00a0<\/p><h3><b>Contenuti incorporati da altri siti web<\/b><\/h3><p>\u00a0<\/p><p>Gli articoli di questo sito possono includere contenuti incorporati (ad esempio, video, immagini, articoli, ecc.). I contenuti incorporati provenienti da altri siti web si comportano esattamente come se il visitatore avesse visitato l'altro sito web.<\/p><p>Questi siti web possono raccogliere dati sull'utente, utilizzare cookie, incorporare un ulteriore tracciamento di terze parti e monitorare l'interazione dell'utente con il contenuto incorporato, compreso il tracciamento dell'interazione dell'utente con il contenuto incorporato se dispone di un account e ha effettuato l'accesso al sito web in questione.<\/p><hr \/><p>\u00a0<\/p><h3><b>Per quanto tempo conserviamo i dati?<\/b><\/h3><p>\u00a0<\/p><p>Nel rispetto del principio di limitazione della conservazione, i dati raccolti saranno trattati solo ed esclusivamente per il tempo necessario e per le finalit\u00e0 per cui sono stati raccolti in un determinato momento.<\/p><p>Se si lascia un commento, il commento e i suoi metadati vengono conservati a tempo indeterminato. In questo modo possiamo riconoscere e approvare automaticamente eventuali commenti successivi, invece di tenere in sospeso <span class=\"citation-770 citation-end-770\">in una coda di moderazione.<\/span><\/p><div class=\"source-inline-chip-container ng-star-inserted\">\u00a0<\/div><p><span class=\"citation-769 citation-end-769\">Per gli utenti che si registrano sul nostro sito web (se presenti), memorizziamo anche le informazioni personali fornite nel loro profilo utente. Tutti gli utenti possono visualizzare, modificare o cancellare le proprie informazioni personali in qualsiasi momento (<\/span>tranne che per il fatto che non possono cambiare il loro nome utente). Anche gli amministratori del sito web possono vedere e modificare queste informazioni.<\/p><div class=\"source-inline-chip-container ng-star-inserted\">\u00a0<\/div><p>CAMEL PARK ha stabilito diversi periodi di conservazione a seconda del tipo di dati e delle finalit\u00e0 di trattamento applicabili. I periodi applicabili, a meno che non sia specificato un periodo diverso nelle Condizioni Generali di Contratto per il servizio corrispondente, saranno:<\/p><ul><li><p><b>Clienti:<\/b> I dati saranno conservati per la durata del rapporto contrattuale, pi\u00f9 un ulteriore periodo massimo di 10 anni dopo la fine del contratto, in applicazione della normativa civile, commerciale e fiscale.<\/p><\/li><li><p><b>Promozioni:<\/b> I dati saranno trattati per tutta la durata del rapporto contrattuale fino a quando l'interessato non si opporr\u00e0 o non ritirer\u00e0 il consenso.<\/p><\/li><li><p><b>Dati sul traffico e sulla posizione:<\/b> I dati saranno conservati per un periodo di 12 mesi.<\/p><\/li><li><p><b>Contatto:<\/b> I dati saranno conservati per 24 mesi, a meno che non debbano essere bloccati per la formulazione, l'esercizio o la difesa di reclami.<\/p><\/li><li><p><b>Pubblicazione automatizzata sui social media:<\/b> I dati saranno trattati finch\u00e9 l'utente non disattiver\u00e0 la funzionalit\u00e0.<\/p><\/li><li><p><b>Attivit\u00e0 promozionali sui social media:<\/b> I dati saranno conservati per 12 mesi, a meno che non debbano essere bloccati per la formulazione, l'esercizio o la difesa di reclami.<\/p><\/li><li><p><b>Sicurezza:<\/b> I dati saranno conservati per 5 anni, a meno che non debbano essere bloccati per la formulazione, l'esercizio o la difesa di rivendicazioni.<\/p><\/li><\/ul><hr \/><p>\u00a0<\/p><h3><b>A chi saranno comunicati i dati?<\/b><\/h3><p>\u00a0<\/p><p>CAMEL PARK non comunica i dati personali a terzi, salvo che la legge non disponga diversamente o che ci\u00f2 sia necessario per l'erogazione del servizio oggetto del contratto.<\/p><p>CAMEL PARK potr\u00e0 comunicare i dati personali alle autorit\u00e0 competenti: fiscali e doganali, giudiziarie, forze di sicurezza dello Stato, e ad ogni altro destinatario che si renda applicabile in base alla normativa vigente.<\/p><p>Per quanto riguarda le comunicazioni necessarie per l'erogazione del servizio oggetto del contratto, i dati essenziali saranno comunicati per gestire la richiesta dell'utente e fornire i servizi oggetto del contratto. Le modalit\u00e0 di comunicazione di tali dati e l'identit\u00e0 o la categoria dei destinatari saranno indicate nelle corrispondenti Condizioni Generali di Contratto. In ogni caso, a seconda della modalit\u00e0 di pagamento prescelta, sar\u00e0 necessario comunicare i relativi dati a soggetti finanziari e bancari per procedere all'incasso dei servizi.<\/p><hr \/><p>\u00a0<\/p><h3><b>Commenti<\/b><\/h3><p>\u00a0<\/p><p>Quando i visitatori lasciano commenti sul sito web, raccogliamo i dati mostrati nel modulo dei commenti, nonch\u00e9 l'indirizzo IP del visitatore e la stringa dell'user agent del browser per contribuire al rilevamento dello spam.<\/p><p>Una stringa anonima creata dall'indirizzo e-mail dell'utente (chiamata anche hash) pu\u00f2 essere fornita al servizio Gravatar per verificare se l'utente lo sta utilizzando. L'informativa sulla privacy del servizio Gravatar \u00e8 disponibile qui: <a class=\"ng-star-inserted\" href=\"https:\/\/automattic.com\/privacy\/\" target=\"_blank\" rel=\"noopener nofollow\">https:\/\/automattic.com\/privacy\/<\/a>. Dopo l'approvazione del commento, l'immagine del profilo \u00e8 visibile al pubblico nel contesto del commento.<\/p><hr \/><p>\u00a0<\/p><h3><b>Media<\/b><\/h3><p>\u00a0<\/p><p>Se si caricano immagini sul sito web, si dovrebbe evitare di caricare immagini con dati di localizzazione incorporati (EXIF GPS). I visitatori del sito web possono scaricare ed estrarre qualsiasi dato sulla posizione dalle immagini presenti sul sito.<\/p><p>Nel caso in cui l'utente lasci un commento o interagisca socialmente con il sito <a class=\"ng-star-inserted\" href=\"https:\/\/camelpark.es\/it\/\" target=\"_blank\" rel=\"noopener\">https:\/\/camelpark.es<\/a> sito web o sui social network dove \u00e8 presente, devono essere consapevoli che i loro dati saranno <span class=\"citation-768 citation-end-768\">saranno pubblicati nell'ambiente in cui agiscono, cio\u00e8 autorizzeranno espressamente la comunicazione dei loro dati - associati all'azione che compiono - al resto degli utenti che accedono al sito web o al social network.<\/span><\/p><div class=\"source-inline-chip-container ng-star-inserted\">\u00a0<\/div><p><span class=\"citation-767 citation-end-767\">Il<\/span> I dati che trattiamo sono conservati solo nelle nostre strutture o in quelle dei nostri fornitori di servizi.<\/p><div class=\"source-inline-chip-container ng-star-inserted\">\u00a0<\/div><hr \/><p>\u00a0<\/p><h3><b>Contenuti incorporati da altri siti web<\/b><\/h3><p>\u00a0<\/p><p>Gli articoli di questo sito possono includere contenuti incorporati (ad esempio, video, immagini, articoli, ecc.). I contenuti incorporati provenienti da altri siti web si comportano esattamente come se il visitatore avesse visitato l'altro sito web.<\/p><p>Questi siti web possono raccogliere dati sull'utente, utilizzare cookie, incorporare un ulteriore tracciamento di terze parti e monitorare l'interazione dell'utente con il contenuto incorporato, compreso il tracciamento dell'interazione dell'utente con il contenuto incorporato se dispone di un account e ha effettuato l'accesso al sito web in questione.<\/p><hr \/><p>\u00a0<\/p><h3><b>Quali sono i vostri diritti in merito ai vostri dati?<\/b><\/h3><p>\u00a0<\/p><ul><li><p>Avete il diritto di ottenere la conferma che stiamo trattando o meno i dati personali che vi riguardano, di accedere ai vostri dati personali e di richiedere la rettifica di dati inesatti o il completamento di dati incompleti.<\/p><\/li><li><p>L'utente ha inoltre il diritto di richiedere la cancellazione dei propri dati quando, tra le altre ragioni, i dati non sono pi\u00f9 necessari per gli scopi per cui sono stati raccolti. CAMEL PARK proceder\u00e0 senza indugio alla loro cancellazione, a meno che non sia necessario conservarli in <span class=\"citation-766 citation-end-766\">l'adempimento di un obbligo legale, o per la formulazione, l'esercizio o la difesa di rivendicazioni.<\/span><\/p><div class=\"source-inline-chip-container ng-star-inserted\">\u00a0<\/div><\/li><li><p><span class=\"citation-765 citation-end-765\">In determinate circostanze, l'utente pu\u00f2 richiedere la limitazione del trattamento dei suoi dati, nel qual caso procureremo<\/span>eed with its blocking and it can only be processed for the formulation, exercise, or defence of claims.<\/p><div class=\"source-inline-chip-container ng-star-inserted\">\u00a0<\/div><\/li><li><p>L'utente ha il diritto, in determinate circostanze, di ricevere i dati personali <span class=\"citation-764 citation-end-764\">i dati che ci avete fornito in un formato strutturato, comunemente utilizzato e leggibile da una macchina.<\/span><\/p><div class=\"source-inline-chip-container ng-star-inserted\">\u00a0<\/div><\/li><li><p><span class=\"citation-763 citation-end-763\">In determinate circostanze e per motivi basati sulla vostra particolare situazione, potrete opporvi al trattamento dei vostri dati<\/span>a. CAMEL PARK cesser\u00e0 di trattarlo, tranne che per motivi legittimi impellenti o per la formulazione, l'esercizio o la difesa di diritti.<\/p><div class=\"source-inline-chip-container ng-star-inserted\">\u00a0<\/div><\/li><li><p>\u00c8 possibile opporsi alla ricezione di comunicazioni commerciali sui nostri prodotti e servizi in qualsiasi momento, comunicandolo via e-mail all'indirizzo camelpark@hotmail.com.<\/p><\/li><\/ul><p>Tutti questi diritti possono essere esercitati in qualsiasi momento inviando una richiesta per posta a CAMEL PARK al seguente indirizzo: Ctra. Gral. s\/n Los Cristianos-La Camella. Arona . Tenerife, 38627 La Camella, Arona, Santa Cruz de Tenerife, oppure inviando un'e-mail all'indirizzo camelpark@hotmail.com. In ogni caso, la richiesta deve essere accompagnata da una copia del documento ufficiale che attesti l'identit\u00e0 dell'interessato.<\/p><p>Nel caso in cui abbiamo richiesto il vostro consenso al trattamento dei dati, potete revocarlo in qualsiasi momento comunicandolo a CAMEL PARK nei termini descritti nel paragrafo precedente. Tale revoca non avr\u00e0 in nessun caso effetto retroattivo.<\/p><p>Se ritenete di non essere stati soddisfatti dell'esercizio dei vostri diritti, potete presentare un reclamo all'Agenzia spagnola per la protezione dei dati, l'autorit\u00e0 di controllo competente per la protezione dei dati, i cui dati di contatto sono: calle Jorge Juan, 6 - 28001 Madrid.<\/p><p>Gli utenti del sito web e dei servizi CAMEL PARK sono responsabili della veridicit\u00e0, dell'attualit\u00e0 e dell'accuratezza dei dati che forniscono a CAMEL PARK e i dati da loro forniti sono considerati veritieri, attuali e accurati. Gli utenti possono modificare i propri dati e le proprie preferenze sul trattamento dei dati forniti attraverso le opzioni di configurazione disponibili nell'\"Area Clienti\". CAMEL PARK adotter\u00e0 le misure necessarie per cancellare e rettificare senza indugio i dati che si rivelino inesatti rispetto alle finalit\u00e0 per le quali sono trattati, non appena verr\u00e0 a conoscenza della loro inesattezza.<\/p>\t\t\t\t\t\t\t\t<\/div>\n\t\t\t\t<\/div>\n\t\t\t\t\t<\/div>\n\t\t\t\t<\/div>\n\t\t\t\t<\/div>","protected":false},"excerpt":{"rendered":"<p>Privacy Policy This Privacy Policy applies when you use the services of CAMEL, our websites, and when you contact us using the methods we provide (telephone, chat, email, and social media). Through this policy, and in line with our commitment to transparency, we inform you about the data we collect and how we use it. [&hellip;]<\/p>\n","protected":false},"author":18,"featured_media":0,"parent":0,"menu_order":0,"comment_status":"closed","ping_status":"closed","template":"","meta":{"_acf_changed":false,"footnotes":""},"class_list":["post-421","page","type-page","status-publish","hentry"],"acf":[],"_links":{"self":[{"href":"https:\/\/camelpark.es\/it\/wp-json\/wp\/v2\/pages\/421","targetHints":{"allow":["GET"]}}],"collection":[{"href":"https:\/\/camelpark.es\/it\/wp-json\/wp\/v2\/pages"}],"about":[{"href":"https:\/\/camelpark.es\/it\/wp-json\/wp\/v2\/types\/page"}],"author":[{"embeddable":true,"href":"https:\/\/camelpark.es\/it\/wp-json\/wp\/v2\/users\/18"}],"replies":[{"embeddable":true,"href":"https:\/\/camelpark.es\/it\/wp-json\/wp\/v2\/comments?post=421"}],"version-history":[{"count":5,"href":"https:\/\/camelpark.es\/it\/wp-json\/wp\/v2\/pages\/421\/revisions"}],"predecessor-version":[{"id":2114,"href":"https:\/\/camelpark.es\/it\/wp-json\/wp\/v2\/pages\/421\/revisions\/2114"}],"wp:attachment":[{"href":"https:\/\/camelpark.es\/it\/wp-json\/wp\/v2\/media?parent=421"}],"curies":[{"name":"wp","href":"https:\/\/api.w.org\/{rel}","templated":true}]}}