{"id":423,"date":"2024-09-02T19:33:05","date_gmt":"2024-09-02T18:33:05","guid":{"rendered":"https:\/\/base.thebluegrow.com\/?page_id=423"},"modified":"2025-08-06T12:49:01","modified_gmt":"2025-08-06T11:49:01","slug":"legale","status":"publish","type":"page","link":"https:\/\/camelpark.es\/it\/legale\/","title":{"rendered":"Avviso legale"},"content":{"rendered":"<div data-elementor-type=\"wp-page\" data-elementor-id=\"423\" class=\"elementor elementor-423\" data-elementor-post-type=\"page\">\n\t\t\t\t<div class=\"elementor-element elementor-element-9a7e071 e-flex e-con-boxed e-con e-parent\" data-id=\"9a7e071\" data-element_type=\"container\" data-e-type=\"container\" data-settings=\"{&quot;background_background&quot;:&quot;classic&quot;}\">\n\t\t\t\t\t<div class=\"e-con-inner\">\n\t\t\t\t<div class=\"elementor-element elementor-element-5c00762 elementor-widget elementor-widget-heading\" data-id=\"5c00762\" data-element_type=\"widget\" data-e-type=\"widget\" data-widget_type=\"heading.default\">\n\t\t\t\t<div class=\"elementor-widget-container\">\n\t\t\t\t\t<h1 class=\"elementor-heading-title elementor-size-default\">Avviso legale<\/h1>\t\t\t\t<\/div>\n\t\t\t\t<\/div>\n\t\t\t\t\t<\/div>\n\t\t\t\t<\/div>\n\t\t<div class=\"elementor-element elementor-element-1faf54c e-flex e-con-boxed e-con e-parent\" data-id=\"1faf54c\" data-element_type=\"container\" data-e-type=\"container\">\n\t\t\t\t\t<div class=\"e-con-inner\">\n\t\t\t\t<div class=\"elementor-element elementor-element-797fd921 elementor-widget elementor-widget-text-editor\" data-id=\"797fd921\" data-element_type=\"widget\" data-e-type=\"widget\" data-widget_type=\"text-editor.default\">\n\t\t\t\t<div class=\"elementor-widget-container\">\n\t\t\t\t\t\t\t\t\t\n<h3 data-start=\"161\" data-end=\"186\">1. Propriet\u00e0 del dominio<\/h3>\n<p data-start=\"187\" data-end=\"480\">In conformit\u00e0 con l'articolo 10 della Legge 34\/2002, dell'11 luglio, sui Servizi della Societ\u00e0 dell'Informazione e del Commercio Elettronico (LSSI-CE), le seguenti informazioni sono fornite in modo esplicito, preciso e inequivocabile agli utenti e alle autorit\u00e0 competenti in merito al fornitore di servizi della societ\u00e0 dell'informazione:<\/p>\n<p data-start=\"482\" data-end=\"872\"><strong data-start=\"482\" data-end=\"491\">Nome:<\/strong> Samantha Jayne Lopez Lynch<br data-start=\"518\" data-end=\"521\" \/><strong data-start=\"521\" data-end=\"531\">N.I.F:<\/strong> 43358910T<br data-start=\"541\" data-end=\"544\" \/><strong data-start=\"544\" data-end=\"556\">Azienda:<\/strong> Aquikaguaya S.L.<br data-start=\"573\" data-end=\"576\" \/><strong data-start=\"576\" data-end=\"584\">CIF:<\/strong> B76785633<br data-start=\"594\" data-end=\"597\" \/><strong data-start=\"597\" data-end=\"619\">Attivit\u00e0 commerciale:<\/strong><br data-start=\"619\" data-end=\"622\" \/><strong data-start=\"622\" data-end=\"647\">Indirizzo professionale:<\/strong> Ctra. Gral. s\/n Los Cristianos-La Camella. Arona. Tenerife, 38627 La Camella, Arona, Santa Cruz de Tenerife<br data-start=\"755\" data-end=\"758\" \/><strong data-start=\"758\" data-end=\"778\">Numero\/i di telefono:<\/strong> 922721121<br data-start=\"788\" data-end=\"791\" \/><strong data-start=\"791\" data-end=\"809\">Indirizzo e-mail:<\/strong> <a class=\"cursor-pointer\" rel=\"noopener\" data-start=\"810\" data-end=\"836\">cameluspark@gmail.com<\/a><br data-start=\"836\" data-end=\"839\" \/><strong data-start=\"839\" data-end=\"851\">Sito web:<\/strong> <a class=\"\" href=\"https:\/\/camelpark.es\/it\/\" target=\"_new\" rel=\"noopener\" data-start=\"852\" data-end=\"872\">https:\/\/camelpark.es<\/a><\/p>\n<hr data-start=\"874\" data-end=\"877\" \/>\n<h3 data-start=\"879\" data-end=\"908\">2. Termini e condizioni<\/h3>\n<p data-start=\"909\" data-end=\"1199\">L'utente accede volontariamente a questo sito web. L'accesso e la navigazione in questo sito web implicano l'accettazione e la conoscenza delle note legali, delle condizioni e dei termini di utilizzo qui contenuti. Il semplice accesso non implica l'instaurazione di alcun rapporto commerciale tra CAMEL PARK e l'utente.<\/p>\n<p data-start=\"1201\" data-end=\"1549\">L'Avviso Legale e\/o i Termini dei servizi forniti attraverso questo sito web possono essere modificati in qualsiasi momento, quando ritenuto opportuno da CAMEL PARK o per conformarsi a futuri cambiamenti legali o tecnologici. Tali modifiche saranno adeguatamente notificate ed entreranno in vigore a partire dalla loro pubblicazione su questo sito web, salvo diversa indicazione.<\/p>\n<p data-start=\"1551\" data-end=\"1894\">CAMEL PARK si riserva il diritto di sospendere o cancellare l'accesso nel caso in cui il sito venga utilizzato per violare una qualsiasi legge applicabile o le comuni norme di utilizzo di Internet, o nel caso in cui il suo dominio venga utilizzato in relazione ad attivit\u00e0 illegali, cos\u00ec come nel caso in cui riceva una comunicazione in tal senso da parte di un'autorit\u00e0 competente o in qualsiasi altro caso previsto dalla normativa vigente.<\/p>\n<hr data-start=\"1896\" data-end=\"1899\" \/>\n<h3 data-start=\"1901\" data-end=\"1917\">3. Contenuto<\/h3>\n<p data-start=\"1918\" data-end=\"2246\">CAMEL PARK si impegna al massimo per evitare errori nei contenuti pubblicati sul sito. Tutti i contenuti sono aggiornati e CAMEL PARK si riserva il diritto di modificarli in qualsiasi momento. CAMEL PARK non \u00e8 responsabile delle conseguenze che possono derivare da errori nei contenuti forniti da terzi che possono apparire su questo sito.<\/p>\n<hr data-start=\"2248\" data-end=\"2251\" \/>\n<h3 data-start=\"2253\" data-end=\"2285\">4. Limitazione di responsabilit\u00e0<\/h3>\n<p data-start=\"2286\" data-end=\"2356\">CAMEL PARK non sar\u00e0 ritenuto responsabile per, incluso ma non limitato a:<\/p>\n<ul data-start=\"2358\" data-end=\"2801\">\n<li data-start=\"2358\" data-end=\"2465\">\n<p data-start=\"2360\" data-end=\"2465\">La qualit\u00e0 del servizio, la velocit\u00e0 di accesso, il corretto funzionamento, la disponibilit\u00e0 o la continuit\u00e0 del sito web.<\/p>\n<\/li>\n<li data-start=\"2466\" data-end=\"2539\">\n<p data-start=\"2468\" data-end=\"2539\">Qualsiasi danno ai dispositivi dell'utente derivante dall'uso del Sito.<\/p>\n<\/li>\n<li data-start=\"2540\" data-end=\"2643\">\n<p data-start=\"2542\" data-end=\"2643\">Eventuali difetti o imperfezioni di qualsiasi tipo nei contenuti trasmessi, diffusi, archiviati o resi disponibili.<\/p>\n<\/li>\n<li data-start=\"2644\" data-end=\"2801\">\n<p data-start=\"2646\" data-end=\"2801\">Non controlla n\u00e9 garantisce l'assenza di virus o altri elementi dannosi nei contenuti o nei servizi forniti da terzi attraverso il sito web.<\/p>\n<\/li>\n<\/ul>\n<p data-start=\"2803\" data-end=\"3128\">CAMEL PARK non \u00e8 responsabile del contenuto dei siti web collegati dalla propria pagina. Non \u00e8 nemmeno responsabile di eventuali danni o perdite che possono derivare dal collegamento o dall'utilizzo di qualsiasi contenuto, prodotto o servizio disponibile sui siti web collegati. CAMEL PARK non pu\u00f2 garantire la disponibilit\u00e0 o il corretto funzionamento dei link ad altri siti web.<\/p>\n<hr data-start=\"3130\" data-end=\"3133\" \/>\n<h3 data-start=\"3135\" data-end=\"3180\">5. Propriet\u00e0 intellettuale e industriale<\/h3>\n<p data-start=\"3181\" data-end=\"3670\">Questo sito web e il suo contenuto sono protetti dalle leggi vigenti sulla propriet\u00e0 intellettuale. \u00c8 vietato modificare, copiare, riprodurre, scaricare, trasmettere, distribuire o trasformare il contenuto del sito senza l'autorizzazione del titolare dei diritti o nei casi consentiti dalla legge. L'accesso al sito non conferisce in alcun modo agli utenti diritti di propriet\u00e0 sui contenuti visualizzati. L'uso - appropriato o inappropriato - di questo sito e dei suoi contenuti \u00e8 di esclusiva responsabilit\u00e0 dell'utente.<\/p>\n<hr data-start=\"3672\" data-end=\"3675\" \/>\n<h3 data-start=\"3677\" data-end=\"3707\">6. Navigazione e sicurezza<\/h3>\n<p data-start=\"3708\" data-end=\"3927\">Questo sito web utilizza un certificato SSL (Secure Socket Layer) supportato da VeriSign, identificato sul sito con il sigillo VeriSign Secured\u2122, per garantire la sicurezza della trasmissione dei dati tra il vostro browser e il nostro sito web.<\/p>\n<p data-start=\"3929\" data-end=\"4149\">Il server sicuro stabilisce una connessione in modo che le informazioni vengano trasmesse in modo criptato utilizzando algoritmi a 128 bit, garantendo che siano comprensibili solo al dispositivo del cliente e al server del sito web. L'uso di SSL garantisce:<\/p>\n<ul data-start=\"4151\" data-end=\"4378\">\n<li data-start=\"4151\" data-end=\"4242\">\n<p data-start=\"4153\" data-end=\"4242\">Che il Cliente sta comunicando i propri dati al server del Sito Web e non ad altri.<\/p>\n<\/li>\n<li data-start=\"4243\" data-end=\"4378\">\n<p data-start=\"4245\" data-end=\"4378\">I dati trasmessi tra il Cliente e il Sito Web sono crittografati e non possono essere letti o manipolati da terzi.<\/p>\n<\/li>\n<\/ul>\n<p data-start=\"4380\" data-end=\"4618\">Inoltre, La Natural dichiara di non accedere o memorizzare dati sensibili relativi al metodo di pagamento utilizzato dal Cliente. Solo l'ente preposto all'elaborazione dei pagamenti ha accesso a tali dati ai fini della gestione delle transazioni.<\/p>\n<p data-start=\"4620\" data-end=\"4828\">Per verificare di trovarsi in un ambiente sicuro, il Cliente deve controllare che l'indirizzo del sito web inizi con \"https:\/\/\". Un sito web sicuro pu\u00f2 essere identificato anche dalla presenza dell'icona di un lucchetto nella barra degli indirizzi.<\/p>\n<p data-start=\"4830\" data-end=\"4944\">Infine, la presenza del certificato SSL pu\u00f2 essere verificata controllando le propriet\u00e0 del sito web nel browser.<\/p>\n<hr data-start=\"4946\" data-end=\"4949\" \/>\n<h3 data-start=\"4951\" data-end=\"4974\">7. Legge applicabile<\/h3>\n<p data-start=\"4975\" data-end=\"5103\">I termini e le condizioni che regolano questo sito web, cos\u00ec come qualsiasi rapporto correlato, sono protetti e soggetti alla legge spagnola.<\/p>\n\t\t\t\t\t\t\t\t<\/div>\n\t\t\t\t<\/div>\n\t\t\t\t\t<\/div>\n\t\t\t\t<\/div>\n\t\t\t\t<\/div>","protected":false},"excerpt":{"rendered":"<p>Legal Notice 1. Domain Ownership In compliance with Article 10 of Law 34\/2002, of July 11, on Information Society Services and Electronic Commerce (LSSI-CE), the following information is expressly, precisely, and unequivocally provided to users and competent authorities regarding the provider of information society services: Name: Samantha Jayne Lopez LynchN.I.F: 43358910TCompany: Aquikaguaya S.L.CIF: B76785633Business Activity:Professional [&hellip;]<\/p>\n","protected":false},"author":18,"featured_media":0,"parent":0,"menu_order":0,"comment_status":"closed","ping_status":"closed","template":"","meta":{"_acf_changed":false,"footnotes":""},"class_list":["post-423","page","type-page","status-publish","hentry"],"acf":[],"_links":{"self":[{"href":"https:\/\/camelpark.es\/it\/wp-json\/wp\/v2\/pages\/423","targetHints":{"allow":["GET"]}}],"collection":[{"href":"https:\/\/camelpark.es\/it\/wp-json\/wp\/v2\/pages"}],"about":[{"href":"https:\/\/camelpark.es\/it\/wp-json\/wp\/v2\/types\/page"}],"author":[{"embeddable":true,"href":"https:\/\/camelpark.es\/it\/wp-json\/wp\/v2\/users\/18"}],"replies":[{"embeddable":true,"href":"https:\/\/camelpark.es\/it\/wp-json\/wp\/v2\/comments?post=423"}],"version-history":[{"count":5,"href":"https:\/\/camelpark.es\/it\/wp-json\/wp\/v2\/pages\/423\/revisions"}],"predecessor-version":[{"id":2041,"href":"https:\/\/camelpark.es\/it\/wp-json\/wp\/v2\/pages\/423\/revisions\/2041"}],"wp:attachment":[{"href":"https:\/\/camelpark.es\/it\/wp-json\/wp\/v2\/media?parent=423"}],"curies":[{"name":"wp","href":"https:\/\/api.w.org\/{rel}","templated":true}]}}